{"id":20173,"date":"2024-02-10T14:44:19","date_gmt":"2024-02-10T14:44:19","guid":{"rendered":"https:\/\/deliceland.com\/helva-deneme-urun\/"},"modified":"2024-02-13T13:25:57","modified_gmt":"2024-02-13T13:25:57","slug":"helva-geleneksel","status":"publish","type":"product","link":"https:\/\/deliceland.com\/tr\/helva-geleneksel\/","title":{"rendered":"Geleneksel Helva"},"content":{"rendered":"<p>Geleneksel Helva, sadeli\u011fi sevenler i\u00e7in temellere geri d\u00f6n\u00fcyor. Bu geleneksel helvaya hi\u00e7bir aroma eklenmemi\u015ftir ve sizi do\u011frudan \u00e7ocuklu\u011funuza g\u00f6t\u00fcrecek geleneksel helva tarifimiz kullan\u0131larak yap\u0131lm\u0131\u015ft\u0131r. T\u00fcm favori tariflerinizde kullanabilir ve onu gizli malzemeniz haline getirebilirsiniz.<\/p>\n<p>Deliceland Geleneksel Helva, koruyucu madde i\u00e7ermeyen sa\u011fl\u0131kl\u0131, y\u00fcksek kaliteli malzemelerden elle yap\u0131l\u0131r. Hi\u00e7 \u015f\u00fcphesiz d\u00fcnyan\u0131n en iyi helvalar\u0131ndan biridir.<\/p>\n<p><strong>\u0130\u00e7indekiler :<\/strong> Susam ezmesi %53 (Tahin), \u015eeker, Glikoz, Saponaria \u00f6z\u00fc, Tuz.<br \/>\n<strong>\u0130\u00e7erebilir :<\/strong> Badem, F\u0131nd\u0131k, Hindistan Cevizi, Antep F\u0131st\u0131\u011f\u0131, Kaju, Pekan, Macadamia, Soya, Yer F\u0131st\u0131\u011f\u0131.<\/p>\n","protected":false},"excerpt":{"rendered":"<p>Do\u011fu tatl\u0131lar\u0131n\u0131n en \u00f6zl\u00fcs\u00fc olan helva, T\u00fcrk mutfak geleneklerinin kalbine do\u011fru bir lezzet yolculu\u011funa davet ediyor.<\/p>\n","protected":false},"featured_media":20194,"comment_status":"open","ping_status":"closed","template":"","meta":[],"product_brand":[],"product_cat":[359],"product_tag":[],"class_list":{"0":"post-20173","1":"product","2":"type-product","3":"status-publish","4":"has-post-thumbnail","6":"product_cat-helva","7":"pa_grammage-1200gr-tr","8":"pa_grammage-300gr-tr","9":"pa_grammage-600gr-tr","10":"tm-no-options-pxq","12":"first","13":"outofstock","14":"taxable","15":"shipping-taxable","16":"product-type-variable"},"_links":{"self":[{"href":"https:\/\/deliceland.com\/tr\/wp-json\/wp\/v2\/product\/20173","targetHints":{"allow":["GET"]}}],"collection":[{"href":"https:\/\/deliceland.com\/tr\/wp-json\/wp\/v2\/product"}],"about":[{"href":"https:\/\/deliceland.com\/tr\/wp-json\/wp\/v2\/types\/product"}],"replies":[{"embeddable":true,"href":"https:\/\/deliceland.com\/tr\/wp-json\/wp\/v2\/comments?post=20173"}],"wp:featuredmedia":[{"embeddable":true,"href":"https:\/\/deliceland.com\/tr\/wp-json\/wp\/v2\/media\/20194"}],"wp:attachment":[{"href":"https:\/\/deliceland.com\/tr\/wp-json\/wp\/v2\/media?parent=20173"}],"wp:term":[{"taxonomy":"product_brand","embeddable":true,"href":"https:\/\/deliceland.com\/tr\/wp-json\/wp\/v2\/product_brand?post=20173"},{"taxonomy":"product_cat","embeddable":true,"href":"https:\/\/deliceland.com\/tr\/wp-json\/wp\/v2\/product_cat?post=20173"},{"taxonomy":"product_tag","embeddable":true,"href":"https:\/\/deliceland.com\/tr\/wp-json\/wp\/v2\/product_tag?post=20173"}],"curies":[{"name":"wp","href":"https:\/\/api.w.org\/{rel}","templated":true}]}}