{"id":17967,"date":"2023-03-21T15:05:25","date_gmt":"2023-03-21T15:05:25","guid":{"rendered":"https:\/\/deliceland.com\/?post_type=product&#038;p=17967"},"modified":"2023-12-12T13:05:58","modified_gmt":"2023-12-12T13:05:58","slug":"kutu-ozel-ramazan","status":"publish","type":"product","link":"https:\/\/deliceland.com\/tr\/kutu-ozel-ramazan\/","title":{"rendered":"Ramazan \u00d6zel Kutusu"},"content":{"rendered":"<h2>Ramazan Hediye Kutumuz ile Ramazan ay\u0131 i\u00e7in m\u00fckemmel bir hediye verin<\/h2>\n<p>Mehmet Efendi&#8217;nin me\u015fhur T\u00fcrk kahvesinin tad\u0131n\u0131 \u00e7\u0131karmak i\u00e7in \u00f6zenle se\u00e7ilmi\u015f en iyi T\u00fcrk lokumlar\u0131m\u0131zdan olu\u015fan \u00f6zel Ramazan hediye kutumuz &#8220;Ramazan Hediye Kutusu &#8220;nu, kahve fincan\u0131 seti ve geleneksel T\u00fcrk bak\u0131r cezvesi ile birlikte sunmaktan mutluluk duyuyoruz.<\/p>\n<p>Ramazan ay\u0131 d\u00fcnyan\u0131n d\u00f6rt bir yan\u0131ndaki M\u00fcsl\u00fcmanlar i\u00e7in kutsal bir zamand\u0131r ve hediye setimiz bu m\u00fcbarek ay\u0131 kutlamak i\u00e7in m\u00fckemmel bir hediye olarak tasarlanm\u0131\u015ft\u0131r. T\u00fcrk lokumu, Ramazan ay\u0131 boyunca oru\u00e7 tutulan bir g\u00fcn\u00fcn ard\u0131ndan beslenmek i\u00e7in s\u0131kl\u0131kla yenen lezzetli bir tatl\u0131d\u0131r.<\/p>\n<p>Birinci s\u0131n\u0131f T\u00fcrk lokumu se\u00e7kimiz her damak tad\u0131na uygun \u00e7e\u015fitli enfes tatlarda mevcuttur. Ayr\u0131ca, Mehmet Efendi taraf\u0131ndan geleneksel y\u00f6ntemle kavrulan me\u015fhur T\u00fcrk kahvemiz d\u00fcnyan\u0131n en iyi kahvelerinden biri olarak bilinmektedir.<\/p>\n<p>Hediye seti ayr\u0131ca bu \u00f6zel an\u0131 sevdiklerinizle payla\u015fman\u0131z i\u00e7in bir kahve fincan\u0131 seti de i\u00e7eriyor. Geleneksel T\u00fcrk bak\u0131r cezvemiz ise yemek deneyimine otantik bir dokunu\u015f kat\u0131yor.<\/p>\n<p>Ramazan Hediye Kutumuz ile Ramazan ay\u0131 i\u00e7in m\u00fckemmel bir hediye verin. Bu \u00f6zel g\u00fcn\u00fc l\u00fcks ve \u00f6zg\u00fcn bir dokunu\u015fla kutlamak isteyen herkes i\u00e7in m\u00fckemmel bir se\u00e7imdir. \u015eimdi sipari\u015f verin ve \u00f6zenle se\u00e7ilmi\u015f birinci s\u0131n\u0131f T\u00fcrk lokumumuzun, y\u00fcksek kaliteli T\u00fcrk kahvemizin ve geleneksel servis ekipmanlar\u0131m\u0131z\u0131n tad\u0131n\u0131 \u00e7\u0131kar\u0131n.<\/p>\n<h2>En iyi bayram hediyesi, Ramazanda lokum!<\/h2>\n<p>Birisi i\u00e7in bayram hediyesi ar\u0131yorsan\u0131z, lokum m\u00fckemmel bir hediyedir. T\u00fcrk lokum, \u00fclkenin her yerinde bulunabilen ve \u00f6zellikle Ramazan ay\u0131nda pop\u00fcler olan binlerce \u00e7e\u015fidi olan geleneksel bir tatl\u0131 ikram\u0131d\u0131r. D\u00e9liceLand M\u00fcsl\u00fcmanlar ve gayrim\u00fcslimler i\u00e7in hediye kutular\u0131 sunuyor, T\u00fcrk Lokumumuz ile tatil sezonunuzu daha s\u0131cak hale getirin.<\/p>\n<p>Tatiller yakla\u015f\u0131rken, d\u00fcnyan\u0131n her yerinde insanlar sevgilerini ve \u015fefkatlerini g\u00f6stermek i\u00e7in ailelerine ve arkada\u015flar\u0131na hediyeler al\u0131rlar.<\/p>\n","protected":false},"excerpt":{"rendered":"<h4>En iyi bayram hediyesi, Ramazanda lokum!<\/h4>\n<p>\u00d6zel Gurme Kutumuz \u015funlardan olu\u015fmaktad\u0131r:<\/p>\n<p>&#8211; 300 g \u00f6zenle se\u00e7ilmi\u015f birinci s\u0131n\u0131f loukoum<br \/>\n&#8211; 6 adet Antep f\u0131st\u0131kl\u0131 baklava<br \/>\n&#8211; 300g Y\u00fcksek Kaliteli Hurma<br \/>\n&#8211; 250 g geleneksel Mehmet Efendi T\u00fcrk kahvesi<br \/>\n&#8211; 2 Set kahve fincan\u0131<\/p>\n","protected":false},"featured_media":18006,"comment_status":"open","ping_status":"closed","template":"","meta":[],"product_brand":[],"product_cat":[205,338],"product_tag":[],"class_list":{"0":"post-17967","1":"product","2":"type-product","3":"status-publish","4":"has-post-thumbnail","6":"product_cat-hediye-kutulari","7":"product_cat-ramazan","8":"tm-no-options-pxq","10":"first","11":"outofstock","12":"sale","13":"featured","14":"taxable","15":"shipping-taxable","16":"purchasable","17":"product-type-simple"},"_links":{"self":[{"href":"https:\/\/deliceland.com\/tr\/wp-json\/wp\/v2\/product\/17967","targetHints":{"allow":["GET"]}}],"collection":[{"href":"https:\/\/deliceland.com\/tr\/wp-json\/wp\/v2\/product"}],"about":[{"href":"https:\/\/deliceland.com\/tr\/wp-json\/wp\/v2\/types\/product"}],"replies":[{"embeddable":true,"href":"https:\/\/deliceland.com\/tr\/wp-json\/wp\/v2\/comments?post=17967"}],"wp:featuredmedia":[{"embeddable":true,"href":"https:\/\/deliceland.com\/tr\/wp-json\/wp\/v2\/media\/18006"}],"wp:attachment":[{"href":"https:\/\/deliceland.com\/tr\/wp-json\/wp\/v2\/media?parent=17967"}],"wp:term":[{"taxonomy":"product_brand","embeddable":true,"href":"https:\/\/deliceland.com\/tr\/wp-json\/wp\/v2\/product_brand?post=17967"},{"taxonomy":"product_cat","embeddable":true,"href":"https:\/\/deliceland.com\/tr\/wp-json\/wp\/v2\/product_cat?post=17967"},{"taxonomy":"product_tag","embeddable":true,"href":"https:\/\/deliceland.com\/tr\/wp-json\/wp\/v2\/product_tag?post=17967"}],"curies":[{"name":"wp","href":"https:\/\/api.w.org\/{rel}","templated":true}]}}