{"id":16740,"date":"2022-12-12T15:48:59","date_gmt":"2022-12-12T15:48:59","guid":{"rendered":"https:\/\/deliceland.com\/?post_type=product&#038;p=16740"},"modified":"2023-10-21T12:03:57","modified_gmt":"2023-10-21T12:03:57","slug":"lokum-13","status":"publish","type":"product","link":"https:\/\/deliceland.com\/tr\/lokum-13\/","title":{"rendered":"Kar\u0131\u015f\u0131k incir-f\u0131nd\u0131k, Antep f\u0131st\u0131kl\u0131 s\u00fct ve Antep f\u0131st\u0131kl\u0131 nar Loukoum"},"content":{"rendered":"<p>Hangi lokum &#8216;u se\u00e7ece\u011finizi bilmiyor musunuz? <strong>Ondan fazla \u00e7e\u015fit i\u00e7eren lokum ke\u015fif kutumuzu ke\u015ff<\/strong> edin: tad\u0131n, ke\u015ffedin ve se\u00e7iminizi yap\u0131n! Sizin i\u00e7in en iyi lokumse\u00e7tik!<\/p>\n<p><strong>Bu kutuda \u00e7ok say\u0131da kar\u0131\u015f\u0131m ve tat bulacaks\u0131n\u0131z, klasik lokum: f\u0131st\u0131kl\u0131 lokum, k\u0131rm\u0131z\u0131 meyveli loukoum, bademli lokum, hindistan cevizli loukoum, incirli lokum, berberis lokum, brownie loukoum, kada\u00eff lokum, narl\u0131 lokum?<\/strong><\/p>\n<p>D\u00e9lice land, en iyi geleneksel lokum &#8216;u yapmak i\u00e7in do\u011frudan T\u00fcrkiye&#8217;den gelen know-how ile \u00fcr\u00fcnlerimizin <strong>el yap\u0131m\u0131<\/strong> oldu\u011funu garanti eder.  lokum &#8216;un en otantik tatlar\u0131n\u0131 ve lezzetlerini yapmak i\u00e7in sizin i\u00e7in en iyi malzemeleri ve kaliteli \u00fcr\u00fcnleri se\u00e7tik.<\/p>\n<div id=\"mciapp-exclusion-container\"><\/div>\n","protected":false},"excerpt":{"rendered":"<p data-pm-slice=\"1 1 []\">Yeni ke\u015fifler ve yeni tatlar m\u0131 ar\u0131yorsunuz? D\u00e9lice Land sizi lokumke\u015fif kutusu ile lokum lezzetini ke\u015ffetmeye davet ediyor!<\/p>\n<p data-pm-slice=\"1 1 []\"><strong>\ud83d\udc49 350 g i\u00e7in 4 \u00e7e\u015fit<\/strong><\/p>\n<p data-pm-slice=\"1 1 []\"><strong>\ud83d\udc49 750 g i\u00e7in 8 \u00e7e\u015fit<\/strong><\/p>\n<p data-pm-slice=\"1 1 []\"><strong>\ud83d\udc49 1,5 kg i\u00e7in 12 \u00e7e\u015fit<\/strong><\/p>\n<div id=\"mciapp-exclusion-container\"><\/div>\n<div id=\"mciapp-exclusion-container\"><\/div>\n","protected":false},"featured_media":16754,"comment_status":"open","ping_status":"closed","template":"","meta":[],"product_brand":[],"product_cat":[328,146,143,149],"product_tag":[],"class_list":{"0":"post-16740","1":"product","2":"type-product","3":"status-publish","4":"has-post-thumbnail","6":"product_cat-lokum-cesitleri","7":"product_cat-deluxe-tr","8":"product_cat-karisik","9":"product_cat-premium-tr","10":"product_shipping_class-packlink-tr","11":"pa_grammage-1500g","12":"pa_grammage-700-g-tr","13":"tm-no-options-pxq","15":"first","16":"outofstock","17":"taxable","18":"shipping-taxable","19":"product-type-variable"},"_links":{"self":[{"href":"https:\/\/deliceland.com\/tr\/wp-json\/wp\/v2\/product\/16740","targetHints":{"allow":["GET"]}}],"collection":[{"href":"https:\/\/deliceland.com\/tr\/wp-json\/wp\/v2\/product"}],"about":[{"href":"https:\/\/deliceland.com\/tr\/wp-json\/wp\/v2\/types\/product"}],"replies":[{"embeddable":true,"href":"https:\/\/deliceland.com\/tr\/wp-json\/wp\/v2\/comments?post=16740"}],"wp:featuredmedia":[{"embeddable":true,"href":"https:\/\/deliceland.com\/tr\/wp-json\/wp\/v2\/media\/16754"}],"wp:attachment":[{"href":"https:\/\/deliceland.com\/tr\/wp-json\/wp\/v2\/media?parent=16740"}],"wp:term":[{"taxonomy":"product_brand","embeddable":true,"href":"https:\/\/deliceland.com\/tr\/wp-json\/wp\/v2\/product_brand?post=16740"},{"taxonomy":"product_cat","embeddable":true,"href":"https:\/\/deliceland.com\/tr\/wp-json\/wp\/v2\/product_cat?post=16740"},{"taxonomy":"product_tag","embeddable":true,"href":"https:\/\/deliceland.com\/tr\/wp-json\/wp\/v2\/product_tag?post=16740"}],"curies":[{"name":"wp","href":"https:\/\/api.w.org\/{rel}","templated":true}]}}