{"id":16639,"date":"2022-12-12T15:12:26","date_gmt":"2022-12-12T15:12:26","guid":{"rendered":"https:\/\/deliceland.com\/?post_type=product&#038;p=16639"},"modified":"2025-10-14T09:23:00","modified_gmt":"2025-10-14T09:23:00","slug":"loukoum-luxe-baklava-grenade-ve-kadayif-fistik","status":"publish","type":"product","link":"https:\/\/deliceland.com\/tr\/loukoum-luxe-baklava-grenade-ve-kadayif-fistik\/","title":{"rendered":"Loukoum baklava nar ve f\u0131st\u0131kl\u0131 kaday\u0131f"},"content":{"rendered":"<p>Hangi T\u00fcrk lokumunu se\u00e7ece\u011finizden emin de\u011fil misiniz? <strong>Bir d\u00fczineden fazla \u00e7e\u015fit i\u00e7eren loukoum ke\u015fif kutumuzu<\/strong> ke\u015ffedin: tad\u0131n, ke\u015ffedin ve se\u00e7iminizi yap\u0131n! Sizin i\u00e7in en iyi lokumlar\u0131 se\u00e7tik! <strong>Bu kutuda klasik lokumlar\u0131m\u0131z da dahil olmak \u00fczere \u00e7ok say\u0131da kar\u0131\u015f\u0131m ve tat bulacaks\u0131n\u0131z: f\u0131st\u0131kl\u0131 lokum, k\u0131rm\u0131z\u0131 meyveli lokum, bademli lokum, hindistan cevizli lokum, incirli lokum, berberis lokumu, brownie lokumu, kaday\u0131f lokumu, narl\u0131 lokum&#8230;<\/strong> D\u00e9lice land, \u00fcr\u00fcnlerimizin en iyi geleneksel T\u00fcrk lokumunu yapmak i\u00e7in do\u011frudan T\u00fcrkiye&#8217;den gelen know-how ile <strong>elle<\/strong> yap\u0131ld\u0131\u011f\u0131n\u0131 garanti eder. T\u00fcrk lokumunun en otantik tatlar\u0131n\u0131 ve lezzetlerini yaratmak i\u00e7in en iyi malzemeleri ve kaliteli \u00fcr\u00fcnleri se\u00e7tik.  <\/p>\n<div id=\"mciapp-exclusion-container\"><\/div>\n","protected":false},"excerpt":{"rendered":"<p data-pm-slice=\"1 1 []\">Yeni ke\u015fifler ve yeni tatlar m\u0131 ar\u0131yorsunuz? D\u00e9lice Land sizi loukoum ke\u015fif kutusu ile loukoumlar\u0131m\u0131z\u0131n lezzetini ke\u015ffetmeye davet ediyor!<\/p>\n<p data-pm-slice=\"1 1 []\"><strong>\ud83d\udc49 350 g i\u00e7in 4 \u00e7e\u015fit<\/strong><\/p>\n<p data-pm-slice=\"1 1 []\"><strong>\ud83d\udc49 750 g i\u00e7in 8 \u00e7e\u015fit<\/strong><\/p>\n<p data-pm-slice=\"1 1 []\"><strong>\ud83d\udc49 1,5 kg i\u00e7in 12 \u00e7e\u015fit<\/strong><\/p>\n<div id=\"mciapp-exclusion-container\"><\/div>\n<div id=\"mciapp-exclusion-container\"><\/div>\n","protected":false},"featured_media":16667,"comment_status":"open","ping_status":"closed","template":"","meta":[],"product_brand":[],"product_cat":[143,328],"product_tag":[],"class_list":{"0":"post-16639","1":"product","2":"type-product","3":"status-publish","4":"has-post-thumbnail","6":"product_cat-karisik","7":"product_cat-lokum-cesitleri","8":"product_shipping_class-packlink-tr","9":"pa_grammage-1500g","10":"pa_grammage-700-g-tr","11":"tm-no-options-pxq","13":"first","14":"outofstock","15":"taxable","16":"shipping-taxable","17":"product-type-variable"},"_links":{"self":[{"href":"https:\/\/deliceland.com\/tr\/wp-json\/wp\/v2\/product\/16639","targetHints":{"allow":["GET"]}}],"collection":[{"href":"https:\/\/deliceland.com\/tr\/wp-json\/wp\/v2\/product"}],"about":[{"href":"https:\/\/deliceland.com\/tr\/wp-json\/wp\/v2\/types\/product"}],"replies":[{"embeddable":true,"href":"https:\/\/deliceland.com\/tr\/wp-json\/wp\/v2\/comments?post=16639"}],"wp:featuredmedia":[{"embeddable":true,"href":"https:\/\/deliceland.com\/tr\/wp-json\/wp\/v2\/media\/16667"}],"wp:attachment":[{"href":"https:\/\/deliceland.com\/tr\/wp-json\/wp\/v2\/media?parent=16639"}],"wp:term":[{"taxonomy":"product_brand","embeddable":true,"href":"https:\/\/deliceland.com\/tr\/wp-json\/wp\/v2\/product_brand?post=16639"},{"taxonomy":"product_cat","embeddable":true,"href":"https:\/\/deliceland.com\/tr\/wp-json\/wp\/v2\/product_cat?post=16639"},{"taxonomy":"product_tag","embeddable":true,"href":"https:\/\/deliceland.com\/tr\/wp-json\/wp\/v2\/product_tag?post=16639"}],"curies":[{"name":"wp","href":"https:\/\/api.w.org\/{rel}","templated":true}]}}