{"id":16516,"date":"2024-03-30T21:42:06","date_gmt":"2024-03-30T21:42:06","guid":{"rendered":"https:\/\/deliceland.com\/produit\/noel-kutusu-geleneksel-loukoums\/"},"modified":"2024-03-30T21:42:28","modified_gmt":"2024-03-30T21:42:28","slug":"box-noel-de-loukoums-traditionnels","status":"publish","type":"product","link":"https:\/\/deliceland.com\/tr\/box-noel-de-loukoums-traditionnels\/","title":{"rendered":"Noel kutusu geleneksel Loukoums"},"content":{"rendered":"","protected":false},"excerpt":{"rendered":"<p><span style=\"font-weight: 400;\">Noel&#8217;in t\u00fcm b\u00fcy\u00fcs\u00fcn\u00fc bu ola\u011fan\u00fcst\u00fc \u00fcr\u00fcn yelpazesinde bulabilirsiniz.<\/span><\/p>\n<p><span style=\"font-weight: 400;\">Bu kutuda \u00f6zenle se\u00e7ilmi\u015f 20 adet \u00fcst s\u0131n\u0131f loukoum bulunmaktad\u0131r.<\/span><\/p>\n<p>&nbsp;<\/p>\n","protected":false},"featured_media":16191,"comment_status":"open","ping_status":"closed","template":"","meta":[],"product_brand":[],"product_cat":[205],"product_tag":[],"class_list":{"0":"post-16516","1":"product","2":"type-product","3":"status-publish","4":"has-post-thumbnail","6":"product_cat-hediye-kutulari","7":"tm-no-options-pxq","9":"first","10":"instock","11":"sale","12":"taxable","13":"shipping-taxable","14":"purchasable","15":"product-type-simple"},"_links":{"self":[{"href":"https:\/\/deliceland.com\/tr\/wp-json\/wp\/v2\/product\/16516","targetHints":{"allow":["GET"]}}],"collection":[{"href":"https:\/\/deliceland.com\/tr\/wp-json\/wp\/v2\/product"}],"about":[{"href":"https:\/\/deliceland.com\/tr\/wp-json\/wp\/v2\/types\/product"}],"replies":[{"embeddable":true,"href":"https:\/\/deliceland.com\/tr\/wp-json\/wp\/v2\/comments?post=16516"}],"wp:featuredmedia":[{"embeddable":true,"href":"https:\/\/deliceland.com\/tr\/wp-json\/wp\/v2\/media\/16191"}],"wp:attachment":[{"href":"https:\/\/deliceland.com\/tr\/wp-json\/wp\/v2\/media?parent=16516"}],"wp:term":[{"taxonomy":"product_brand","embeddable":true,"href":"https:\/\/deliceland.com\/tr\/wp-json\/wp\/v2\/product_brand?post=16516"},{"taxonomy":"product_cat","embeddable":true,"href":"https:\/\/deliceland.com\/tr\/wp-json\/wp\/v2\/product_cat?post=16516"},{"taxonomy":"product_tag","embeddable":true,"href":"https:\/\/deliceland.com\/tr\/wp-json\/wp\/v2\/product_tag?post=16516"}],"curies":[{"name":"wp","href":"https:\/\/api.w.org\/{rel}","templated":true}]}}