{"id":16514,"date":"2024-03-30T21:42:10","date_gmt":"2024-03-30T21:42:10","guid":{"rendered":"https:\/\/deliceland.com\/produit\/otantik-noel-hediye-kutusu-akilli\/"},"modified":"2024-03-30T21:42:30","modified_gmt":"2024-03-30T21:42:30","slug":"kutu-hediye-otantik-noel-akilli","status":"publish","type":"product","link":"https:\/\/deliceland.com\/tr\/kutu-hediye-otantik-noel-akilli\/","title":{"rendered":"Otantik Ak\u0131ll\u0131 Noel Hediye Kutusu"},"content":{"rendered":"","protected":false},"excerpt":{"rendered":"<p><span style=\"font-weight: 400;\">Noel&#8217;in t\u00fcm b\u00fcy\u00fcs\u00fcn\u00fc bu ola\u011fan\u00fcst\u00fc \u00fcr\u00fcn yelpazesinde bulabilirsiniz.<\/span><\/p>\n<p>&nbsp;<\/p>\n<p><span style=\"font-weight: 400;\">Gurme Kutumuz \u015funlardan olu\u015fmaktad\u0131r:<\/span><\/p>\n<p>&nbsp;<\/p>\n<p><span style=\"font-weight: 400;\">&#8211; 700 g \u00f6zenle se\u00e7ilmi\u015f, s\u0131n\u0131f\u0131n\u0131n en iyisi loukoumlar<\/span><\/p>\n<p><span style=\"font-weight: 400;\">&#8211; \u00dcnl\u00fc geleneksel kavurmac\u0131 Mehmet Efendi&#8217;den 4&#8217;l\u00fc T\u00fcrk Kahvesi Seti<\/span><\/p>\n<p>&#8211; <span style=\"font-weight: 400;\">2 Set kahve fincan\u0131<\/span> (Temsili foto\u011fraf, farkl\u0131 tasar\u0131m, ayn\u0131 kalite)<\/p>\n","protected":false},"featured_media":16115,"comment_status":"open","ping_status":"closed","template":"","meta":[],"product_brand":[],"product_cat":[205],"product_tag":[],"class_list":{"0":"post-16514","1":"product","2":"type-product","3":"status-publish","4":"has-post-thumbnail","6":"product_cat-hediye-kutulari","7":"tm-no-options-pxq","9":"first","10":"instock","11":"sale","12":"taxable","13":"shipping-taxable","14":"purchasable","15":"product-type-simple"},"_links":{"self":[{"href":"https:\/\/deliceland.com\/tr\/wp-json\/wp\/v2\/product\/16514","targetHints":{"allow":["GET"]}}],"collection":[{"href":"https:\/\/deliceland.com\/tr\/wp-json\/wp\/v2\/product"}],"about":[{"href":"https:\/\/deliceland.com\/tr\/wp-json\/wp\/v2\/types\/product"}],"replies":[{"embeddable":true,"href":"https:\/\/deliceland.com\/tr\/wp-json\/wp\/v2\/comments?post=16514"}],"wp:featuredmedia":[{"embeddable":true,"href":"https:\/\/deliceland.com\/tr\/wp-json\/wp\/v2\/media\/16115"}],"wp:attachment":[{"href":"https:\/\/deliceland.com\/tr\/wp-json\/wp\/v2\/media?parent=16514"}],"wp:term":[{"taxonomy":"product_brand","embeddable":true,"href":"https:\/\/deliceland.com\/tr\/wp-json\/wp\/v2\/product_brand?post=16514"},{"taxonomy":"product_cat","embeddable":true,"href":"https:\/\/deliceland.com\/tr\/wp-json\/wp\/v2\/product_cat?post=16514"},{"taxonomy":"product_tag","embeddable":true,"href":"https:\/\/deliceland.com\/tr\/wp-json\/wp\/v2\/product_tag?post=16514"}],"curies":[{"name":"wp","href":"https:\/\/api.w.org\/{rel}","templated":true}]}}