{"id":16509,"date":"2022-11-30T16:59:10","date_gmt":"2022-11-30T16:59:10","guid":{"rendered":"https:\/\/deliceland.com\/produit\/antep-fistikli-baklava\/"},"modified":"2026-03-17T15:49:12","modified_gmt":"2026-03-17T15:49:12","slug":"baklava-antep-fistigi","status":"publish","type":"product","link":"https:\/\/deliceland.com\/tr\/baklava-antep-fistigi\/","title":{"rendered":"Antep F\u0131st\u0131kl\u0131 Baklava"},"content":{"rendered":"<h2>F\u0131st\u0131kl\u0131 baklava: T\u00fcrk gelene\u011finin lezzetli bir varyasyonu<\/h2>\n<p>F\u0131st\u0131kl\u0131 baklava, geleneksel T\u00fcrk baklavas\u0131n\u0131n pop\u00fcler bir \u00e7e\u015fididir. Klasik baklava ile ayn\u0131 malzemelerden olu\u015fur, ancak dolguya k\u0131y\u0131lm\u0131\u015f antep f\u0131st\u0131\u011f\u0131 eklenir. Antep f\u0131st\u0131\u011f\u0131 bu lezzetli tatl\u0131ya e\u015fsiz bir lezzet ve \u00e7\u0131t\u0131r bir doku katar. Bu baklava \u00e7e\u015fidi, kendine \u00f6zg\u00fc tad\u0131 ve lezzetli dokusuyla \u00f6zellikle takdir edilmektedir. Genellikle partilerde ve kutlamalarda veya sadece gurme bir mola i\u00e7in servis edilir.<\/p>\n<h2>Lezzetli baklavam\u0131zla kendinizi online olarak \u015f\u0131mart\u0131n<\/h2>\n<p>Fransa&#8217;n\u0131n her yerine h\u0131zl\u0131 ve kolay teslimat i\u00e7in <strong>online olarak temin edilebilen Baklavalar\u0131m\u0131z\u0131<\/strong> sunmaktan gurur duyuyoruz. Taze ve y\u00fcksek kaliteli malzemelerle yap\u0131lan geleneksel zanaatkar baklavalar\u0131n\u0131n haz\u0131rlanmas\u0131nda uzmanla\u015fm\u0131\u015f \u00e7evrimi\u00e7i bir T\u00fcrk f\u0131r\u0131n\u0131y\u0131z.<\/p>\n<p><strong>Baklavay\u0131 online sat\u0131n<\/strong> al\u0131n ve otantik T\u00fcrk lezzetini evinizde ke\u015ffedin. En \u00e7ok satan <strong>F\u0131st\u0131kl\u0131<\/strong> Baklavam\u0131z da dahil olmak \u00fczere her zevke uygun \u00e7e\u015fitli Baklavalar sunuyoruz.<\/p>\n<h3>En iyi T\u00fcrk baklavas\u0131 internette mevcut<\/h3>\n<p><strong>T\u00fcrk Baklavam\u0131z<\/strong> geleneksel y\u00f6ntemlerle, ince yufka katmanlar\u0131 kullan\u0131larak, \u00fczerine f\u0131nd\u0131k ve \u015feker \u015furubu eklenerek el yap\u0131m\u0131 olarak \u00fcretilmektedir. Her \u0131s\u0131r\u0131k \u00e7\u0131t\u0131r bir doku ve tatl\u0131, tuzlu bir lezzet sunar.<\/p>\n<p>Kaliteye olan ba\u011fl\u0131l\u0131\u011f\u0131m\u0131zla gurur duyuyoruz ve her Baklavan\u0131n g\u00f6nderilmeden \u00f6nce taze olarak haz\u0131rlanmas\u0131n\u0131 sa\u011fl\u0131yoruz. Taze, \u00f6zenle paketlenmi\u015f \u00fcr\u00fcnleri h\u0131zl\u0131 bir \u015fekilde kap\u0131n\u0131za teslim alaca\u011f\u0131n\u0131z\u0131 bilerek g\u00fcvenle <strong>online baklava sat\u0131n<\/strong> alabilirsiniz.<\/p>\n<h3>Fransa&#8217;da h\u0131zl\u0131 teslimat i\u00e7in online baklava sat\u0131n al\u0131n<\/h3>\n<p>Web sitemiz kullan\u0131c\u0131 dostu bir deneyim sunarak Baklava se\u00e7eneklerimize kolayca g\u00f6z atman\u0131za ve sipari\u015finizi sadece birka\u00e7 t\u0131klamayla vermenize olanak tan\u0131r. T\u00fcm \u00fcr\u00fcnlerimiz i\u00e7in rekabet\u00e7i fiyatlar sunuyoruz ve toplu sipari\u015fler i\u00e7in \u00f6zel teklifler sunuyoruz.<\/p>\n<p><strong>T\u00fcrk Baklavas\u0131n\u0131 online sat\u0131n al\u0131n<\/strong> ve Fransa genelinde eve teslim rahatl\u0131\u011f\u0131n\u0131n tad\u0131n\u0131 \u00e7\u0131kar\u0131n. Lezzetli, zanaatkar baklava \u00e7e\u015fitlerimizle size otantik bir lezzet deneyimi sunmak i\u00e7in sab\u0131rs\u0131zlan\u0131yoruz.<\/p>\n<p>&nbsp;<\/p>\n","protected":false},"excerpt":{"rendered":"<p>Baklava, g\u00f6rmezden gelinemeyecek bir T\u00fcrk tatl\u0131s\u0131! <span style=\"font-weight: 400;\">T\u00fcm d\u00fcnyada olduk\u00e7a de\u011ferli olan sembolik bir tatl\u0131d\u0131r. <\/span>Misafirlerinize \u00e7ay ve kahvenin yan\u0131nda ikram edebilece\u011finiz m\u00fckemmel bir tatl\u0131d\u0131r. <span style=\"font-weight: 400;\">Baklavam\u0131z geleneksel y\u00f6ntemler kullan\u0131larak haz\u0131rlanmaktad\u0131r.<\/span><\/p>\n","protected":false},"featured_media":16195,"comment_status":"open","ping_status":"closed","template":"","meta":[],"product_brand":[],"product_cat":[217,338],"product_tag":[],"class_list":{"0":"post-16509","1":"product","2":"type-product","3":"status-publish","4":"has-post-thumbnail","6":"product_cat-baklava-tr","7":"product_cat-ramazan","8":"tm-no-options-pxq","10":"first","11":"instock","12":"sale","13":"taxable","14":"shipping-taxable","15":"purchasable","16":"product-type-variable"},"_links":{"self":[{"href":"https:\/\/deliceland.com\/tr\/wp-json\/wp\/v2\/product\/16509","targetHints":{"allow":["GET"]}}],"collection":[{"href":"https:\/\/deliceland.com\/tr\/wp-json\/wp\/v2\/product"}],"about":[{"href":"https:\/\/deliceland.com\/tr\/wp-json\/wp\/v2\/types\/product"}],"replies":[{"embeddable":true,"href":"https:\/\/deliceland.com\/tr\/wp-json\/wp\/v2\/comments?post=16509"}],"wp:featuredmedia":[{"embeddable":true,"href":"https:\/\/deliceland.com\/tr\/wp-json\/wp\/v2\/media\/16195"}],"wp:attachment":[{"href":"https:\/\/deliceland.com\/tr\/wp-json\/wp\/v2\/media?parent=16509"}],"wp:term":[{"taxonomy":"product_brand","embeddable":true,"href":"https:\/\/deliceland.com\/tr\/wp-json\/wp\/v2\/product_brand?post=16509"},{"taxonomy":"product_cat","embeddable":true,"href":"https:\/\/deliceland.com\/tr\/wp-json\/wp\/v2\/product_cat?post=16509"},{"taxonomy":"product_tag","embeddable":true,"href":"https:\/\/deliceland.com\/tr\/wp-json\/wp\/v2\/product_tag?post=16509"}],"curies":[{"name":"wp","href":"https:\/\/api.w.org\/{rel}","templated":true}]}}