{"id":16508,"date":"2022-11-30T16:06:49","date_gmt":"2022-11-30T16:06:49","guid":{"rendered":"https:\/\/deliceland.com\/produit\/yilbasi-baklava-kutusu\/"},"modified":"2023-09-14T13:00:54","modified_gmt":"2023-09-14T13:00:54","slug":"coffret-baklava-de-noel","status":"publish","type":"product","link":"https:\/\/deliceland.com\/tr\/coffret-baklava-de-noel\/","title":{"rendered":"Y\u0131lba\u015f\u0131 Baklava Kutusu"},"content":{"rendered":"<p><span style=\"font-weight: 400;\">Baklava, g\u00f6rmezden gelinemeyecek bir T\u00fcrk tatl\u0131s\u0131!<\/span><\/p>\n<p><span style=\"font-weight: 400;\">T\u00fcm d\u00fcnyada olduk\u00e7a de\u011ferli olan sembolik bir tatl\u0131d\u0131r.<\/span><\/p>\n<p><span style=\"font-weight: 400;\">T\u00fcm sipari\u015flerimizi hafta ba\u015f\u0131nda g\u00f6nderiyoruz, b\u00f6ylece \u00fcr\u00fcnlerimiz var\u0131\u015f yerlerine taze olarak ula\u015f\u0131yor.<\/span><\/p>\n<p><span style=\"font-weight: 400;\">Baklavam\u0131z geleneksel y\u00f6ntemler kullan\u0131larak haz\u0131rlanmaktad\u0131r.<\/span><\/p>\n","protected":false},"excerpt":{"rendered":"<p>Noel Baklava kutusu, hediye olarak veya kendinizi \u015f\u0131martmak i\u00e7in ideal.<\/p>\n<p><strong style=\"color: red;\">T\u00fcm sipari\u015flerimizi hafta ba\u015f\u0131nda g\u00f6nderiyoruz, b\u00f6ylece \u00fcr\u00fcnlerimiz var\u0131\u015f yerlerine taze olarak ula\u015f\u0131yor.<\/strong><\/p>\n","protected":false},"featured_media":16199,"comment_status":"open","ping_status":"closed","template":"","meta":[],"product_brand":[],"product_cat":[205],"product_tag":[],"class_list":{"0":"post-16508","1":"product","2":"type-product","3":"status-publish","4":"has-post-thumbnail","6":"product_cat-hediye-kutulari","7":"pa_grammage-1200gr-tr","8":"pa_grammage-650gr-tr","9":"pa_grammage-700g","10":"tm-no-options-pxq","12":"first","13":"outofstock","14":"taxable","15":"shipping-taxable","16":"product-type-variable"},"_links":{"self":[{"href":"https:\/\/deliceland.com\/tr\/wp-json\/wp\/v2\/product\/16508","targetHints":{"allow":["GET"]}}],"collection":[{"href":"https:\/\/deliceland.com\/tr\/wp-json\/wp\/v2\/product"}],"about":[{"href":"https:\/\/deliceland.com\/tr\/wp-json\/wp\/v2\/types\/product"}],"replies":[{"embeddable":true,"href":"https:\/\/deliceland.com\/tr\/wp-json\/wp\/v2\/comments?post=16508"}],"wp:featuredmedia":[{"embeddable":true,"href":"https:\/\/deliceland.com\/tr\/wp-json\/wp\/v2\/media\/16199"}],"wp:attachment":[{"href":"https:\/\/deliceland.com\/tr\/wp-json\/wp\/v2\/media?parent=16508"}],"wp:term":[{"taxonomy":"product_brand","embeddable":true,"href":"https:\/\/deliceland.com\/tr\/wp-json\/wp\/v2\/product_brand?post=16508"},{"taxonomy":"product_cat","embeddable":true,"href":"https:\/\/deliceland.com\/tr\/wp-json\/wp\/v2\/product_cat?post=16508"},{"taxonomy":"product_tag","embeddable":true,"href":"https:\/\/deliceland.com\/tr\/wp-json\/wp\/v2\/product_tag?post=16508"}],"curies":[{"name":"wp","href":"https:\/\/api.w.org\/{rel}","templated":true}]}}