{"id":16474,"date":"2024-03-30T21:42:14","date_gmt":"2024-03-30T21:42:14","guid":{"rendered":"https:\/\/deliceland.com\/produit\/otantik-noel-hediye-kutusu-maxi\/"},"modified":"2024-03-30T21:42:33","modified_gmt":"2024-03-30T21:42:33","slug":"kutu-hediye-otantik-noel-maxi","status":"publish","type":"product","link":"https:\/\/deliceland.com\/tr\/kutu-hediye-otantik-noel-maxi\/","title":{"rendered":"Maxi Otantik Y\u0131lba\u015f\u0131 Hediye Kutusu"},"content":{"rendered":"","protected":false},"excerpt":{"rendered":"<p>Noel&#8217;in t\u00fcm b\u00fcy\u00fcs\u00fcn\u00fc bu ola\u011fan\u00fcst\u00fc \u00fcr\u00fcn yelpazesinde bulabilirsiniz.<\/p>\n<p>Gurme Kutumuz \u015funlardan olu\u015fmaktad\u0131r:<\/p>\n<p>&#8211; 1500 gr \u00f6zenle se\u00e7ilmi\u015f birinci s\u0131n\u0131f loukoumlar<br \/>\n&#8211; \u00dcnl\u00fc geleneksel kavurucu Mehmet Efendi&#8217;den 500g T\u00fcrk kahvesi<br \/>\n&#8211; 2 Set kahve fincan\u0131 (Temsili foto\u011fraf, farkl\u0131 tasar\u0131m, ayn\u0131 kalite)<br \/>\n&#8211; 1 Cezve, geleneksel T\u00fcrk bak\u0131r cezvesi<\/p>\n","protected":false},"featured_media":16179,"comment_status":"open","ping_status":"closed","template":"","meta":[],"product_brand":[],"product_cat":[205],"product_tag":[],"class_list":{"0":"post-16474","1":"product","2":"type-product","3":"status-publish","4":"has-post-thumbnail","6":"product_cat-hediye-kutulari","7":"tm-no-options-pxq","9":"first","10":"instock","11":"sale","12":"taxable","13":"shipping-taxable","14":"purchasable","15":"product-type-simple"},"_links":{"self":[{"href":"https:\/\/deliceland.com\/tr\/wp-json\/wp\/v2\/product\/16474","targetHints":{"allow":["GET"]}}],"collection":[{"href":"https:\/\/deliceland.com\/tr\/wp-json\/wp\/v2\/product"}],"about":[{"href":"https:\/\/deliceland.com\/tr\/wp-json\/wp\/v2\/types\/product"}],"replies":[{"embeddable":true,"href":"https:\/\/deliceland.com\/tr\/wp-json\/wp\/v2\/comments?post=16474"}],"wp:featuredmedia":[{"embeddable":true,"href":"https:\/\/deliceland.com\/tr\/wp-json\/wp\/v2\/media\/16179"}],"wp:attachment":[{"href":"https:\/\/deliceland.com\/tr\/wp-json\/wp\/v2\/media?parent=16474"}],"wp:term":[{"taxonomy":"product_brand","embeddable":true,"href":"https:\/\/deliceland.com\/tr\/wp-json\/wp\/v2\/product_brand?post=16474"},{"taxonomy":"product_cat","embeddable":true,"href":"https:\/\/deliceland.com\/tr\/wp-json\/wp\/v2\/product_cat?post=16474"},{"taxonomy":"product_tag","embeddable":true,"href":"https:\/\/deliceland.com\/tr\/wp-json\/wp\/v2\/product_tag?post=16474"}],"curies":[{"name":"wp","href":"https:\/\/api.w.org\/{rel}","templated":true}]}}