{"id":15864,"date":"2022-11-30T13:45:45","date_gmt":"2022-11-30T13:45:45","guid":{"rendered":"https:\/\/deliceland.com\/?post_type=product&#038;p=15864"},"modified":"2024-01-14T14:39:28","modified_gmt":"2024-01-14T14:39:28","slug":"loukoum-fistikli-ci%cc%87ft-gri%cc%87l","status":"publish","type":"product","link":"https:\/\/deliceland.com\/tr\/loukoum-fistikli-ci%cc%87ft-gri%cc%87l\/","title":{"rendered":"Loukoum Antep f\u0131st\u0131\u011f\u0131 \u00e7ifte kavrulmu\u015f"},"content":{"rendered":"<div class=\"wpb-content-wrapper\"><p>[vc_row][vc_column width=&#8221;2\/3&#8243;][vc_column_text woodmart_inline=&#8221;no&#8221; text_larger=&#8221;no&#8221;]Loukoumlar\u0131m\u0131z sadece ola\u011fan\u00fcst\u00fc kalite ve lezzetleri i\u00e7in se\u00e7ilmi\u015f <em>do\u011fal \u00fcr\u00fcnler<\/em> i\u00e7erir.<\/p>\n<p><em>Geleneksel haz\u0131rlama y\u00f6ntemi<\/em>, meyvenin katk\u0131 maddesi veya kimyasal madde eklenmeden t\u00fcm orijinal \u00f6zelliklerini korumas\u0131n\u0131 sa\u011flar. Lukoum, \u00e7ay ve kahveleriniz i\u00e7in ideal bir tatl\u0131d\u0131r.<\/p>\n<p>D\u00e9lice Land bizim tutkumuzdur ve tek amac\u0131m\u0131z size Avrupa&#8217;n\u0131n en iyi T\u00fcrk lokumunu \u00e7ok basit bir tarifle sunmakt\u0131r: \u015feker, su ve ni\u015fasta!<\/p>\n<p>\u0130ki y\u00fczy\u0131l\u0131 a\u015fk\u0131n s\u00fcredir \u015fekerlemede en iyi tat ve dokulardan biri oldu\u011fu kan\u0131tlanm\u0131\u015f bir kombinasyon!<\/p>\n<p>D\u00fcnyan\u0131n d\u00f6rt bir yan\u0131ndan \u00e7ok say\u0131da do\u011fal aroma ve tat i\u00e7eren geni\u015f bir loukoum yelpazesine sahibiz. Sonu\u00e7, harika bir ev yap\u0131m\u0131 hediye veya kendiniz i\u00e7in lezzetli bir ikram olacak do\u011fal ve lezzetli bir aroma ve tada sahip benzersiz bir \u015fekerlemedir!<\/p>\n<p>Geni\u015f bir distrib\u00fct\u00f6r a\u011f\u0131 ve kendini i\u015fine adam\u0131\u015f ortaklar\u0131m\u0131zla vegan loukoumlar\u0131m\u0131z k\u0131sa s\u00fcrede t\u00fcketicilerimizin be\u011fenisini kazand\u0131. Online sat\u0131\u015flar, lezzetli loukoumlar\u0131m\u0131z\u0131 sadece Fransa&#8217;da de\u011fil, t\u00fcm Avrupa&#8217;da sunmam\u0131z\u0131 sa\u011flad\u0131!<\/p>\n<p>Geleneksel, otantik bir tarife olan ba\u011fl\u0131l\u0131\u011f\u0131m\u0131z, Avrupa&#8217;n\u0131n en \u00fcst d\u00fczey T\u00fcrk lokumuna d\u00f6n\u00fc\u015ft\u00fc. Geriye sadece internetten <strong>ya da en yak\u0131n s\u00fcpermarketten sat\u0131n almak kal\u0131yor!<\/strong><\/p>\n<p>T\u00fcrk Lokumunun tad\u0131n\u0131 \u00e7e\u015fitli \u015fekillerde \u00e7\u0131karabilirsiniz!<\/p>\n<p>T\u00fcrk lokumu en lezzetli ve e\u015fsiz hediyedir. Bu l\u00fcks \u00fcr\u00fcn yelpazesi, nerede olursan\u0131z olun size \u0130stanbul&#8217;un Loukoum&#8217;unu hat\u0131rlatan yumu\u015fak, p\u00fcr\u00fczs\u00fcz ve \u00e7ok taze olan harika g\u00fcl ve nar aromal\u0131 loukoumlarla doludur. Bu Orta Do\u011fu lezzetinin otantik tad\u0131 her misafiri veya ev sahibini memnun edecektir. Bu loukoumlar\u0131 f\u0131r\u0131ndan taze \u00e7\u0131km\u0131\u015f olarak ya da tabakta en sevdi\u011finiz restoranda veya evinizde yiyebilirsiniz.<\/p>\n<ul>\n<li>  S\u00fct \u00fcr\u00fcnleri yok<\/li>\n<li>Vegan &amp; Helal G\u0131da<\/li>\n<li>Orijinal pancar k\u00f6k\u00fc \u015fekeri ile yap\u0131lm\u0131\u015ft\u0131r (glikoz \u015furubu i\u00e7ermez)<\/li>\n<li>Bu \u00e7e\u015fitler en az 5 loukoum severi doyuracak kadar b\u00fcy\u00fckt\u00fcr.<\/li>\n<\/ul>\n<p>\u00d6zel g\u00fcnler i\u00e7in m\u00fckemmel bir hediye: Paket, ger\u00e7ek kurutulmu\u015f g\u00fcl yapraklar\u0131, Antep f\u0131st\u0131\u011f\u0131 tozu, hindistan cevizi ve kaday\u0131f fiyonklar\u0131 (GLUTEN i\u00e7erir) ile s\u00fcslenmi\u015f b\u00fcy\u00fck kesilmi\u015f loukoumlarla birlikte gelir.<\/p>\n<p>Do\u011fum g\u00fcn\u00fc hediyeleri, Cad\u0131lar Bayram\u0131 \u015fekeri, \u015e\u00fckran G\u00fcn\u00fc \u015fekeri, Noel hediyeleri, tatl\u0131 hediyeleri, Sevgililer G\u00fcn\u00fc hediyeleri, tatil hediyeleri, Anneler G\u00fcn\u00fc hediyeleri, Babalar G\u00fcn\u00fc hediyeleri, Aziz Patrick G\u00fcn\u00fc hediyeleri, Anneler G\u00fcn\u00fc hediyeleri, Paskalya hediyeleri, \u00f6zel ikramlar ve t\u00fcm \u00f6zel g\u00fcnleriniz i\u00e7in idealdir.<\/p>\n<p>\u00dcr\u00fcnlerimiz taze olarak \u00fcretilmektedir: T\u00fcm loukoumlar\u0131m\u0131z m\u0131s\u0131r ni\u015fastas\u0131ndan (m\u0131s\u0131r) yap\u0131lmaktad\u0131r ve y\u00fcksek teknolojili, hijyenik, kapal\u0131 ortam tesisimizde taze olarak \u00fcretilmektedir. Loukoum&#8217;lar\u0131m\u0131za orijinal, e\u015fsiz tad\u0131n\u0131 vermek i\u00e7in hi\u00e7bir yapay renklendirici veya tatland\u0131r\u0131c\u0131, katk\u0131 maddesi ve koruyucu madde kullanm\u0131yoruz. Daha iyi bir tatl\u0131 deneyimi i\u00e7in stoklar\u0131m\u0131z\u0131 s\u0131k s\u0131k yenilemeye devam ediyoruz. L\u00fctfen di\u011fer farkl\u0131 T\u00fcrk lezzetlerimizi de deneyin.<\/p>\n<p><strong>Lokum nas\u0131l yenmelidir?<\/strong><\/p>\n<p>So\u011fuk mevsimlerde l\u00fctfen <strong>20-23\u00b0C<\/strong> oda s\u0131cakl\u0131\u011f\u0131nda muhafaza ediniz. D\u00fc\u015f\u00fck s\u0131cakl\u0131klar nedeniyle transit lokumlar tatl\u0131 olmayacakt\u0131r. Evde veya ofiste misafirleriniz i\u00e7in \u00e7ay veya kahve ile servis edilen m\u00fckemmel at\u0131\u015ft\u0131rmal\u0131k.<\/p>\n<p><strong>\u0130\u00e7indekiler<\/strong><\/p>\n<p>\u015eeker, m\u0131s\u0131r ni\u015fastas\u0131, su, f\u0131nd\u0131k, sitrik asit, g\u0131da aromas\u0131, saponaria k\u00f6k\u00fc ekstresi, do\u011fal aromalar: berberis, g\u00fcl, antep f\u0131st\u0131\u011f\u0131, badem, g\u00fcl yapraklar\u0131, hindistan cevizi, f\u0131nd\u0131k, kadif, f\u0131nd\u0131k kremas\u0131, kay\u0131s\u0131, f\u0131nd\u0131k, nar (\u00fcr\u00fcne ve aromaya ba\u011fl\u0131 olarak).<\/p>\n<p><strong>Diyetler ve alerjenler<\/strong><\/p>\n<ul>\n<li>Glutensiz, Helal, Vejetaryen \u00dcr\u00fcn<\/li>\n<li>\u0130\u00e7indekiler: F\u0131nd\u0131k<\/li>\n<\/ul>\n<p><strong>\u0130\u00e7erebilir :<\/strong><\/p>\n<p>S\u00fct ve s\u00fct \u00fcr\u00fcnleri (laktoz dahil) Badem ve badem \u00fcr\u00fcnleri F\u0131nd\u0131k ve f\u0131nd\u0131k \u00fcr\u00fcnleri Kaju f\u0131st\u0131\u011f\u0131 ve kaju \u00fcr\u00fcnleri Pikan cevizi, Antep f\u0131st\u0131\u011f\u0131 ve Antep f\u0131st\u0131\u011f\u0131 \u00fcr\u00fcnleri<\/p>\n<p><strong>Besin de\u011ferleri<\/strong><\/p>\n<p>100g ba\u015f\u0131na sat\u0131ld\u0131\u011f\u0131 gibi<\/p>\n<p>Enerji de\u011feri 1786 kJ \/ 426,9 kcal<\/p>\n<ul>\n<li>Ya\u011f 15,6 g<\/li>\n<li>Protein 5,5 g<\/li>\n<li>Tuz 0,001 g<\/li>\n<li>Karbonhidratlar 69,2 g<\/li>\n<li>\u015eekerler 57,3 g<\/li>\n<li>Doymu\u015f ya\u011f asitleri 2,6 g<\/li>\n<\/ul>\n<p><strong>\u00d6zel saklama ko\u015fullar\u0131<\/strong><\/p>\n<p>Saklama talimatlar\u0131: A\u00e7madan \u00f6nce ve sonra oda s\u0131cakl\u0131\u011f\u0131nda (15\/20\u00b0C), \u0131s\u0131 ve nemden uzakta saklay\u0131n.<\/p>\n<p><strong>Kullan\u0131m Ko\u015fullar\u0131<\/strong><\/p>\n<p>A\u00e7\u0131ld\u0131ktan sonra 7 g\u00fcn i\u00e7inde t\u00fcketilmelidir.<\/p>\n<p><strong>A\u00e7\u0131klama<\/strong><\/p>\n<p>Loukoumlar\u0131m\u0131z glikoz \u015furubu veya yapay katk\u0131 maddesi i\u00e7ermez. E\u015fsiz bir lezzet i\u00e7in do\u011fal meyveleri ve kaliteli kuru meyveleri sizin i\u00e7in se\u00e7tik.<\/p>\n<p>D\u00e9lice Land&#8217;de size Avrupa&#8217;n\u0131n en iyi T\u00fcrk lokumunu sunmak i\u00e7in \u00e7al\u0131\u015f\u0131yoruz. \u00dcr\u00fcnlerimizin y\u00fcksek kalitede lezzet, tazelik ve sa\u011fl\u0131kl\u0131 i\u00e7erikler sunarak beklentilerinizi kar\u015f\u0131lamas\u0131n\u0131 sa\u011flamak i\u00e7in buraday\u0131z. T\u00fcrk lokumunu seviyorsan\u0131z ve herhangi bir sorunuz varsa, bizimle ileti\u015fime ge\u00e7mekten \u00e7ekinmeyin!<\/p>\n<p>Loukoum&#8217;umuz nesiller boyu keyifle t\u00fcketilen d\u00fcnyaca \u00fcnl\u00fc lezzetlerin lezzetli bir birle\u015fimidir. Loukoum \u015feker, su ve ni\u015fastan\u0131n m\u00fckemmel uyumudur.<\/p>\n<p>M\u00fc\u015fterilerimize piyasadaki en lezzetli ve ho\u015fg\u00f6r\u00fcl\u00fc loukoumlar\u0131 sunmaktan mutluluk duyuyoruz. Loukumlar\u0131m\u0131z \u00e7ok \u00e7e\u015fitli tat ve aromalara sahiptir ve lezzetli olduklar\u0131 kadar g\u00fczel olmalar\u0131n\u0131 sa\u011flamak i\u00e7in do\u011fal renklendirmeye sahiptir.<\/p>\n<p>[\/vc_column_text][\/vc_column][vc_column width=&#8221;1\/3&#8243;][vc_single_image image=&#8221;7687&#8243; img_size=&#8221;full&#8221; parallax_scroll=&#8221;no&#8221; woodmart_inline=&#8221;no&#8221;][\/vc_column][\/vc_row]<\/p>\n<\/div>","protected":false},"excerpt":{"rendered":"<p><span style=\"font-weight: 400;\"><strong>Antep f\u0131st\u0131\u011f\u0131 tozu ve s\u00fctl\u00fc \u00e7ikolata ile efsanevi baklava ile birle\u015fen loukoum<\/strong> lezzetini ke\u015ffedin <strong>.<\/strong> Bu loukoum baklavas\u0131n\u0131n <strong>yumu\u015fakl\u0131\u011f\u0131 ve \u00e7\u0131t\u0131rl\u0131\u011f\u0131<\/strong> size bir ho\u015fg\u00f6r\u00fc an\u0131 ya\u015fatacak <strong>.<\/strong>  Loukoumlar\u0131m\u0131z size kaliteli bir \u00fcr\u00fcn garanti etmek i\u00e7in do\u011fal, vegan ve el yap\u0131m\u0131 \u00fcr\u00fcnlerle \u00fcretilmi\u015ftir.  <\/span><\/p>\n<p><span style=\"font-weight: 400;\">Bu tatl\u0131 ikram\u0131n tad\u0131n\u0131 iyi bir T\u00fcrk kahvesi veya s\u0131cak \u00e7ay ile \u00e7\u0131kar\u0131n. Loukoum \u00e7e\u015fitlerimiz t\u00fcm damak tatlar\u0131n\u0131 tatmin eder ve ola\u011fan\u00fcst\u00fc bir ho\u015fg\u00f6r\u00fc an\u0131n\u0131 garanti eder.<\/span><\/p>\n","protected":false},"featured_media":15871,"comment_status":"open","ping_status":"closed","template":"","meta":[],"product_brand":[],"product_cat":[328,195],"product_tag":[],"class_list":{"0":"post-15864","1":"product","2":"type-product","3":"status-publish","4":"has-post-thumbnail","6":"product_cat-lokum-cesitleri","7":"product_cat-otantik","8":"product_shipping_class-packlink-tr","9":"pa_grammage-1500g","10":"pa_grammage-300gr-tr-tr","11":"pa_grammage-700-g-tr","12":"tm-no-options-pxq","14":"first","15":"instock","16":"featured","17":"taxable","18":"shipping-taxable","19":"purchasable","20":"product-type-variable"},"_links":{"self":[{"href":"https:\/\/deliceland.com\/tr\/wp-json\/wp\/v2\/product\/15864","targetHints":{"allow":["GET"]}}],"collection":[{"href":"https:\/\/deliceland.com\/tr\/wp-json\/wp\/v2\/product"}],"about":[{"href":"https:\/\/deliceland.com\/tr\/wp-json\/wp\/v2\/types\/product"}],"replies":[{"embeddable":true,"href":"https:\/\/deliceland.com\/tr\/wp-json\/wp\/v2\/comments?post=15864"}],"wp:featuredmedia":[{"embeddable":true,"href":"https:\/\/deliceland.com\/tr\/wp-json\/wp\/v2\/media\/15871"}],"wp:attachment":[{"href":"https:\/\/deliceland.com\/tr\/wp-json\/wp\/v2\/media?parent=15864"}],"wp:term":[{"taxonomy":"product_brand","embeddable":true,"href":"https:\/\/deliceland.com\/tr\/wp-json\/wp\/v2\/product_brand?post=15864"},{"taxonomy":"product_cat","embeddable":true,"href":"https:\/\/deliceland.com\/tr\/wp-json\/wp\/v2\/product_cat?post=15864"},{"taxonomy":"product_tag","embeddable":true,"href":"https:\/\/deliceland.com\/tr\/wp-json\/wp\/v2\/product_tag?post=15864"}],"curies":[{"name":"wp","href":"https:\/\/api.w.org\/{rel}","templated":true}]}}