{"id":15454,"date":"2022-03-01T19:27:22","date_gmt":"2022-03-01T19:27:22","guid":{"rendered":"https:\/\/deliceland.com\/produit\/loukoum-vizir-noisette\/"},"modified":"2024-01-14T14:34:44","modified_gmt":"2024-01-14T14:34:44","slug":"loukoum-vizir-noisette","status":"publish","type":"product","link":"https:\/\/deliceland.com\/tr\/loukoum-vizir-noisette\/","title":{"rendered":"Loukoum Vizir Noisette"},"content":{"rendered":"<div class=\"wpb-content-wrapper\"><p>[vc_row][vc_column width=&#8221;2\/3&#8243;][vc_column_text woodmart_inline=&#8221;no&#8221; text_larger=&#8221;no&#8221;]Loukoumlar\u0131m\u0131z glikoz \u015furubu veya yapay katk\u0131 maddesi i\u00e7ermez. E\u015fsiz bir lezzet i\u00e7in do\u011fal meyveleri ve kaliteli kuru meyveleri sizin i\u00e7in se\u00e7tik.<\/p>\n<p>D\u00e9lice Land bizim tutkumuzdur ve tek amac\u0131m\u0131z size Avrupa&#8217;n\u0131n en iyi T\u00fcrk lokumunu \u00e7ok basit bir tarifle sunmakt\u0131r: \u015feker, su ve ni\u015fasta!<br \/>\n\u0130ki y\u00fczy\u0131l\u0131 a\u015fk\u0131n s\u00fcredir \u015fekerlemede en iyi tat ve dokulardan biri oldu\u011fu kan\u0131tlanm\u0131\u015f bir kombinasyon!<\/p>\n<p>D\u00fcnyan\u0131n d\u00f6rt bir yan\u0131ndan \u00e7ok say\u0131da do\u011fal aroma ve tat i\u00e7eren geni\u015f bir loukoum \u00e7e\u015fitlili\u011fine sahibiz. Sadece do\u011fal renklendiriciler kullan\u0131yoruz, bu da vegan loukoum&#8217;lar\u0131m\u0131za do\u011fal \u00e7ekicili\u011fini veren \u015feydir.<\/p>\n<p>Geni\u015f bir distrib\u00fct\u00f6r a\u011f\u0131 ve kendini i\u015fine adam\u0131\u015f ortaklar\u0131m\u0131zla vegan loukoumlar\u0131m\u0131z k\u0131sa s\u00fcrede t\u00fcketicilerimizin be\u011fenisini kazand\u0131. Online sat\u0131\u015flar, lezzetli loukoumlar\u0131m\u0131z\u0131 sadece Fransa&#8217;da de\u011fil, t\u00fcm Avrupa&#8217;da sunmam\u0131z\u0131 sa\u011flad\u0131!<\/p>\n<p>Geleneksel, otantik bir tarife olan ba\u011fl\u0131l\u0131\u011f\u0131m\u0131z, Avrupa&#8217;n\u0131n en \u00fcst d\u00fczey T\u00fcrk lokumuna d\u00f6n\u00fc\u015ft\u00fc.<\/p>\n<p>Geriye sadece internetten ya da en yak\u0131n s\u00fcpermarketten sat\u0131n almak kal\u0131yor![\/vc_column_text][\/vc_column][vc_column width=&#8221;1\/3&#8243;][vc_single_image image=&#8221;7687&#8243; img_size=&#8221;full&#8221; parallax_scroll=&#8221;no&#8221; woodmart_inline=&#8221;no&#8221;][\/vc_column][\/vc_row]<\/p>\n<\/div>","protected":false},"excerpt":{"rendered":"<p>Dama\u011f\u0131m\u0131z\u0131 mutlu etmek i\u00e7in tatlar\u0131n m\u00fckemmel bir dengede olmas\u0131 gerekir. \u0130\u015fte bu y\u00fczden <b>D\u00e9lice Land vegan loukoumlar\u0131n\u0131 yaparken do\u011fal meyveleri ve kaliteli kuru meyveleri se\u00e7iyor!<\/b> Muhte\u015fem bir son \ud83d\ude09<\/p>\n","protected":false},"featured_media":15455,"comment_status":"open","ping_status":"closed","template":"","meta":[],"product_brand":[],"product_cat":[328,195],"product_tag":[],"class_list":{"0":"post-15454","1":"product","2":"type-product","3":"status-publish","4":"has-post-thumbnail","6":"product_cat-lokum-cesitleri","7":"product_cat-otantik","8":"product_shipping_class-packlink-tr","9":"pa_grammage-1500g","10":"pa_grammage-300gr-tr-tr","11":"pa_grammage-700-g-tr","12":"tm-no-options-pxq","14":"first","15":"outofstock","16":"taxable","17":"shipping-taxable","18":"product-type-variable"},"_links":{"self":[{"href":"https:\/\/deliceland.com\/tr\/wp-json\/wp\/v2\/product\/15454","targetHints":{"allow":["GET"]}}],"collection":[{"href":"https:\/\/deliceland.com\/tr\/wp-json\/wp\/v2\/product"}],"about":[{"href":"https:\/\/deliceland.com\/tr\/wp-json\/wp\/v2\/types\/product"}],"replies":[{"embeddable":true,"href":"https:\/\/deliceland.com\/tr\/wp-json\/wp\/v2\/comments?post=15454"}],"wp:featuredmedia":[{"embeddable":true,"href":"https:\/\/deliceland.com\/tr\/wp-json\/wp\/v2\/media\/15455"}],"wp:attachment":[{"href":"https:\/\/deliceland.com\/tr\/wp-json\/wp\/v2\/media?parent=15454"}],"wp:term":[{"taxonomy":"product_brand","embeddable":true,"href":"https:\/\/deliceland.com\/tr\/wp-json\/wp\/v2\/product_brand?post=15454"},{"taxonomy":"product_cat","embeddable":true,"href":"https:\/\/deliceland.com\/tr\/wp-json\/wp\/v2\/product_cat?post=15454"},{"taxonomy":"product_tag","embeddable":true,"href":"https:\/\/deliceland.com\/tr\/wp-json\/wp\/v2\/product_tag?post=15454"}],"curies":[{"name":"wp","href":"https:\/\/api.w.org\/{rel}","templated":true}]}}