{"id":14941,"date":"2022-03-01T19:28:56","date_gmt":"2022-03-01T19:28:56","guid":{"rendered":"https:\/\/deliceland.com\/produit\/loukoum-halep-fistigi-ve-sut\/"},"modified":"2023-09-14T12:58:19","modified_gmt":"2023-09-14T12:58:19","slug":"lokum-49","status":"publish","type":"product","link":"https:\/\/deliceland.com\/tr\/lokum-49\/","title":{"rendered":"Loukoum Halep F\u0131st\u0131\u011f\u0131 ve S\u00fct"},"content":{"rendered":"<div class=\"wpb-content-wrapper\"><p>[vc_row][vc_column width=&#8221;2\/3&#8243;][vc_column_text woodmart_inline=&#8221;no&#8221; text_larger=&#8221;no&#8221;]<\/p>\n<p><span style=\"font-weight: 400;\"> lokumsadece ola\u011fan\u00fcst\u00fc kalite ve lezzetleri i\u00e7in se\u00e7ilmi\u015f <em>do\u011fal \u00fcr\u00fcnler<\/em> i\u00e7erir.  <\/span><\/p>\n<p><em><span style=\"font-weight: 400;\">Bu  <\/span><\/em><span style=\"font-weight: 400;\"><em>Geleneksel<\/em> haz\u0131rlama <em>y\u00f6ntemi<\/em>, meyvenin katk\u0131 maddesi veya kimyasal madde eklenmeden t\u00fcm orijinal \u00f6zelliklerini korudu\u011fu anlam\u0131na gelir. lokum, \u00e7ay ve kahveleriniz i\u00e7in ideal bir tatl\u0131d\u0131r.<\/span><\/p>\n<p><span style=\"font-weight: 400;\">D\u00e9lice Land bizim tutkumuzdur ve tek amac\u0131m\u0131z size \u00e7ok basit bir tarifle Avrupa&#8217;n\u0131n en iyi lokumsunmakt\u0131r: \u015feker, su ve ni\u015fasta!<\/span><\/p>\n<p><span style=\"font-weight: 400;\">\u0130ki y\u00fczy\u0131l\u0131 a\u015fk\u0131n s\u00fcredir \u015fekerlemede en iyi tat ve dokulardan biri oldu\u011fu kan\u0131tlanm\u0131\u015f bir kombinasyon!<\/span><\/p>\n<p><span style=\"font-weight: 400;\">D\u00fcnyan\u0131n d\u00f6rt bir yan\u0131ndan \u00e7ok say\u0131da do\u011fal tat ve aromaya sahip \u00e7ok \u00e7e\u015fitli lokumbulunmaktad\u0131r. Sonu\u00e7, harika bir ev yap\u0131m\u0131 hediye veya kendiniz i\u00e7in lezzetli bir ikram olacak do\u011fal ve lezzetli bir aroma ve tada sahip benzersiz bir \u015fekerlemedir!<\/span><\/p>\n<p><span style=\"font-weight: 400;\">Geni\u015f bir distrib\u00fct\u00f6r a\u011f\u0131 ve kendini i\u015fine adam\u0131\u015f ortaklar\u0131m\u0131zla vegan lokumk\u0131sa s\u00fcrede t\u00fcketicilerimizin be\u011fenisini kazand\u0131. Online sat\u0131\u015f imkan\u0131, lezzetli lokumFransa&#8217;n\u0131n yan\u0131 s\u0131ra Avrupa&#8217;n\u0131n d\u00f6rt bir yan\u0131na ula\u015ft\u0131rmam\u0131z\u0131 sa\u011flad\u0131!<\/span><\/p>\n<p><span style=\"font-weight: 400;\">Geleneksel, otantik bir tarife olan ba\u011fl\u0131l\u0131\u011f\u0131m\u0131z, Avrupa&#8217;n\u0131n en iyi T\u00fcrk lokumuna d\u00f6n\u00fc\u015ft\u00fc. <\/span><span style=\"font-weight: 400;\">Geriye <strong>kalan<\/strong> tek \u015fey <strong>internetten veya en yak\u0131n s\u00fcpermarketten \/ mini marketten sat\u0131n almak!<\/strong><\/span><\/p>\n<p><span style=\"font-weight: 400;\">Lokum Lokumunun tad\u0131n\u0131 \u00e7e\u015fitli \u015fekillerde \u00e7\u0131karabilirsiniz!<\/span><\/p>\n<p><span style=\"font-weight: 400;\">Lokum gelmi\u015f ge\u00e7mi\u015f en lezzetli ve e\u015fsiz hediyedir. Bu l\u00fcks \u00fcr\u00fcn yelpazesi, nerede olursan\u0131z olun size \u0130stanbul lokum&#8217;u hat\u0131rlatan yumu\u015fak, p\u00fcr\u00fczs\u00fcz ve \u00e7ok taze, harika g\u00fcl ve nar aromal\u0131 lokumdoludur. Bu Orta Do\u011fu lezzetinin otantik tad\u0131 her misafiri veya ev sahibini memnun edecektir. Bu taze pi\u015fmi\u015f lokumtad\u0131n\u0131 favori restoran\u0131n\u0131zda veya evinizde bir tabakta \u00e7\u0131karabilirler.<\/span><\/p>\n<ul>\n<li><span style=\"font-weight: 400;\"> <\/span><span style=\"font-weight: 400;\">S\u00fct \u00fcr\u00fcnleri yok<\/span><\/li>\n<li><span style=\"font-weight: 400;\">Vegan &amp; Helal G\u0131da<\/span><\/li>\n<li><span style=\"font-weight: 400;\">Orijinal pancar k\u00f6k\u00fc \u015fekeri ile yap\u0131lm\u0131\u015ft\u0131r (glikoz \u015furubu i\u00e7ermez)<\/span><\/li>\n<li><span style=\"font-weight: 400;\">Bu \u00e7e\u015fitler en az 5 lokumseveri doyuracak kadar b\u00fcy\u00fckt\u00fcr.<\/span><\/li>\n<\/ul>\n<p><span style=\"font-weight: 400;\">\u00d6zel g\u00fcnler i\u00e7in ideal hediye: Paket, ger\u00e7ek kurutulmu\u015f g\u00fcl yapraklar\u0131, Antep f\u0131st\u0131\u011f\u0131 tozu, hindistan cevizi ve Kadai fiyonklar\u0131 (GLUTEN i\u00e7erir) ile kapl\u0131 b\u00fcy\u00fck kesme lokumile birlikte gelir.<\/span><\/p>\n<p><span style=\"font-weight: 400;\">Do\u011fum g\u00fcn\u00fc hediyeleri, Cad\u0131lar Bayram\u0131 \u015fekeri, \u015e\u00fckran G\u00fcn\u00fc \u015fekeri, Noel hediyeleri, tatl\u0131 hediyeleri, Sevgililer G\u00fcn\u00fc hediyeleri, tatil hediyeleri, Anneler G\u00fcn\u00fc hediyeleri, Babalar G\u00fcn\u00fc hediyeleri, Aziz Patrick G\u00fcn\u00fc hediyeleri, Anneler G\u00fcn\u00fc hediyeleri, Paskalya hediyeleri, \u00f6zel ikramlar ve t\u00fcm \u00f6zel g\u00fcnleriniz i\u00e7in idealdir.<\/span><\/p>\n<p><span style=\"font-weight: 400;\">\u00dcr\u00fcnlerimiz taze \u00fcretilmektedir: T\u00fcm lokum\u00fcr\u00fcnlerimiz m\u0131s\u0131r ni\u015fastas\u0131ndan (m\u0131s\u0131r) \u00fcretilmekte olup, hijyenik, y\u00fcksek teknolojiye sahip kapal\u0131 tesisimizde taze olarak \u00fcretilmektedir.  <\/span><span style=\"font-weight: 400;\"> lokumlokumuna orijinal ve e\u015fsiz bir tat katmak i\u00e7in hi\u00e7bir yapay renklendirici veya aroma, katk\u0131 maddesi veya koruyucu kullanm\u0131yoruz. Daha iyi bir tatl\u0131 deneyimi i\u00e7in stoklar\u0131m\u0131z\u0131 s\u0131k s\u0131k yenilemeye devam ediyoruz. L\u00fctfen di\u011fer farkl\u0131 T\u00fcrk lezzetlerimizi de deneyin.<\/span><\/p>\n<p><span style=\"font-weight: 400;\"><strong>Lokum nas\u0131l yenir?<\/strong><\/span><\/p>\n<p><span style=\"font-weight: 400;\">So\u011fuk mevsimlerde l\u00fctfen oda s\u0131cakl\u0131\u011f\u0131nda muhafaza ediniz. <\/span><b>20-23\u00b0C<\/b><span style=\"font-weight: 400;\">. D\u00fc\u015f\u00fck s\u0131cakl\u0131klar nedeniyle transit lokumtatl\u0131 olmayacakt\u0131r. Evde veya ofiste misafirleriniz i\u00e7in \u00e7ay veya kahve ile servis edilen m\u00fckemmel at\u0131\u015ft\u0131rmal\u0131k.<\/span><\/p>\n<p><b>\u0130\u00e7indekiler<\/b><\/p>\n<p><span style=\"font-weight: 400;\">\u015eeker, m\u0131s\u0131r ni\u015fastas\u0131, su, f\u0131nd\u0131k, sitrik asit, g\u0131da aromas\u0131, saponaria k\u00f6k\u00fc ekstresi, do\u011fal aromalar: berberis, g\u00fcl, antep f\u0131st\u0131\u011f\u0131, badem, g\u00fcl yapraklar\u0131, hindistan cevizi, f\u0131nd\u0131k, kadif, f\u0131nd\u0131k kremas\u0131, kay\u0131s\u0131, f\u0131nd\u0131k, nar (\u00fcr\u00fcne ve aromaya ba\u011fl\u0131 olarak).<\/span><\/p>\n<p><b>Diyetler ve alerjenler<\/b><\/p>\n<ul>\n<li><span style=\"font-weight: 400;\">Glutensiz, Helal, Vejetaryen \u00dcr\u00fcn<\/span><\/li>\n<li><span style=\"font-weight: 400;\">\u0130\u00e7indekiler: F\u0131nd\u0131k<\/span><\/li>\n<\/ul>\n<p><b>\u0130\u00e7erebilir :<\/b><\/p>\n<p><span style=\"font-weight: 400;\">S\u00fct ve s\u00fct \u00fcr\u00fcnleri (laktoz dahil) Badem ve badem \u00fcr\u00fcnleri F\u0131nd\u0131k ve f\u0131nd\u0131k \u00fcr\u00fcnleri Kaju f\u0131st\u0131\u011f\u0131 ve kaju \u00fcr\u00fcnleri Pikan cevizi, Antep f\u0131st\u0131\u011f\u0131 ve Antep f\u0131st\u0131\u011f\u0131 \u00fcr\u00fcnleri<\/span><\/p>\n<p><b>Besin de\u011ferleri<\/b><\/p>\n<p><span style=\"font-weight: 400;\">Sat\u0131ld\u0131\u011f\u0131 gibi <\/span> <span style=\"font-weight: 400;\">100g Ba\u015f\u0131na<\/span><\/p>\n<p><span style=\"font-weight: 400;\">Enerji de\u011feri <\/span> <span style=\"font-weight: 400;\">1786 kJ \/ <\/span><span style=\"font-weight: 400;\">426,9 kcal<\/span><\/p>\n<ul>\n<li><span style=\"font-weight: 400;\">Ya\u011f 15,6 g<\/span><\/li>\n<li><span style=\"font-weight: 400;\">Protein <\/span><span style=\"font-weight: 400;\">5,5 g<\/span><\/li>\n<li><span style=\"font-weight: 400;\">Tuz <\/span><span style=\"font-weight: 400;\">0,001 g<\/span><\/li>\n<li><span style=\"font-weight: 400;\">Karbonhidratlar <\/span><span style=\"font-weight: 400;\">69,2 g<\/span><\/li>\n<li><span style=\"font-weight: 400;\">\u015eekerler <\/span><span style=\"font-weight: 400;\">57,3 g<\/span><\/li>\n<li><span style=\"font-weight: 400;\">Doymu\u015f ya\u011f asitleri <\/span><span style=\"font-weight: 400;\">2,6 g<\/span><\/li>\n<\/ul>\n<p><span style=\"font-weight: 400;\"> <\/span><b>\u00d6zel saklama ko\u015fullar\u0131<\/b><\/p>\n<p><span style=\"font-weight: 400;\">Saklama talimatlar\u0131: A\u00e7madan \u00f6nce ve sonra oda s\u0131cakl\u0131\u011f\u0131nda (15\/20\u00b0C), \u0131s\u0131 ve nemden uzakta saklay\u0131n.<\/span><\/p>\n<p><b>Kullan\u0131m Ko\u015fullar\u0131<\/b><\/p>\n<p><span style=\"font-weight: 400;\">A\u00e7\u0131ld\u0131ktan sonra 7 g\u00fcn i\u00e7inde t\u00fcketilmelidir.<\/span><\/p>\n<p><b>A\u00e7\u0131klama<\/b><\/p>\n<p><span style=\"font-weight: 400;\"> lokumglikoz \u015furubu veya yapay katk\u0131 maddesi i\u00e7ermez. E\u015fsiz bir lezzet i\u00e7in do\u011fal meyveleri ve kaliteli kuru meyveleri sizin i\u00e7in se\u00e7tik.<\/span><\/p>\n<p><span style=\"font-weight: 400;\">D\u00e9lice Land&#8217;de size Avrupa&#8217;n\u0131n en iyi lokumsunmak i\u00e7in \u00e7al\u0131\u015f\u0131yoruz. \u00dcr\u00fcnlerimizin y\u00fcksek kalitede lezzet, tazelik ve sa\u011fl\u0131kl\u0131 i\u00e7erikler sunarak beklentilerinizi kar\u015f\u0131lamas\u0131n\u0131 sa\u011flamak i\u00e7in buraday\u0131z.  lokumseviyorsan\u0131z ve herhangi bir sorunuz varsa, l\u00fctfen bizimle ileti\u015fime ge\u00e7in!<\/span><\/p>\n<p><span style=\"font-weight: 400;\">Nesillerdir sevilerek t\u00fcketilen ve d\u00fcnyaca \u00fcnl\u00fc bir lezzet kombinasyonu olan lokum lokum \u015feker, su ve ni\u015fastan\u0131n m\u00fckemmel uyumundan olu\u015fmaktad\u0131r.<\/span><\/p>\n<p>M\u00fc\u015fterilerimize piyasadaki en lezzetli ve ho\u015fg\u00f6r\u00fcl\u00fc lokumsunmaktan mutluluk duyuyoruz.  lokum, lezzetli oldu\u011fu kadar g\u00fczel olmas\u0131n\u0131 sa\u011flamak i\u00e7in do\u011fal renklendirmeyle birlikte \u00e7ok \u00e7e\u015fitli tat ve aromalarda gelir.<\/p>\n<p>[\/vc_column_text][\/vc_column][vc_column width=&#8221;1\/3&#8243;][vc_single_image image=&#8221;7687&#8243; img_size=&#8221;full&#8221; parallax_scroll=&#8221;no&#8221; woodmart_inline=&#8221;no&#8221;][\/vc_column][\/vc_row]<\/p>\n<\/div>","protected":false},"excerpt":{"rendered":"<p><span style=\"font-weight: 400;\">Antep <strong>F\u0131st\u0131kl\u0131 ve S\u00fctl\u00fc Lukoum<\/strong> &#8216;un \u00e7\u0131t\u0131rl\u0131\u011f\u0131n\u0131 <strong>ve<\/strong> lezzetini ke\u015ffedin ve size kaliteli bir \u00fcr\u00fcn\u00fc garanti etmek i\u00e7in <strong>do\u011fal ve vegan \u00fcr\u00fcnlerle yap\u0131lan ger\u00e7ek T\u00fcrk f\u0131st\u0131klar\u0131n\u0131n tad<\/strong> \u0131na var\u0131n.  lokum \u00e7e\u015fitlerimiz t\u00fcm damak tatlar\u0131n\u0131 tatmin eder ve ola\u011fan\u00fcst\u00fc bir ho\u015fg\u00f6r\u00fc an\u0131n\u0131 garanti eder.  <\/span><\/p>\n<p><span style=\"font-weight: 400;\">Bu tatl\u0131 ikram\u0131n tad\u0131n\u0131 iyi bir T\u00fcrk kahvesi veya s\u0131cak \u00e7ay ile \u00e7\u0131kar\u0131n.  lokum \u00e7e\u015fitlerimiz, t\u00fcm damaklar\u0131 tatmin eder ve ola\u011fan\u00fcst\u00fc bir a\u00e7g\u00f6zl\u00fcl\u00fck an\u0131n\u0131 garanti eder.<\/span><\/p>\n","protected":false},"featured_media":14946,"comment_status":"open","ping_status":"closed","template":"","meta":[],"product_brand":[],"product_cat":[328,146,149],"product_tag":[],"class_list":{"0":"post-14941","1":"product","2":"type-product","3":"status-publish","4":"has-post-thumbnail","6":"product_cat-lokum-cesitleri","7":"product_cat-deluxe-tr","8":"product_cat-premium-tr","9":"product_shipping_class-packlink-tr","10":"pa_grammage-1500g","11":"pa_grammage-300gr-tr-tr","12":"pa_grammage-700-g-tr","13":"tm-no-options-pxq","15":"first","16":"outofstock","17":"taxable","18":"shipping-taxable","19":"product-type-variable"},"_links":{"self":[{"href":"https:\/\/deliceland.com\/tr\/wp-json\/wp\/v2\/product\/14941","targetHints":{"allow":["GET"]}}],"collection":[{"href":"https:\/\/deliceland.com\/tr\/wp-json\/wp\/v2\/product"}],"about":[{"href":"https:\/\/deliceland.com\/tr\/wp-json\/wp\/v2\/types\/product"}],"replies":[{"embeddable":true,"href":"https:\/\/deliceland.com\/tr\/wp-json\/wp\/v2\/comments?post=14941"}],"wp:featuredmedia":[{"embeddable":true,"href":"https:\/\/deliceland.com\/tr\/wp-json\/wp\/v2\/media\/14946"}],"wp:attachment":[{"href":"https:\/\/deliceland.com\/tr\/wp-json\/wp\/v2\/media?parent=14941"}],"wp:term":[{"taxonomy":"product_brand","embeddable":true,"href":"https:\/\/deliceland.com\/tr\/wp-json\/wp\/v2\/product_brand?post=14941"},{"taxonomy":"product_cat","embeddable":true,"href":"https:\/\/deliceland.com\/tr\/wp-json\/wp\/v2\/product_cat?post=14941"},{"taxonomy":"product_tag","embeddable":true,"href":"https:\/\/deliceland.com\/tr\/wp-json\/wp\/v2\/product_tag?post=14941"}],"curies":[{"name":"wp","href":"https:\/\/api.w.org\/{rel}","templated":true}]}}