{"id":14782,"date":"2022-04-18T11:01:46","date_gmt":"2022-04-18T11:01:46","guid":{"rendered":"https:\/\/deliceland.com\/produit\/loukoum-karisik-amsterdam\/"},"modified":"2024-03-14T23:38:28","modified_gmt":"2024-03-14T23:38:28","slug":"loukoum-mixte-amsterdam","status":"publish","type":"product","link":"https:\/\/deliceland.com\/tr\/loukoum-mixte-amsterdam\/","title":{"rendered":"Loukoum Kar\u0131\u015f\u0131k Amsterdam"},"content":{"rendered":"<div class=\"wpb-content-wrapper\"><p>[vc_row][vc_column][vc_column_text woodmart_inline=&#8221;no&#8221; text_larger=&#8221;no&#8221;]<strong>T\u00fcrk lokumunun t\u00fcm lezzetlerini ke\u015ffedin!<\/strong><\/p>\n<p>Loukoumlar\u0131m\u0131z, loukoum&#8217;un ba\u015fkenti \u0130stanbul&#8217;dan gelen rakipsiz uzmanl\u0131k kullan\u0131larak el yap\u0131m\u0131 olarak \u00fcretilmektedir! D\u00e9lice Land, sizi yeni bir d\u00fcnyay\u0131 ke\u015ffetmeye davet ediyor.  <strong>Farkl\u0131 gurme renk ve tatlara sahip 3 loukoum kar\u0131\u015f\u0131m\u0131. Berberis Loukoum, otantik tad\u0131yla bilinen hasat edilmi\u015f k\u0131rm\u0131z\u0131 meyvelerden elde edilen e\u015fsiz, keskin tad\u0131 ile nar\u0131n tatl\u0131l\u0131\u011f\u0131yla m\u00fckemmel bir uyum sa\u011flar. Cocostar Lukoum ile hindistan cevizinin tatl\u0131l\u0131\u011f\u0131n\u0131n, p\u00fcr\u00fczs\u00fcz kremas\u0131n\u0131n ve bu lezzete \u00e7\u0131t\u0131rt\u0131 katan f\u0131nd\u0131klar\u0131n tad\u0131n\u0131 \u00e7\u0131karabilirsiniz. G\u00fcl yaprakl\u0131, narl\u0131 ve f\u0131st\u0131kl\u0131 Lukoum, lezzetlerin m\u00fckemmel bir kar\u0131\u015f\u0131m\u0131d\u0131r.  <\/strong><\/p>\n<p>Bu T\u00fcrk lokumu kutusu her zevke, her sofraya ve her duruma hitap edecek! Lukoum, bir anl\u0131k ho\u015fg\u00f6r\u00fc i\u00e7in m\u00fckemmel bir tatl\u0131d\u0131r ve en iyi bir bardak \u00e7ay veya T\u00fcrk kahvesi ile t\u00fcketilir.<\/p>\n<p><strong>Ki\u015fiselle\u015ftirilmi\u015f bir mesaj istiyorsan\u0131z a\u011f\u0131rl\u0131\u011f\u0131n\u0131z\u0131 se\u00e7in ve sipari\u015finizi verin. Sipari\u015finiz 48 saat i\u00e7inde kargoya verilecektir!<\/strong><\/p>\n<div id=\"mciapp-exclusion-container\"><\/div>\n<p>[\/vc_column_text][\/vc_column][\/vc_row]<\/p>\n<\/div>","protected":false},"excerpt":{"rendered":"<ul>\n<li>Royal Cube Berberis Mix F\u0131nd\u0131k<\/li>\n<li>Royal Roul\u00e9 Cocostar<\/li>\n<li>G\u00fcl, Nar ve Antep F\u0131st\u0131\u011f\u0131 Yapraklar\u0131<\/li>\n<\/ul>\n<div class=\"woocommerce-product-details__short-description\">\n<p>Bu lezzet kar\u0131\u015f\u0131m\u0131n\u0131 bizim ile ke\u015ffedin  <strong>Rafine renk ve tatlara sahip 3 loukoum.<\/strong>  \u00c7\u0131t\u0131rl\u0131\u011f\u0131 ve a\u00e7g\u00f6zl\u00fcl\u00fc\u011f\u00fc  <strong>loukoum Berberis<\/strong>ya da hindistan cevizinin tatl\u0131l\u0131\u011f\u0131 ile<strong>oukoum cocostar<\/strong>  ve son olarak  <strong>g\u00fcl yapraklar\u0131, nar ve antep f\u0131st\u0131kl\u0131 loukoum<\/strong>  Renkleri ve a\u00e7g\u00f6zl\u00fcl\u00fc\u011f\u00fcyle ba\u015ftan \u00e7\u0131karan.<\/p>\n<\/div>\n<div class=\"wd-shipping-progress-bar wd-style-bordered\">\n<div class=\"wd-progress-bar wd-free-progress-bar\"><\/div>\n<\/div>\n<p>&nbsp;<\/p>\n<p>&nbsp;<\/p>\n<div id=\"mciapp-exclusion-container\"><\/div>\n<div id=\"mciapp-exclusion-container\"><\/div>\n<div id=\"mciapp-exclusion-container\"><\/div>\n","protected":false},"featured_media":14003,"comment_status":"open","ping_status":"closed","template":"","meta":[],"product_brand":[],"product_cat":[328,143],"product_tag":[],"class_list":{"0":"post-14782","1":"product","2":"type-product","3":"status-publish","4":"has-post-thumbnail","6":"product_cat-lokum-cesitleri","7":"product_cat-karisik","8":"product_shipping_class-packlink-tr","9":"pa_grammage-1500g","10":"pa_grammage-300gr-tr-tr","11":"pa_grammage-700-g-tr","12":"tm-no-options-pxq","14":"first","15":"instock","16":"taxable","17":"shipping-taxable","18":"purchasable","19":"product-type-variable"},"jetpack-related-posts":[],"_links":{"self":[{"href":"https:\/\/deliceland.com\/tr\/wp-json\/wp\/v2\/product\/14782","targetHints":{"allow":["GET"]}}],"collection":[{"href":"https:\/\/deliceland.com\/tr\/wp-json\/wp\/v2\/product"}],"about":[{"href":"https:\/\/deliceland.com\/tr\/wp-json\/wp\/v2\/types\/product"}],"replies":[{"embeddable":true,"href":"https:\/\/deliceland.com\/tr\/wp-json\/wp\/v2\/comments?post=14782"}],"wp:featuredmedia":[{"embeddable":true,"href":"https:\/\/deliceland.com\/tr\/wp-json\/wp\/v2\/media\/14003"}],"wp:attachment":[{"href":"https:\/\/deliceland.com\/tr\/wp-json\/wp\/v2\/media?parent=14782"}],"wp:term":[{"taxonomy":"product_brand","embeddable":true,"href":"https:\/\/deliceland.com\/tr\/wp-json\/wp\/v2\/product_brand?post=14782"},{"taxonomy":"product_cat","embeddable":true,"href":"https:\/\/deliceland.com\/tr\/wp-json\/wp\/v2\/product_cat?post=14782"},{"taxonomy":"product_tag","embeddable":true,"href":"https:\/\/deliceland.com\/tr\/wp-json\/wp\/v2\/product_tag?post=14782"}],"curies":[{"name":"wp","href":"https:\/\/api.w.org\/{rel}","templated":true}]}}