{"id":14771,"date":"2022-04-18T12:13:37","date_gmt":"2022-04-18T12:13:37","guid":{"rendered":"https:\/\/deliceland.com\/produit\/loukoum-karisik-atina\/"},"modified":"2025-10-14T09:22:14","modified_gmt":"2025-10-14T09:22:14","slug":"loukoum-mixte-athenes","status":"publish","type":"product","link":"https:\/\/deliceland.com\/tr\/loukoum-mixte-athenes\/","title":{"rendered":"Loukoum Kar\u0131\u015f\u0131k Atina"},"content":{"rendered":"<div class=\"wpb-content-wrapper\"><p>[vc_row][vc_column][vc_column_text woodmart_inline=&#8221;no&#8221; text_larger=&#8221;no&#8221;]<strong>\u00c7\u0131t\u0131r hayranlar\u0131 i\u00e7in loukoum kutusu  <\/strong><\/p>\n<p>Loukoumlar\u0131m\u0131z, loukoum&#8217;un ba\u015fkenti \u0130stanbul&#8217;dan gelen rakipsiz uzmanl\u0131k kullan\u0131larak el yap\u0131m\u0131 olarak \u00fcretilmektedir! D\u00e9lice Land sizi <strong>farkl\u0131 renk ve tatlarda 3 lezzetli loukoum kar\u0131\u015f\u0131m\u0131n\u0131 <\/strong> ke\u015ffetmeye davet ediyor.  <\/p>\n<ul>\n<li><strong>Loukoum Royal Cube Berberis Mix Kuruyemi\u015f<\/strong><\/li>\n<li><strong>G\u00fcl, Nar ve Antep F\u0131st\u0131\u011f\u0131 Yapraklar\u0131, nar, g\u00fcl ve Antep f\u0131st\u0131\u011f\u0131n\u0131n birle\u015fiminden ola\u011fan\u00fcst\u00fc bir T\u00fcrk lokumu yarat\u0131r.  <\/strong><\/li>\n<li><strong>Royal Roul\u00e9 \u0130ncir ve F\u0131nd\u0131k Tozu, ceviz ve antep f\u0131st\u0131\u011f\u0131n\u0131n birle\u015fimi size yeni hisler ke\u015ffettirecek.  <\/strong><\/li>\n<\/ul>\n<p>Bu T\u00fcrk lokumu kutusu her zevke, her sofraya ve her duruma hitap edecek! Lukoum, bir anl\u0131k ho\u015fg\u00f6r\u00fc i\u00e7in m\u00fckemmel bir tatl\u0131d\u0131r ve en iyi bir bardak \u00e7ay veya T\u00fcrk kahvesi ile t\u00fcketilir.<\/p>\n<p><strong>Ki\u015fiselle\u015ftirilmi\u015f bir mesaj istiyorsan\u0131z a\u011f\u0131rl\u0131\u011f\u0131n\u0131z\u0131 se\u00e7in ve sipari\u015finizi verin. Sipari\u015finiz 48 saat i\u00e7inde kargoya verilecektir!<\/strong><\/p>\n<div id=\"mciapp-exclusion-container\"><\/div>\n<p>[\/vc_column_text][\/vc_column][\/vc_row]<\/p>\n<\/div>","protected":false},"excerpt":{"rendered":"<ul>\n<li>Royal Cube Berberis Mix F\u0131nd\u0131k<\/li>\n<li>Royal Roul\u00e9 \u0130ncir ve F\u0131nd\u0131k Tozu<\/li>\n<li>G\u00fcl, Nar ve Antep F\u0131st\u0131\u011f\u0131 Yapraklar\u0131<\/li>\n<\/ul>\n<p>Sizi a\u015f\u0131k edecek bir loukoum kar\u0131\u015f\u0131m\u0131n\u0131, <strong>g\u00fcl yapraklar\u0131, nar ve antep f\u0131st\u0131\u011f\u0131 ile loukoumun<\/strong> tatl\u0131l\u0131\u011f\u0131n\u0131 ke\u015ffedin. Tatl\u0131ya d\u00fc\u015fk\u00fcn olanlar i\u00e7in <strong>incir<\/strong> ve cevizli loukoum ve daha \u015fehvetli bir \u015feyler arayanlar i\u00e7in <strong>berberis<\/strong> loukoum.<\/p>\n<div id=\"mciapp-exclusion-container\"><\/div>\n","protected":false},"featured_media":13999,"comment_status":"open","ping_status":"closed","template":"","meta":[],"product_brand":[],"product_cat":[328,143],"product_tag":[],"class_list":{"0":"post-14771","1":"product","2":"type-product","3":"status-publish","4":"has-post-thumbnail","6":"product_cat-lokum-cesitleri","7":"product_cat-karisik","8":"product_shipping_class-packlink-tr","9":"pa_grammage-1500g","10":"pa_grammage-300gr-tr-tr","11":"pa_grammage-700-g-tr","12":"tm-no-options-pxq","14":"first","15":"instock","16":"taxable","17":"shipping-taxable","18":"purchasable","19":"product-type-variable"},"_links":{"self":[{"href":"https:\/\/deliceland.com\/tr\/wp-json\/wp\/v2\/product\/14771","targetHints":{"allow":["GET"]}}],"collection":[{"href":"https:\/\/deliceland.com\/tr\/wp-json\/wp\/v2\/product"}],"about":[{"href":"https:\/\/deliceland.com\/tr\/wp-json\/wp\/v2\/types\/product"}],"replies":[{"embeddable":true,"href":"https:\/\/deliceland.com\/tr\/wp-json\/wp\/v2\/comments?post=14771"}],"wp:featuredmedia":[{"embeddable":true,"href":"https:\/\/deliceland.com\/tr\/wp-json\/wp\/v2\/media\/13999"}],"wp:attachment":[{"href":"https:\/\/deliceland.com\/tr\/wp-json\/wp\/v2\/media?parent=14771"}],"wp:term":[{"taxonomy":"product_brand","embeddable":true,"href":"https:\/\/deliceland.com\/tr\/wp-json\/wp\/v2\/product_brand?post=14771"},{"taxonomy":"product_cat","embeddable":true,"href":"https:\/\/deliceland.com\/tr\/wp-json\/wp\/v2\/product_cat?post=14771"},{"taxonomy":"product_tag","embeddable":true,"href":"https:\/\/deliceland.com\/tr\/wp-json\/wp\/v2\/product_tag?post=14771"}],"curies":[{"name":"wp","href":"https:\/\/api.w.org\/{rel}","templated":true}]}}