{"id":14759,"date":"2022-04-18T12:33:58","date_gmt":"2022-04-18T12:33:58","guid":{"rendered":"https:\/\/deliceland.com\/produit\/loukoum-karisik-berlin\/"},"modified":"2024-03-14T23:40:12","modified_gmt":"2024-03-14T23:40:12","slug":"loukoum-mixte-berlin","status":"publish","type":"product","link":"https:\/\/deliceland.com\/tr\/loukoum-mixte-berlin\/","title":{"rendered":"Loukoum Kar\u0131\u015f\u0131k Berlin"},"content":{"rendered":"<p><strong>Gelenek ve modernli\u011fi birle\u015ftiren loukoum kutusu<\/strong><\/p>\n<p>Loukoumlar\u0131m\u0131z, loukoum&#8217;un ba\u015fkenti \u0130stanbul&#8217;dan gelen rakipsiz uzmanl\u0131k kullan\u0131larak el yap\u0131m\u0131d\u0131r, ancak ayn\u0131 zamanda modern lezzetleri birle\u015ftirmeye de hevesliyiz! D\u00e9lice Land, &#8220;melek sa\u00e7\u0131n\u0131&#8221; and\u0131ran ince eri\u015ftelerden yap\u0131lan kaday\u0131f ve bademli <b>loukoum <\/b>ile sizi <b>Berlin loukoum kutusunu ke\u015ffetmeye <\/b>davet ediyor. Enfes bir f\u0131nd\u0131k kremas\u0131yla doldurulmu\u015f bu otantik tatl\u0131, kaday\u0131f, size orijinal tat duyular\u0131n\u0131 ke\u015ffettirecek. Maksimum ho\u015fg\u00f6r\u00fc i\u00e7in \u00e7ikolata par\u00e7alar\u0131yla kaplanm\u0131\u015f oreo kremas\u0131 ve klasikli\u011fi korumak i\u00e7in antep f\u0131st\u0131kl\u0131 loukoum!<\/p>\n<p>Bu kutu gurme lezzetleri sevenler i\u00e7in haz\u0131rland\u0131. Lukoum, bir anl\u0131k ho\u015fg\u00f6r\u00fc i\u00e7in m\u00fckemmel bir tatl\u0131d\u0131r ve en iyi bir bardak \u00e7ay veya T\u00fcrk kahvesi ile t\u00fcketilir.<\/p>\n<p><strong>Ki\u015fiselle\u015ftirilmi\u015f bir mesaj istiyorsan\u0131z a\u011f\u0131rl\u0131\u011f\u0131n\u0131z\u0131 se\u00e7in ve sipari\u015finizi verin. Sipari\u015finiz 48 saat i\u00e7inde kargoya verilecektir!<\/strong><\/p>\n<div id=\"mciapp-exclusion-container\"><\/div>\n<div id=\"mciapp-exclusion-container\"><\/div>\n<div id=\"mciapp-exclusion-container\"><\/div>\n","protected":false},"excerpt":{"rendered":"<ul>\n<li>Royal Kaday\u0131f ve Bademli Rulo<\/li>\n<li>Kraliyet Oreo ve Krema Rulolar\u0131<\/li>\n<li>Kraliyet F\u0131st\u0131kl\u0131 Rulo<\/li>\n<\/ul>\n<p><span style=\"font-weight: 400;\"><strong>Geleneksel ile rafine moderni birle\u015ftiren renk ve tatlara sahip loukoum<\/strong> kar\u0131\u015f\u0131m\u0131m\u0131zla bu lezzet kar\u0131\u015f\u0131m\u0131n\u0131 ke\u015ffedin. Bu loukoum kutusu <strong>3 \u00e7e\u015fit<\/strong> loukoum i\u00e7erir. <strong>Kaday\u0131f<\/strong> ve bademli loukoum \u00c7\u0131t\u0131r \u00e7\u0131t\u0131r bir lezzet. Orijinal<strong> oreo ve kremal\u0131 lo<\/strong>ukoum rulosu. Kremal\u0131 <strong>f\u0131st\u0131kl\u0131 loukoum<\/strong> rulosu.<\/span><\/p>\n<p>&nbsp;<\/p>\n<div id=\"mciapp-exclusion-container\"><\/div>\n<div id=\"mciapp-exclusion-container\"><\/div>\n<div id=\"mciapp-exclusion-container\"><\/div>\n","protected":false},"featured_media":14001,"comment_status":"open","ping_status":"closed","template":"","meta":[],"product_brand":[],"product_cat":[328,143],"product_tag":[],"class_list":{"0":"post-14759","1":"product","2":"type-product","3":"status-publish","4":"has-post-thumbnail","6":"product_cat-lokum-cesitleri","7":"product_cat-karisik","8":"product_shipping_class-packlink-tr","9":"pa_grammage-1500g","10":"pa_grammage-300gr-tr-tr","11":"pa_grammage-700-g-tr","12":"tm-no-options-pxq","14":"first","15":"instock","16":"taxable","17":"shipping-taxable","18":"purchasable","19":"product-type-variable"},"_links":{"self":[{"href":"https:\/\/deliceland.com\/tr\/wp-json\/wp\/v2\/product\/14759","targetHints":{"allow":["GET"]}}],"collection":[{"href":"https:\/\/deliceland.com\/tr\/wp-json\/wp\/v2\/product"}],"about":[{"href":"https:\/\/deliceland.com\/tr\/wp-json\/wp\/v2\/types\/product"}],"replies":[{"embeddable":true,"href":"https:\/\/deliceland.com\/tr\/wp-json\/wp\/v2\/comments?post=14759"}],"wp:featuredmedia":[{"embeddable":true,"href":"https:\/\/deliceland.com\/tr\/wp-json\/wp\/v2\/media\/14001"}],"wp:attachment":[{"href":"https:\/\/deliceland.com\/tr\/wp-json\/wp\/v2\/media?parent=14759"}],"wp:term":[{"taxonomy":"product_brand","embeddable":true,"href":"https:\/\/deliceland.com\/tr\/wp-json\/wp\/v2\/product_brand?post=14759"},{"taxonomy":"product_cat","embeddable":true,"href":"https:\/\/deliceland.com\/tr\/wp-json\/wp\/v2\/product_cat?post=14759"},{"taxonomy":"product_tag","embeddable":true,"href":"https:\/\/deliceland.com\/tr\/wp-json\/wp\/v2\/product_tag?post=14759"}],"curies":[{"name":"wp","href":"https:\/\/api.w.org\/{rel}","templated":true}]}}