{"id":14750,"date":"2022-04-18T12:46:55","date_gmt":"2022-04-18T12:46:55","guid":{"rendered":"https:\/\/deliceland.com\/produit\/istanbul-karisik-loukoum\/"},"modified":"2025-10-14T09:22:31","modified_gmt":"2025-10-14T09:22:31","slug":"loukoum-mixte-istanbul","status":"publish","type":"product","link":"https:\/\/deliceland.com\/tr\/loukoum-mixte-istanbul\/","title":{"rendered":"\u0130stanbul Kar\u0131\u015f\u0131k Loukoum"},"content":{"rendered":"<div class=\"wpb-content-wrapper\"><p>[vc_row][vc_column][vc_column_text woodmart_inline=&#8221;no&#8221; text_larger=&#8221;no&#8221;]<strong>\u0130stanbul&#8217;un lezzeti T\u00fcrk lokumu  <\/strong><\/p>\n<p>Loukoumlar\u0131m\u0131z, loukoum&#8217;un ba\u015fkenti \u0130stanbul&#8217;dan gelen rakipsiz uzmanl\u0131k kullan\u0131larak el yap\u0131m\u0131 olarak \u00fcretilmektedir! D\u00e9lice Land sizi <strong>farkl\u0131 renk ve tatlara sahip 3 loukoum&#8217;un kar\u0131\u015f\u0131m\u0131n\u0131<\/strong> ke\u015ffetmeye davet ediyor. Berberis loukoum, hasat edilmi\u015f, kurutulmu\u015f k\u0131rm\u0131z\u0131 meyvelerden elde edilen e\u015fsiz, keskin lezzeti ve nar bazl\u0131 preparat\u0131n tatl\u0131l\u0131\u011f\u0131 ile, badem loukoum, kaliteli bademlerinin enfes bir lezzet sunan \u00e7\u0131t\u0131rl\u0131\u011f\u0131 ve ekstra ho\u015fg\u00f6r\u00fc katan p\u00fcr\u00fczs\u00fcz kremas\u0131 ile. Ve klasik f\u0131st\u0131kl\u0131 loukoum.  <strong>Bir kutu tatl\u0131 ve \u00e7\u0131t\u0131r T\u00fcrk lokumu!<\/strong><\/p>\n<p>Bu T\u00fcrk lokumu kutusu her zevke, her sofraya ve her duruma hitap edecek! Lukoum, bir anl\u0131k ho\u015fg\u00f6r\u00fc i\u00e7in m\u00fckemmel bir tatl\u0131d\u0131r ve en iyi bir bardak \u00e7ay veya T\u00fcrk kahvesi ile t\u00fcketilir.<\/p>\n<p><strong>Ki\u015fiselle\u015ftirilmi\u015f bir mesaj istiyorsan\u0131z a\u011f\u0131rl\u0131\u011f\u0131n\u0131z\u0131 se\u00e7in ve sipari\u015finizi verin. Sipari\u015finiz 48 saat i\u00e7inde kargoya verilecektir!<\/strong>[\/vc_column_text][\/vc_column][\/vc_row]<\/p>\n<\/div>","protected":false},"excerpt":{"rendered":"<ul>\n<li>Kraliyet Badem ve Krema Rulolar\u0131<\/li>\n<li>Royal Cube Berberis Mix F\u0131nd\u0131k<\/li>\n<li>Kraliyet F\u0131st\u0131kl\u0131 Rulo<\/li>\n<\/ul>\n<p>Ola\u011fan\u00fcst\u00fc loukoum se\u00e7kimizin tad\u0131na var\u0131n, bu loukoum kutusunda <strong>3 \u00e7e\u015fit<\/strong> loukoum bulunmaktad\u0131r. E\u015fsiz keskin tad\u0131 ve nar\u0131n lezzetiyle f\u0131nd\u0131k kar\u0131\u015f\u0131m\u0131 loukoum <strong>k\u00fcp berberis<\/strong>, lezzetli<strong>krema<\/strong> ve kaliteli<strong>bademlerle<\/strong> bir lezzet ve tat patlamas\u0131 olan loukoum<strong>badem ve kaymak<\/strong> ve klasik <strong>Antep f\u0131st\u0131kl\u0131<\/strong> loukoum.<\/p>\n<div id=\"mciapp-exclusion-container\"><\/div>\n","protected":false},"featured_media":13991,"comment_status":"open","ping_status":"closed","template":"","meta":[],"product_brand":[],"product_cat":[328,143,338],"product_tag":[],"class_list":{"0":"post-14750","1":"product","2":"type-product","3":"status-publish","4":"has-post-thumbnail","6":"product_cat-lokum-cesitleri","7":"product_cat-karisik","8":"product_cat-ramazan","9":"product_shipping_class-packlink-tr","10":"pa_grammage-1500g","11":"pa_grammage-300gr-tr-tr","12":"pa_grammage-700-g-tr","13":"tm-no-options-pxq","15":"first","16":"instock","17":"taxable","18":"shipping-taxable","19":"purchasable","20":"product-type-variable"},"_links":{"self":[{"href":"https:\/\/deliceland.com\/tr\/wp-json\/wp\/v2\/product\/14750","targetHints":{"allow":["GET"]}}],"collection":[{"href":"https:\/\/deliceland.com\/tr\/wp-json\/wp\/v2\/product"}],"about":[{"href":"https:\/\/deliceland.com\/tr\/wp-json\/wp\/v2\/types\/product"}],"replies":[{"embeddable":true,"href":"https:\/\/deliceland.com\/tr\/wp-json\/wp\/v2\/comments?post=14750"}],"wp:featuredmedia":[{"embeddable":true,"href":"https:\/\/deliceland.com\/tr\/wp-json\/wp\/v2\/media\/13991"}],"wp:attachment":[{"href":"https:\/\/deliceland.com\/tr\/wp-json\/wp\/v2\/media?parent=14750"}],"wp:term":[{"taxonomy":"product_brand","embeddable":true,"href":"https:\/\/deliceland.com\/tr\/wp-json\/wp\/v2\/product_brand?post=14750"},{"taxonomy":"product_cat","embeddable":true,"href":"https:\/\/deliceland.com\/tr\/wp-json\/wp\/v2\/product_cat?post=14750"},{"taxonomy":"product_tag","embeddable":true,"href":"https:\/\/deliceland.com\/tr\/wp-json\/wp\/v2\/product_tag?post=14750"}],"curies":[{"name":"wp","href":"https:\/\/api.w.org\/{rel}","templated":true}]}}