{"id":14740,"date":"2022-04-18T13:04:33","date_gmt":"2022-04-18T13:04:33","guid":{"rendered":"https:\/\/deliceland.com\/produit\/loukoum-karisik-malaga\/"},"modified":"2025-10-14T09:22:05","modified_gmt":"2025-10-14T09:22:05","slug":"loukoum-mixte-malaga","status":"publish","type":"product","link":"https:\/\/deliceland.com\/tr\/loukoum-mixte-malaga\/","title":{"rendered":"Loukoum Kar\u0131\u015f\u0131k Malaga"},"content":{"rendered":"<p><strong>Loukoum ve baklawa kombinasyonunu ke\u015ffedin!<\/strong><\/p>\n<p>Loukoumlar\u0131m\u0131z, loukoum&#8217;un ba\u015fkenti \u0130stanbul&#8217;dan gelen rakipsiz uzmanl\u0131k kullan\u0131larak el yap\u0131m\u0131 olarak \u00fcretilmektedir! D\u00e9lice Land sizi <strong>2 \u00f6zel loukoum&#8217;un kar\u0131\u015f\u0131m\u0131n\u0131<\/strong> ke\u015ffetmeye davet ediyor. <strong>Baklawa lo<\/strong> ukoum, Antep f\u0131st\u0131\u011f\u0131 tozu ve lezzetli \u00e7ikolata ile ola\u011fan\u00fcst\u00fc bir loukoum yaratmak i\u00e7in 2 efsanevi T\u00fcrk tatl\u0131s\u0131n\u0131n bir kar\u0131\u015f\u0131m\u0131d\u0131r. Bu kutuda ayr\u0131ca her zaman \u00e7ok sevilen bir klasik olan <strong>narl\u0131 ve f\u0131st\u0131kl\u0131 loukoum<\/strong> da bulunmaktad\u0131r.<\/p>\n<p>Bu T\u00fcrk lokumu kutusu her zevke, her sofraya ve her duruma hitap edecek! Lukoum, bir anl\u0131k ho\u015fg\u00f6r\u00fc i\u00e7in m\u00fckemmel bir tatl\u0131d\u0131r ve en iyi bir bardak \u00e7ay veya T\u00fcrk kahvesi ile t\u00fcketilir.<\/p>\n<p><strong>Ki\u015fiselle\u015ftirilmi\u015f bir mesaj istiyorsan\u0131z a\u011f\u0131rl\u0131\u011f\u0131n\u0131z\u0131 se\u00e7in ve sipari\u015finizi verin. Sipari\u015finiz 48 saat i\u00e7inde kargoya verilecektir!<\/strong><\/p>\n","protected":false},"excerpt":{"rendered":"<ul>\n<li><strong>Loukoum Baklawa Toz Antep F\u0131st\u0131\u011f\u0131 ve S\u00fctl\u00fc \u00c7ikolata<\/strong><\/li>\n<li><strong>G\u00fcl, Nar ve Antep F\u0131st\u0131\u011f\u0131 Yapraklar\u0131<\/strong><\/li>\n<\/ul>\n<p><strong>Loukoum ve baklava kombinasyonunu ve f\u0131st\u0131kl\u0131 narl\u0131 loukoum&#8217;u ke\u015ffedin. Bu loukoum kutusunda 2 \u00e7e\u015fit loukoum bulunmaktad\u0131r:<\/strong><\/p>\n<p>Antep f\u0131st\u0131\u011f\u0131 tozu ve s\u00fctl\u00fc \u00e7ikolatal\u0131 loukoum baklava, 2 \u00fcnl\u00fc T\u00fcrk tatl\u0131s\u0131n\u0131 bir araya getirerek ola\u011fan\u00fcst\u00fc bir tatl\u0131 olu\u015fturuyor ve g\u00fcl yapra\u011f\u0131 ve nar loukoum, lezzetli ve e\u015fsiz bir tatl\u0131!<\/p>\n<div id=\"mciapp-exclusion-container\"><\/div>\n","protected":false},"featured_media":14741,"comment_status":"open","ping_status":"closed","template":"","meta":[],"product_brand":[],"product_cat":[328,143],"product_tag":[],"class_list":{"0":"post-14740","1":"product","2":"type-product","3":"status-publish","4":"has-post-thumbnail","6":"product_cat-lokum-cesitleri","7":"product_cat-karisik","8":"product_shipping_class-packlink-tr","9":"pa_grammage-1500g","10":"pa_grammage-300gr-tr-tr","11":"pa_grammage-700-g-tr","12":"tm-no-options-pxq","14":"first","15":"instock","16":"taxable","17":"shipping-taxable","18":"purchasable","19":"product-type-variable"},"_links":{"self":[{"href":"https:\/\/deliceland.com\/tr\/wp-json\/wp\/v2\/product\/14740","targetHints":{"allow":["GET"]}}],"collection":[{"href":"https:\/\/deliceland.com\/tr\/wp-json\/wp\/v2\/product"}],"about":[{"href":"https:\/\/deliceland.com\/tr\/wp-json\/wp\/v2\/types\/product"}],"replies":[{"embeddable":true,"href":"https:\/\/deliceland.com\/tr\/wp-json\/wp\/v2\/comments?post=14740"}],"wp:featuredmedia":[{"embeddable":true,"href":"https:\/\/deliceland.com\/tr\/wp-json\/wp\/v2\/media\/14741"}],"wp:attachment":[{"href":"https:\/\/deliceland.com\/tr\/wp-json\/wp\/v2\/media?parent=14740"}],"wp:term":[{"taxonomy":"product_brand","embeddable":true,"href":"https:\/\/deliceland.com\/tr\/wp-json\/wp\/v2\/product_brand?post=14740"},{"taxonomy":"product_cat","embeddable":true,"href":"https:\/\/deliceland.com\/tr\/wp-json\/wp\/v2\/product_cat?post=14740"},{"taxonomy":"product_tag","embeddable":true,"href":"https:\/\/deliceland.com\/tr\/wp-json\/wp\/v2\/product_tag?post=14740"}],"curies":[{"name":"wp","href":"https:\/\/api.w.org\/{rel}","templated":true}]}}