{"id":14713,"date":"2022-04-18T13:22:13","date_gmt":"2022-04-18T13:22:13","guid":{"rendered":"https:\/\/deliceland.com\/produit\/loukoum-karisik-paris\/"},"modified":"2025-10-14T09:22:15","modified_gmt":"2025-10-14T09:22:15","slug":"loukoum-mixte-paris","status":"publish","type":"product","link":"https:\/\/deliceland.com\/tr\/loukoum-mixte-paris\/","title":{"rendered":"Loukoum Kar\u0131\u015f\u0131k Paris"},"content":{"rendered":"<p><strong>T\u00fcrk lokumunun lezzetini ke\u015ffedin!<\/strong><\/p>\n<p>Loukoumlar\u0131m\u0131z, loukoum&#8217;un ba\u015fkenti \u0130stanbul&#8217;dan gelen rakipsiz uzmanl\u0131k kullan\u0131larak el yap\u0131m\u0131 olarak \u00fcretilmektedir!<\/p>\n<p>D\u00e9lice Land sizi <strong>farkl\u0131 gurme renk ve tatlara sahip 3 loukoum kar\u0131\u015f\u0131m\u0131n\u0131<\/strong> ke\u015ffetmeye davet ediyor. <strong>Rulo oreo kremal\u0131 lo<\/strong>ukoum, \u00e7ikolata hayranlar\u0131 ve oreo&#8217;nun e\u015fsiz lezzeti ve k\u0131vaml\u0131 kremas\u0131 i\u00e7in.  Hindistan cevizi hayranlar\u0131 i\u00e7in, bu lezzetli <strong>loukoum<\/strong> hindistan cevizi tala\u015f\u0131 ile kaplanm\u0131\u015f ve antep f\u0131st\u0131\u011f\u0131 par\u00e7alar\u0131 ile lezzetli bir krema ile doldurulmu\u015ftur.  <strong>Bademli loukoum<\/strong>, loukoumu kaplayan badem par\u00e7alar\u0131 ve bu lezzetli tatl\u0131ya tatl\u0131l\u0131k katan f\u0131nd\u0131k bazl\u0131 kremas\u0131 ile kutuya biraz \u00e7\u0131t\u0131rt\u0131 kat\u0131yor!<\/p>\n<p>Bu T\u00fcrk lokumu kutusu her zevke, her sofraya ve her duruma hitap edecek! Lukoum, bir anl\u0131k ho\u015fg\u00f6r\u00fc i\u00e7in m\u00fckemmel bir tatl\u0131d\u0131r ve en iyi bir bardak \u00e7ay veya T\u00fcrk kahvesi ile t\u00fcketilir.<\/p>\n<p><strong>Ki\u015fiselle\u015ftirilmi\u015f bir mesaj istiyorsan\u0131z a\u011f\u0131rl\u0131\u011f\u0131n\u0131z\u0131 se\u00e7in ve sipari\u015finizi verin. Sipari\u015finiz 48 saat i\u00e7inde kargoya verilecektir!<\/strong><\/p>\n<div id=\"mciapp-exclusion-container\"><\/div>\n","protected":false},"excerpt":{"rendered":"<ul>\n<li>Kraliyet Oreo ve Krema Rulolar\u0131<\/li>\n<li>Royal Roul\u00e9 Cocostar<\/li>\n<li>Royal Roul\u00e9 Gold, Badem<\/li>\n<\/ul>\n<p><span style=\"font-weight: 400;\">Loukoum <strong>\u00e7e\u015fitlerimizi ke\u015ffedin, bu loukoum kutusu 3 \u00e7e\u015fit loukoum i\u00e7erir; loukoum Oreo ve krema, loukoum cocostar ve loukoum badem<\/strong>. Herkes i\u00e7in bir \u015feyler i\u00e7eren, payla\u015f\u0131lmak i\u00e7in yap\u0131lm\u0131\u015f bir T\u00fcrk lokumu kar\u0131\u015f\u0131m\u0131!<\/span><\/p>\n<p>&nbsp;<\/p>\n<div id=\"mciapp-exclusion-container\"><\/div>\n","protected":false},"featured_media":14714,"comment_status":"open","ping_status":"closed","template":"","meta":[],"product_brand":[],"product_cat":[328,146,143,166],"product_tag":[],"class_list":{"0":"post-14713","1":"product","2":"type-product","3":"status-publish","4":"has-post-thumbnail","6":"product_cat-lokum-cesitleri","7":"product_cat-deluxe-tr","8":"product_cat-karisik","9":"product_cat-kraliyet-rulosu","10":"product_shipping_class-packlink-tr","11":"pa_grammage-1500g","12":"pa_grammage-300gr-tr-tr","13":"pa_grammage-700-g-tr","14":"tm-no-options-pxq","16":"first","17":"outofstock","18":"taxable","19":"shipping-taxable","20":"product-type-variable"},"_links":{"self":[{"href":"https:\/\/deliceland.com\/tr\/wp-json\/wp\/v2\/product\/14713","targetHints":{"allow":["GET"]}}],"collection":[{"href":"https:\/\/deliceland.com\/tr\/wp-json\/wp\/v2\/product"}],"about":[{"href":"https:\/\/deliceland.com\/tr\/wp-json\/wp\/v2\/types\/product"}],"replies":[{"embeddable":true,"href":"https:\/\/deliceland.com\/tr\/wp-json\/wp\/v2\/comments?post=14713"}],"wp:featuredmedia":[{"embeddable":true,"href":"https:\/\/deliceland.com\/tr\/wp-json\/wp\/v2\/media\/14714"}],"wp:attachment":[{"href":"https:\/\/deliceland.com\/tr\/wp-json\/wp\/v2\/media?parent=14713"}],"wp:term":[{"taxonomy":"product_brand","embeddable":true,"href":"https:\/\/deliceland.com\/tr\/wp-json\/wp\/v2\/product_brand?post=14713"},{"taxonomy":"product_cat","embeddable":true,"href":"https:\/\/deliceland.com\/tr\/wp-json\/wp\/v2\/product_cat?post=14713"},{"taxonomy":"product_tag","embeddable":true,"href":"https:\/\/deliceland.com\/tr\/wp-json\/wp\/v2\/product_tag?post=14713"}],"curies":[{"name":"wp","href":"https:\/\/api.w.org\/{rel}","templated":true}]}}