{"id":14690,"date":"2022-04-18T13:47:27","date_gmt":"2022-04-18T13:47:27","guid":{"rendered":"https:\/\/deliceland.com\/produit\/karisik-loukoum-venedik\/"},"modified":"2024-03-14T23:40:27","modified_gmt":"2024-03-14T23:40:27","slug":"loukoum-mixte-venise","status":"publish","type":"product","link":"https:\/\/deliceland.com\/tr\/loukoum-mixte-venise\/","title":{"rendered":"Kar\u0131\u015f\u0131k Loukoum Venedik"},"content":{"rendered":"<p><b>Ola\u011fan\u00fcst\u00fc bir loukoum kar\u0131\u015f\u0131m\u0131  <\/b><\/p>\n<p>Loukoumlar\u0131m\u0131z, loukoum&#8217;un ba\u015fkenti \u0130stanbul&#8217;dan gelen rakipsiz uzmanl\u0131k kullan\u0131larak el yap\u0131m\u0131 olarak \u00fcretilmektedir! D\u00e9lice Land sizi <strong>farkl\u0131 renk ve tatlara sahip 3 loukoum&#8217;un kar\u0131\u015f\u0131m\u0131n\u0131<\/strong> ke\u015ffetmeye davet ediyor.  Hindistan cevizi hayranlar\u0131 i\u00e7in, bu lezzetli <strong>loukoum<\/strong> hindistan cevizi tala\u015f\u0131 ile kaplanm\u0131\u015f ve antep f\u0131st\u0131\u011f\u0131 par\u00e7alar\u0131 ile lezzetli bir krema ile doldurulmu\u015ftur.  Antep f\u0131st\u0131kl\u0131 <strong>loukoum<\/strong>, en iyi Antep f\u0131st\u0131\u011f\u0131n\u0131n yeti\u015ftirildi\u011fi Antep b\u00f6lgesinden gelen Antep f\u0131st\u0131\u011f\u0131 ile kutuya \u00e7\u0131t\u0131rl\u0131k ve lezzet kat\u0131yor. G\u00fcl yapraklar\u0131, nar ve Antep f\u0131st\u0131kl\u0131 Loukoum, ilk \u0131s\u0131r\u0131ktan itibaren ba\u015ftan \u00e7\u0131karan kaliteli lezzet bile\u015fenlerinin m\u00fckemmel birle\u015fimidir.<\/p>\n<p>Bu T\u00fcrk lokumu kutusu her zevke, her sofraya ve her duruma hitap edecek! Lukoum, bir anl\u0131k ho\u015fg\u00f6r\u00fc i\u00e7in m\u00fckemmel bir tatl\u0131d\u0131r ve en iyi bir bardak \u00e7ay veya T\u00fcrk kahvesi ile t\u00fcketilir.<\/p>\n<p><strong>Ki\u015fiselle\u015ftirilmi\u015f bir mesaj istiyorsan\u0131z a\u011f\u0131rl\u0131\u011f\u0131n\u0131z\u0131 se\u00e7in ve sipari\u015finizi verin. Sipari\u015finiz 48 saat i\u00e7inde kargoya verilecektir!<\/strong><\/p>\n","protected":false},"excerpt":{"rendered":"<ul>\n<li>Royal Roul\u00e9 Cocostar<\/li>\n<li>Kraliyet F\u0131st\u0131kl\u0131 Rulo<\/li>\n<li>G\u00fcl, Nar ve Antep F\u0131st\u0131\u011f\u0131 Yapraklar\u0131<\/li>\n<\/ul>\n<p><span style=\"font-weight: 400;\"><strong>Cocostar loukoum&#8217;un lezzetine<\/strong> kap\u0131l\u0131n.  <strong>Antep f\u0131st\u0131kl\u0131 loukoum gevrek<\/strong> ve tatl\u0131d\u0131r ve <strong>g\u00fcl yapra\u011f\u0131, nar ve antep f\u0131st\u0131\u011f\u0131 lo<\/strong> ukoum efsanevi bir tatl\u0131 yapmak i\u00e7in kaliteli \u00fcr\u00fcnlerin do\u011fru kar\u0131\u015f\u0131m\u0131d\u0131r. Herkesin be\u011fenisine g\u00f6re bir \u015feyler bulaca\u011f\u0131, payla\u015f\u0131lmak i\u00e7in yap\u0131lm\u0131\u015f bir loukoum kar\u0131\u015f\u0131m\u0131!<\/span><\/p>\n<p>&nbsp;<\/p>\n<div id=\"mciapp-exclusion-container\"><\/div>\n","protected":false},"featured_media":14691,"comment_status":"open","ping_status":"closed","template":"","meta":[],"product_brand":[],"product_cat":[328,143],"product_tag":[],"class_list":{"0":"post-14690","1":"product","2":"type-product","3":"status-publish","4":"has-post-thumbnail","6":"product_cat-lokum-cesitleri","7":"product_cat-karisik","8":"product_shipping_class-packlink-tr","9":"pa_grammage-1500g","10":"pa_grammage-300gr-tr-tr","11":"pa_grammage-700-g-tr","12":"tm-no-options-pxq","14":"first","15":"instock","16":"taxable","17":"shipping-taxable","18":"purchasable","19":"product-type-variable"},"_links":{"self":[{"href":"https:\/\/deliceland.com\/tr\/wp-json\/wp\/v2\/product\/14690","targetHints":{"allow":["GET"]}}],"collection":[{"href":"https:\/\/deliceland.com\/tr\/wp-json\/wp\/v2\/product"}],"about":[{"href":"https:\/\/deliceland.com\/tr\/wp-json\/wp\/v2\/types\/product"}],"replies":[{"embeddable":true,"href":"https:\/\/deliceland.com\/tr\/wp-json\/wp\/v2\/comments?post=14690"}],"wp:featuredmedia":[{"embeddable":true,"href":"https:\/\/deliceland.com\/tr\/wp-json\/wp\/v2\/media\/14691"}],"wp:attachment":[{"href":"https:\/\/deliceland.com\/tr\/wp-json\/wp\/v2\/media?parent=14690"}],"wp:term":[{"taxonomy":"product_brand","embeddable":true,"href":"https:\/\/deliceland.com\/tr\/wp-json\/wp\/v2\/product_brand?post=14690"},{"taxonomy":"product_cat","embeddable":true,"href":"https:\/\/deliceland.com\/tr\/wp-json\/wp\/v2\/product_cat?post=14690"},{"taxonomy":"product_tag","embeddable":true,"href":"https:\/\/deliceland.com\/tr\/wp-json\/wp\/v2\/product_tag?post=14690"}],"curies":[{"name":"wp","href":"https:\/\/api.w.org\/{rel}","templated":true}]}}