{"id":14650,"date":"2022-04-28T16:57:33","date_gmt":"2022-04-28T16:57:33","guid":{"rendered":"https:\/\/deliceland.com\/produit\/mehmet-efendi-turk-kahvesi\/"},"modified":"2023-12-18T12:14:24","modified_gmt":"2023-12-18T12:14:24","slug":"mehmet-efendi-turk-kahvesi","status":"publish","type":"product","link":"https:\/\/deliceland.com\/tr\/mehmet-efendi-turk-kahvesi\/","title":{"rendered":"Mehmet Efendi T\u00fcrk Kahvesi"},"content":{"rendered":"<div class=\"wpb-content-wrapper\"><p>[vc_row][vc_column][vc_column_text woodmart_inline=&#8221;no&#8221; text_larger=&#8221;no&#8221;]T\u00fcrk kahvesi, \u0130stanbul&#8217;un eski bira fabrikalar\u0131nda m\u00fckemmelle\u015ftirilen d\u00fcnyan\u0131n en eski demleme tekni\u011fiyle \u00fcnl\u00fcd\u00fcr. T\u00fcrk kahvesinin e\u015fsiz tad\u0131, aromas\u0131, k\u00f6p\u00fc\u011f\u00fc ve geleneksel sunumu bir\u00e7ok k\u00fclt\u00fcr\u00fcn miras\u0131 ve kimli\u011fi olarak biliniyor.<\/p>\n<p>Kurukahveci Mehmet Efendi&#8217;nin T\u00fcrk kahvesi, Orta ve G\u00fcney Amerika&#8217;n\u0131n \u00e7e\u015fitli yerlerinden gelen y\u00fcksek kaliteli Arabica kahve \u00e7ekirdeklerinden yap\u0131lmaktad\u0131r. Bir araya getirilir ve kavrulur, ard\u0131ndan haz\u0131rlanmas\u0131n\u0131 bir sanat eseri haline getiren geleneksel bir y\u00f6ntemle ince \u00f6\u011f\u00fct\u00fcl\u00fcr. Kahve makinesi, k\u00f6p\u00fc\u011f\u00fcn fincan\u0131n (T\u00fcrk kahvesi fincan\u0131) \u00fczerine yerle\u015fmesiyle \u00f6v\u00fcn\u00fcr, bu da a\u011fz\u0131n\u0131zda kal\u0131r ve lezzetli tad\u0131n\u0131 di\u011fer t\u00fcm kahve t\u00fcrlerinden daha uzun s\u00fcre alman\u0131z\u0131 sa\u011flar.<\/p>\n<p>T\u00fcrk kahvesinin bir di\u011fer \u00f6zelli\u011fi de telvesi fincan\u0131n dibine \u00e7\u00f6kt\u00fc\u011f\u00fc i\u00e7in filtre edilmesine ya da s\u00fcz\u00fclmesine gerek olmamas\u0131d\u0131r. Bu nedenle T\u00fcrk kahvesi \u00e7ok pratik ve ekonomiktir, \u00e7\u00fcnk\u00fc haz\u0131rlamak i\u00e7in sadece bir Cezve&#8217;ye (T\u00fcrk kahvesi makinesi) ihtiyac\u0131n\u0131z vard\u0131r.<\/p>\n<h2>Caf\u00e9 Turc&#8217;u biliyor musunuz?<\/h2>\n<p>Aslen T\u00fcrkiye&#8217;den gelen T\u00fcrk kahvesi, \u00fclkenin k\u00fclt\u00fcrel miras\u0131n\u0131n bir par\u00e7as\u0131d\u0131r. Genellikle bir bardak su (\u00e7ok sert oldu\u011fu i\u00e7in her yudumdan sonra dama\u011f\u0131 temizlemek i\u00e7in) ve bir lokum ile servis edilir. Asla s\u00fct veya krema eklenmez, ancak tatl\u0131l\u0131k derecesi damak tad\u0131na g\u00f6re de\u011fi\u015febilir: &#8216;sade&#8217;: \u015fekersiz, &#8216;orta&#8217;: orta veya &#8216;\u015fekerli&#8217;: tatl\u0131 olabilir.<\/p>\n<h4 class=\"wd-entities-title title post-title\"><a href=\"https:\/\/deliceland.com\/tr\/kopuklu-turk-kahvesi-nasil-yapilir\/\">K\u00f6p\u00fckl\u00fc T\u00fcrk kahvesi nas\u0131l yap\u0131l\u0131r<\/a><\/h4>\n<p>[\/vc_column_text][\/vc_column][\/vc_row]<\/p>\n<\/div>","protected":false},"excerpt":{"rendered":"<p>D\u00fcnyan\u0131n en \u00fcnl\u00fc T\u00fcrk kahvesi markas\u0131 haline gelen kavurucu Mehmet Efendi&#8217;nin T\u00fcrk kahvesinin tad\u0131n\u0131 \u00e7\u0131kar\u0131n.<\/p>\n","protected":false},"featured_media":14651,"comment_status":"open","ping_status":"closed","template":"","meta":[],"product_brand":[],"product_cat":[182],"product_tag":[],"class_list":{"0":"post-14650","1":"product","2":"type-product","3":"status-publish","4":"has-post-thumbnail","6":"product_cat-turk-kahvesi","7":"pa_grammage-12x6gr-tr","8":"pa_grammage-250g","9":"pa_grammage-500gr-tr","10":"tm-no-options-pxq","12":"first","13":"instock","14":"taxable","15":"shipping-taxable","16":"purchasable","17":"product-type-variable","18":"has-default-attributes"},"_links":{"self":[{"href":"https:\/\/deliceland.com\/tr\/wp-json\/wp\/v2\/product\/14650","targetHints":{"allow":["GET"]}}],"collection":[{"href":"https:\/\/deliceland.com\/tr\/wp-json\/wp\/v2\/product"}],"about":[{"href":"https:\/\/deliceland.com\/tr\/wp-json\/wp\/v2\/types\/product"}],"replies":[{"embeddable":true,"href":"https:\/\/deliceland.com\/tr\/wp-json\/wp\/v2\/comments?post=14650"}],"wp:featuredmedia":[{"embeddable":true,"href":"https:\/\/deliceland.com\/tr\/wp-json\/wp\/v2\/media\/14651"}],"wp:attachment":[{"href":"https:\/\/deliceland.com\/tr\/wp-json\/wp\/v2\/media?parent=14650"}],"wp:term":[{"taxonomy":"product_brand","embeddable":true,"href":"https:\/\/deliceland.com\/tr\/wp-json\/wp\/v2\/product_brand?post=14650"},{"taxonomy":"product_cat","embeddable":true,"href":"https:\/\/deliceland.com\/tr\/wp-json\/wp\/v2\/product_cat?post=14650"},{"taxonomy":"product_tag","embeddable":true,"href":"https:\/\/deliceland.com\/tr\/wp-json\/wp\/v2\/product_tag?post=14650"}],"curies":[{"name":"wp","href":"https:\/\/api.w.org\/{rel}","templated":true}]}}