{"id":14617,"date":"2022-06-10T15:37:10","date_gmt":"2022-06-10T15:37:10","guid":{"rendered":"https:\/\/deliceland.com\/produit\/karaca-iznik-kahve-fincani-seti-2-kisilik\/"},"modified":"2023-09-14T12:59:13","modified_gmt":"2023-09-14T12:59:13","slug":"karaca-iznik-set-cups-a-cafe-2-persons","status":"publish","type":"product","link":"https:\/\/deliceland.com\/tr\/karaca-iznik-set-cups-a-cafe-2-persons\/","title":{"rendered":"KARACA \u0130ZN\u0130K Kahve fincan\u0131 seti 2 ki\u015filik"},"content":{"rendered":"<div class=\"wpb-content-wrapper\"><p>[vc_row][vc_column width=&#8221;2\/3&#8243;][vc_column_text woodmart_inline=&#8221;no&#8221; text_larger=&#8221;no&#8221;]<\/p>\n<h2>Kahve fincan\u0131 seti 2 ki\u015filik<\/h2>\n<p><strong>\u0130\u00e7erik<\/strong><br \/>\n2 x 90 ml kahve fincan\u0131<br \/>\n2 Tabak<\/p>\n<p><strong>Malzeme<\/strong><br \/>\nPorselen<\/p>\n<p>[\/vc_column_text][\/vc_column][vc_column width=&#8221;1\/3&#8243;][\/vc_column][\/vc_row]<\/p>\n<\/div>","protected":false},"excerpt":{"rendered":"<p>Beyaz porselen \u00fczerine mavi i\u015flemeli desenler tak\u0131ma \u015f\u0131kl\u0131k kat\u0131yor. Fincanlar ve tabaklar mavi \u00e7i\u00e7eklerle ve hafif yuvarlak hatlarla renklendirilmi\u015ftir. Tabaklarda da b\u00fct\u00fcn\u00fcn uyumunu korumak i\u00e7in ayn\u0131 mavi \u00e7i\u00e7ekler kullan\u0131lm\u0131\u015ft\u0131r.<\/p>\n","protected":false},"featured_media":14618,"comment_status":"closed","ping_status":"closed","template":"","meta":[],"product_brand":[],"product_cat":[183,182],"product_tag":[],"class_list":{"0":"post-14617","1":"product","2":"type-product","3":"status-publish","4":"has-post-thumbnail","6":"product_cat-turk-kahve-fincanlari","7":"product_cat-turk-kahvesi","8":"product_shipping_class-packlink-tr","9":"pa_brand-karaca","10":"tm-no-options-pxq","12":"first","13":"outofstock","14":"sale","15":"taxable","16":"shipping-taxable","17":"purchasable","18":"product-type-simple"},"_links":{"self":[{"href":"https:\/\/deliceland.com\/tr\/wp-json\/wp\/v2\/product\/14617","targetHints":{"allow":["GET"]}}],"collection":[{"href":"https:\/\/deliceland.com\/tr\/wp-json\/wp\/v2\/product"}],"about":[{"href":"https:\/\/deliceland.com\/tr\/wp-json\/wp\/v2\/types\/product"}],"replies":[{"embeddable":true,"href":"https:\/\/deliceland.com\/tr\/wp-json\/wp\/v2\/comments?post=14617"}],"wp:featuredmedia":[{"embeddable":true,"href":"https:\/\/deliceland.com\/tr\/wp-json\/wp\/v2\/media\/14618"}],"wp:attachment":[{"href":"https:\/\/deliceland.com\/tr\/wp-json\/wp\/v2\/media?parent=14617"}],"wp:term":[{"taxonomy":"product_brand","embeddable":true,"href":"https:\/\/deliceland.com\/tr\/wp-json\/wp\/v2\/product_brand?post=14617"},{"taxonomy":"product_cat","embeddable":true,"href":"https:\/\/deliceland.com\/tr\/wp-json\/wp\/v2\/product_cat?post=14617"},{"taxonomy":"product_tag","embeddable":true,"href":"https:\/\/deliceland.com\/tr\/wp-json\/wp\/v2\/product_tag?post=14617"}],"curies":[{"name":"wp","href":"https:\/\/api.w.org\/{rel}","templated":true}]}}