{"id":14600,"date":"2022-06-10T15:47:00","date_gmt":"2022-06-10T15:47:00","guid":{"rendered":"https:\/\/deliceland.com\/produit\/karaca-art-deco-2li-kremali-kahve-fincani-seti\/"},"modified":"2023-09-14T12:59:20","modified_gmt":"2023-09-14T12:59:20","slug":"karaca-art-deco-set-of-2-cups-a-cafe-cream","status":"publish","type":"product","link":"https:\/\/deliceland.com\/tr\/karaca-art-deco-set-of-2-cups-a-cafe-cream\/","title":{"rendered":"KARACA ART DECO 2&#8217;li kremal\u0131 kahve fincan\u0131 seti"},"content":{"rendered":"<div class=\"wpb-content-wrapper\"><p>[vc_row][vc_column width=&#8221;2\/3&#8243;][vc_column_text woodmart_inline=&#8221;no&#8221; text_larger=&#8221;no&#8221;]<\/p>\n<h2>Kahve fincan\u0131 seti 2 ki\u015filik<\/h2>\n<h3>\u0130\u00e7indekiler :<\/h3>\n<ul>\n<li>2 Kahve fincan\u0131 90 ml<\/li>\n<li>2 Tabak<\/li>\n<\/ul>\n<h3>Malzeme :<\/h3>\n<ul>\n<li>Porselen<\/li>\n<\/ul>\n<p>Elde y\u0131kanmas\u0131 tavsiye edilir.<\/p>\n<p>[\/vc_column_text][\/vc_column][vc_column width=&#8221;1\/3&#8243;][\/vc_column][\/vc_row]<\/p>\n<\/div>","protected":false},"excerpt":{"rendered":"<p>Hem g\u00f6rsel hem de lezzet keyfi i\u00e7in kahvenizi bu T\u00fcrk kahvesi fincan seti ile servis edebilirsiniz.<\/p>\n","protected":false},"featured_media":14601,"comment_status":"closed","ping_status":"closed","template":"","meta":[],"product_brand":[],"product_cat":[183,182],"product_tag":[],"class_list":{"0":"post-14600","1":"product","2":"type-product","3":"status-publish","4":"has-post-thumbnail","6":"product_cat-turk-kahve-fincanlari","7":"product_cat-turk-kahvesi","8":"product_shipping_class-packlink-tr","9":"tm-no-options-pxq","11":"first","12":"outofstock","13":"sale","14":"taxable","15":"shipping-taxable","16":"purchasable","17":"product-type-simple"},"_links":{"self":[{"href":"https:\/\/deliceland.com\/tr\/wp-json\/wp\/v2\/product\/14600","targetHints":{"allow":["GET"]}}],"collection":[{"href":"https:\/\/deliceland.com\/tr\/wp-json\/wp\/v2\/product"}],"about":[{"href":"https:\/\/deliceland.com\/tr\/wp-json\/wp\/v2\/types\/product"}],"replies":[{"embeddable":true,"href":"https:\/\/deliceland.com\/tr\/wp-json\/wp\/v2\/comments?post=14600"}],"wp:featuredmedia":[{"embeddable":true,"href":"https:\/\/deliceland.com\/tr\/wp-json\/wp\/v2\/media\/14601"}],"wp:attachment":[{"href":"https:\/\/deliceland.com\/tr\/wp-json\/wp\/v2\/media?parent=14600"}],"wp:term":[{"taxonomy":"product_brand","embeddable":true,"href":"https:\/\/deliceland.com\/tr\/wp-json\/wp\/v2\/product_brand?post=14600"},{"taxonomy":"product_cat","embeddable":true,"href":"https:\/\/deliceland.com\/tr\/wp-json\/wp\/v2\/product_cat?post=14600"},{"taxonomy":"product_tag","embeddable":true,"href":"https:\/\/deliceland.com\/tr\/wp-json\/wp\/v2\/product_tag?post=14600"}],"curies":[{"name":"wp","href":"https:\/\/api.w.org\/{rel}","templated":true}]}}