{"id":14527,"date":"2022-06-10T16:26:17","date_gmt":"2022-06-10T16:26:17","guid":{"rendered":"https:\/\/deliceland.com\/produit\/karaca-antik-bakir-turk-cezvesi\/"},"modified":"2023-09-14T12:59:36","modified_gmt":"2023-09-14T12:59:36","slug":"karaca-antik-cafetiere-turk-bakir","status":"publish","type":"product","link":"https:\/\/deliceland.com\/tr\/karaca-antik-cafetiere-turk-bakir\/","title":{"rendered":"KARACA ANT\u0130K Bak\u0131r T\u00fcrk cezvesi"},"content":{"rendered":"<div class=\"wpb-content-wrapper\"><p>[vc_row][vc_column width=&#8221;2\/3&#8243;][vc_column_text woodmart_inline=&#8221;no&#8221; text_larger=&#8221;no&#8221;]<strong>Bak\u0131r \u00fcr\u00fcnler karar\u0131r m\u0131?<\/strong><br \/>\nEvet, bak\u0131r\u0131n hava ile temas etti\u011finde veya y\u0131kand\u0131ktan sonra kararmas\u0131 normaldir, ancak bunun sa\u011fl\u0131k \u00fczerinde olumsuz bir etkisi yoktur.<\/p>\n<p><strong>Bak\u0131r \u00fcr\u00fcnlerin bak\u0131m\u0131n\u0131 evde nas\u0131l yapabilirim?<\/strong><br \/>\nBak\u0131r \u00fcr\u00fcnleriniz karar\u0131rsa, bak\u0131r kaplar\u0131n\u0131z\u0131n d\u0131\u015f\u0131n\u0131 parlatma macunu gibi \u00f6zel bak\u0131r \u00fcr\u00fcnlerle ovalayarak parlatabilirsiniz. Ya da geleneksel y\u00f6ntemle: tuzlu domates sal\u00e7as\u0131, limon ya da k\u00fcl ile ovarak.<\/p>\n<p>Bula\u015f\u0131k makinesinde y\u0131kanmas\u0131 tavsiye edilmez.[\/vc_column_text][\/vc_column][vc_column width=&#8221;1\/3&#8243;][\/vc_column][\/vc_row]<\/p>\n<\/div>","protected":false},"excerpt":{"rendered":"<p>Karaca Antik, el yap\u0131m\u0131 bak\u0131r mutfak elemanlar\u0131ndan olu\u015fan \u00f6zel bir seridir. Hammadde bak\u0131r sayesinde serideki t\u00fcm \u00fcr\u00fcnler m\u00fckemmel \u0131s\u0131 da\u011f\u0131l\u0131m\u0131na sahiptir.<\/p>\n","protected":false},"featured_media":14528,"comment_status":"closed","ping_status":"closed","template":"","meta":[],"product_brand":[],"product_cat":[183,182],"product_tag":[],"class_list":{"0":"post-14527","1":"product","2":"type-product","3":"status-publish","4":"has-post-thumbnail","6":"product_cat-turk-kahve-fincanlari","7":"product_cat-turk-kahvesi","8":"product_shipping_class-packlink-tr","9":"pa_brand-karaca","10":"tm-no-options-pxq","12":"first","13":"outofstock","14":"sale","15":"taxable","16":"shipping-taxable","17":"purchasable","18":"product-type-simple"},"_links":{"self":[{"href":"https:\/\/deliceland.com\/tr\/wp-json\/wp\/v2\/product\/14527","targetHints":{"allow":["GET"]}}],"collection":[{"href":"https:\/\/deliceland.com\/tr\/wp-json\/wp\/v2\/product"}],"about":[{"href":"https:\/\/deliceland.com\/tr\/wp-json\/wp\/v2\/types\/product"}],"replies":[{"embeddable":true,"href":"https:\/\/deliceland.com\/tr\/wp-json\/wp\/v2\/comments?post=14527"}],"wp:featuredmedia":[{"embeddable":true,"href":"https:\/\/deliceland.com\/tr\/wp-json\/wp\/v2\/media\/14528"}],"wp:attachment":[{"href":"https:\/\/deliceland.com\/tr\/wp-json\/wp\/v2\/media?parent=14527"}],"wp:term":[{"taxonomy":"product_brand","embeddable":true,"href":"https:\/\/deliceland.com\/tr\/wp-json\/wp\/v2\/product_brand?post=14527"},{"taxonomy":"product_cat","embeddable":true,"href":"https:\/\/deliceland.com\/tr\/wp-json\/wp\/v2\/product_cat?post=14527"},{"taxonomy":"product_tag","embeddable":true,"href":"https:\/\/deliceland.com\/tr\/wp-json\/wp\/v2\/product_tag?post=14527"}],"curies":[{"name":"wp","href":"https:\/\/api.w.org\/{rel}","templated":true}]}}