{"id":13957,"date":"2022-03-01T19:26:56","date_gmt":"2022-03-01T19:26:56","guid":{"rendered":"https:\/\/deliceland.com\/produit\/kendi-kutunuzu-olusturun\/"},"modified":"2026-04-18T22:17:42","modified_gmt":"2026-04-18T22:17:42","slug":"kendi-kutunuzu-olusturun","status":"publish","type":"product","link":"https:\/\/deliceland.com\/tr\/kendi-kutunuzu-olusturun\/","title":{"rendered":"Kendi kutunu olu\u015ftur"},"content":{"rendered":"<div class=\"wpb-content-wrapper\"><p>[vc_row][vc_column][vc_column_text woodmart_inline=&#8221;no&#8221; text_larger=&#8221;no&#8221;]<strong>\u0130stedi\u011finiz lokumu se\u00e7ebilir ve sipari\u015f verebilirsiniz!<\/strong><\/p>\n<p>Lokum do\u011frudan lokumun ba\u015fkenti \u0130stanbul&#8217;dan e\u015fsiz bir know-how ile el yap\u0131m\u0131d\u0131r! D\u00e9lice Land, \u00e7e\u015fitli tat ve lezzet se\u00e7enekleri ile lokumkutunuzu arzular\u0131n\u0131za g\u00f6re olu\u015fturman\u0131z\u0131 sa\u011flar: gevrek hayranlar\u0131 i\u00e7in, f\u0131nd\u0131k bazl\u0131 geni\u015f bir lokumyelpazemiz var. <strong>badem, f\u0131nd\u0131k ve antep f\u0131st\u0131\u011f\u0131 lokum<\/strong>\u00dcr\u00fcnler kaliteleri ve lokum&#8217;u g\u00fczelle\u015ftirmeleri i\u00e7in se\u00e7ilmi\u015ftir.<\/p>\n<p>Appr\u00e9ciez \u00e9galement la douceur et la l\u00e9g\u00e8ret\u00e9 de nos <strong>loukoums \u00e0 la grenade, au lait, noix de coco, et kaydafi<\/strong> et les versions plus originales comme <strong>le au brownie, cookie ou oreo<\/strong> des saveurs in\u00e9dites qui raviront petits comme grands. Sans oublier le classique <strong> \u00e0 la rose<\/strong> qui se savoure en compagnie d&#8217;un bon verre de th\u00e9 ou caf\u00e9 chaud.<\/p>\n<p><strong>Kutunuzu size uygun a\u011f\u0131rl\u0131k ve tatlarla ki\u015fiselle\u015ftirin<\/strong>, dilerseniz \u00fczerine ki\u015fiselle\u015ftirilmi\u015f bir mesaj ekleyin ve <strong>48 saatlik<\/strong> teslimat hizmetimizle m\u00fcmk\u00fcn olan en k\u0131sa s\u00fcrede tad\u0131n\u0131 \u00e7\u0131kar\u0131n!<\/p>\n<div id=\"mciapp-exclusion-container\"><\/div>\n<p>[\/vc_column_text][\/vc_column][\/vc_row]<\/p>\n<\/div>","protected":false},"excerpt":{"rendered":"<p><strong>Lokum<\/strong> kutunuzu zevklerinize ve yeni hisler ke\u015ffetme arzunuza g\u00f6re Loukoum kutunuzu, kendinizi ve misafirlerinizi \u015fa\u015f\u0131rt\u0131n!<\/p>\n<p><strong>Kutu i\u00e7eri\u011fi :<\/strong><\/p>\n<p><strong>\ud83d\udc49 700 g i\u00e7in 6 \u00e7e\u015fit<\/strong><br \/>\n<strong>\ud83d\udc49 1,5 kg i\u00e7in 8 \u00e7e\u015fit<\/strong><\/p>\n","protected":false},"featured_media":13959,"comment_status":"open","ping_status":"closed","template":"","meta":[],"product_brand":[],"product_cat":[143,146,149,338],"product_tag":[],"class_list":{"0":"post-13957","1":"product","2":"type-product","3":"status-publish","4":"has-post-thumbnail","6":"product_cat-karisik","7":"product_cat-deluxe-tr","8":"product_cat-premium-tr","9":"product_cat-ramazan","10":"product_shipping_class-packlink-tr","11":"tm-has-options","13":"first","14":"instock","15":"sale","16":"taxable","17":"shipping-taxable","18":"purchasable","19":"product-type-simple"},"jetpack-related-posts":[],"_links":{"self":[{"href":"https:\/\/deliceland.com\/tr\/wp-json\/wp\/v2\/product\/13957","targetHints":{"allow":["GET"]}}],"collection":[{"href":"https:\/\/deliceland.com\/tr\/wp-json\/wp\/v2\/product"}],"about":[{"href":"https:\/\/deliceland.com\/tr\/wp-json\/wp\/v2\/types\/product"}],"replies":[{"embeddable":true,"href":"https:\/\/deliceland.com\/tr\/wp-json\/wp\/v2\/comments?post=13957"}],"wp:featuredmedia":[{"embeddable":true,"href":"https:\/\/deliceland.com\/tr\/wp-json\/wp\/v2\/media\/13959"}],"wp:attachment":[{"href":"https:\/\/deliceland.com\/tr\/wp-json\/wp\/v2\/media?parent=13957"}],"wp:term":[{"taxonomy":"product_brand","embeddable":true,"href":"https:\/\/deliceland.com\/tr\/wp-json\/wp\/v2\/product_brand?post=13957"},{"taxonomy":"product_cat","embeddable":true,"href":"https:\/\/deliceland.com\/tr\/wp-json\/wp\/v2\/product_cat?post=13957"},{"taxonomy":"product_tag","embeddable":true,"href":"https:\/\/deliceland.com\/tr\/wp-json\/wp\/v2\/product_tag?post=13957"}],"curies":[{"name":"wp","href":"https:\/\/api.w.org\/{rel}","templated":true}]}}