{"id":14334,"date":"2022-09-21T07:27:03","date_gmt":"2022-09-21T07:27:03","guid":{"rendered":"https:\/\/deliceland.com\/hakkimizda\/"},"modified":"2023-12-18T12:06:10","modified_gmt":"2023-12-18T12:06:10","slug":"hakkimizda","status":"publish","type":"page","link":"https:\/\/deliceland.com\/tr\/hakkimizda\/","title":{"rendered":"Hakk\u0131m\u0131zda"},"content":{"rendered":"<div class=\"wpb-content-wrapper\"><p>[vc_row gap=&#8221;35&#8243; equal_height=&#8221;yes&#8221; content_placement=&#8221;top&#8221; css=&#8221;.vc_custom_1538568615552{margin-bottom: 4vh !important;}&#8221; woodmart_parallax=&#8221;0&#8243; woodmart_gradient_switch=&#8221;no&#8221; row_reverse_mobile=&#8221;0&#8243; row_reverse_tablet=&#8221;0&#8243; woodmart_disable_overflow=&#8221;0&#8243;][vc_column woodmart_parallax=&#8221;0&#8243; parallax_scroll=&#8221;no&#8221; woodmart_sticky_column=&#8221;false&#8221; css=&#8221;.vc_custom_1538568458450{margin-bottom: 4vh !important;padding-top: 0px !important;}&#8221; offset=&#8221;vc_col-lg-6 vc_col-md-6 vc_col-xs-12&#8243;][vc_single_image image=&#8221;16605&#8243; img_size=&#8221;full&#8221; alignment=&#8221;center&#8221; parallax_scroll=&#8221;no&#8221; css=&#8221;.vc_custom_1674573827122{margin-bottom: 0px !important;}&#8221; woodmart_inline=&#8221;no&#8221;][\/vc_column][vc_column woodmart_color_scheme=&#8221;dark&#8221; woodmart_parallax=&#8221;0&#8243; parallax_scroll=&#8221;no&#8221; woodmart_sticky_column=&#8221;false&#8221; css=&#8221;.vc_custom_1538568468606{margin-bottom: 4vh !important;padding-top: 0px !important;}&#8221; offset=&#8221;vc_col-lg-6 vc_col-md-6 vc_col-xs-12&#8243;]\n\t\t<div id=\"wd-63cffa9f05e1e\" class=\"title-wrapper wd-wpb wd-set-mb reset-last-child  wd-rs-63cffa9f05e1e wd-title-color-default wd-title-style-default text-left  wd-underline-colored\">\n\t\t\t\n\t\t\t<div class=\"liner-continer\">\n\t\t\t\t<h1 class=\"woodmart-title-container title  wd-font-weight- wd-fontsize-l\" >Lokumun en iyilerini ke\u015ffedin !<\/h1>\n\t\t\t\t\t\t\t<\/div>\n\t\t\t\n\t\t\t\n\t\t\t\n\t\t<\/div>\n\t\t\n\t\t[vc_row_inner][vc_column_inner width=&#8221;1\/6&#8243; css=&#8221;.vc_custom_1538139599864{margin-bottom: 4vh !important;padding-top: 0px !important;}&#8221;][\/vc_column_inner][vc_column_inner width=&#8221;2\/3&#8243;]\t\t\t<div id=\"wd-63cffaa8094ae\" class=\"wd-text-block-wrapper wd-wpb wd-rs-63cffaa8094ae color-scheme- text-left vc_custom_1674574512633\">\n\t\t\t\t<div class=\"woodmart-title-container woodmart-text-block reset-last-child font-primary wd-font-weight- \">\n\t\t\t\t\t<strong>DELICELAND<\/strong> sizi T\u00fcrk lezzetlerinin d\u00fcnyas\u0131na davet ediyor! Lokumseverlere en iyi lokumlar\u0131 tatt\u0131rmak i\u00e7in buraday\u0131z. Lezzetli loukumlar\u0131m\u0131z tutku ve \u00f6zenle yap\u0131l\u0131r, her bir par\u00e7a a\u011fz\u0131n\u0131z\u0131 suland\u0131racak! Birka\u00e7 t\u0131kla lokum al\u0131n ve lezzetin tad\u0131n\u0131 \u00e7\u0131kar\u0131n !<\/p>\n<p>Geleneksel \u015fekilde <strong>taze lokum<\/strong> garanti etmek i\u00e7in elle haz\u0131rl\u0131yoruz. Tatl\u0131 ikram\u0131m\u0131z hem sizin hem de misafirlerinizin damak zevkine hitap edecek.<\/p>\n<p><strong>Y\u00fczy\u0131llard\u0131r T\u00fcrk k\u00fclt\u00fcr\u00fcn\u00fcn ve lezzetinin en \u00f6nemli fig\u00fcr\u00fc.<\/strong>  Bug\u00fcn loukoumlar, yenilenen lezzetleri sayesinde d\u00fcnyadaki yerlerini art\u0131rarak lezzet yolculuklar\u0131na devam ediyor.<\/p>\n<p><strong>Deliceland&#8217; 2019&#8217;dan itibaren en kaliteli T\u00fcrk lezzetlerini Avrupa&#8217;ya getirmeyi hedefliyor.<\/strong>\t\t\t\t<\/div>\n\n\t\t\t\t\t\t\t<\/div>\n\t\t[\/vc_column_inner][vc_column_inner width=&#8221;1\/6&#8243;][\/vc_column_inner][\/vc_row_inner][\/vc_column][\/vc_row]<\/p>\n<\/div>","protected":false},"excerpt":{"rendered":"<p>[vc_row gap=&#8221;35&#8243; equal_height=&#8221;yes&#8221; content_placement=&#8221;top&#8221; css=&#8221;.vc_custom_1538568615552{margin-bottom: 4vh !important;}&#8221; woodmart_parallax=&#8221;0&#8243; woodmart_gradient_switch=&#8221;no&#8221; row_reverse_mobile=&#8221;0&#8243; row_reverse_tablet=&#8221;0&#8243; woodmart_disable_overflow=&#8221;0&#8243;][vc_column woodmart_parallax=&#8221;0&#8243; parallax_scroll=&#8221;no&#8221; woodmart_sticky_column=&#8221;false&#8221; css=&#8221;.vc_custom_1538568458450{margin-bottom: 4vh !important;padding-top: 0px !important;}&#8221;<\/p>\n","protected":false},"author":1,"featured_media":0,"parent":0,"menu_order":0,"comment_status":"closed","ping_status":"closed","template":"","meta":{"footnotes":""},"class_list":["post-14334","page","type-page","status-publish","hentry"],"_links":{"self":[{"href":"https:\/\/deliceland.com\/tr\/wp-json\/wp\/v2\/pages\/14334","targetHints":{"allow":["GET"]}}],"collection":[{"href":"https:\/\/deliceland.com\/tr\/wp-json\/wp\/v2\/pages"}],"about":[{"href":"https:\/\/deliceland.com\/tr\/wp-json\/wp\/v2\/types\/page"}],"author":[{"embeddable":true,"href":"https:\/\/deliceland.com\/tr\/wp-json\/wp\/v2\/users\/1"}],"replies":[{"embeddable":true,"href":"https:\/\/deliceland.com\/tr\/wp-json\/wp\/v2\/comments?post=14334"}],"version-history":[{"count":0,"href":"https:\/\/deliceland.com\/tr\/wp-json\/wp\/v2\/pages\/14334\/revisions"}],"wp:attachment":[{"href":"https:\/\/deliceland.com\/tr\/wp-json\/wp\/v2\/media?parent=14334"}],"curies":[{"name":"wp","href":"https:\/\/api.w.org\/{rel}","templated":true}]}}