{"id":14060,"date":"2022-03-02T20:40:03","date_gmt":"2022-03-02T20:40:03","guid":{"rendered":"https:\/\/deliceland.com\/teslimat\/"},"modified":"2022-03-02T20:40:03","modified_gmt":"2022-03-02T20:40:03","slug":"teslimat","status":"publish","type":"page","link":"https:\/\/deliceland.com\/tr\/teslimat\/","title":{"rendered":"Teslimat"},"content":{"rendered":"<p><strong>TESLI\u0307MAT VE TESELL\u00dcM \u015eARTLARI<\/strong><\/p>\n<p>Teslimatlar b\u00fcy\u00fck\u015fehir Fransa&#8217;da ve a\u015fa\u011f\u0131daki \u00fclkelerde yap\u0131lmaktad\u0131r: Almanya, \u0130ngiltere, Avusturya, Bel\u00e7ika, Danimarka, \u0130sko\u00e7ya, \u0130spanya, Finlandiya, \u0130rlanda, \u0130talya, L\u00fcksemburg, Hollanda, Portekiz, \u0130sve\u00e7, \u0130svi\u00e7re, M\u00fc\u015fteri sipari\u015fi verdi\u011finde belirtilen zaman s\u0131n\u0131rlar\u0131 i\u00e7inde.<br \/>\nSipari\u015fler, sipari\u015f i\u015flemi s\u0131ras\u0131nda M\u00fc\u015fteri taraf\u0131ndan belirtilen teslimat adresine teslim edilir. Bu nedenle M\u00fc\u015fteri, \u00fcr\u00fcnleri sipari\u015f formunda belirtilen adresten teslim almay\u0131 taahh\u00fct eder. Sipari\u015fi onaylamadan \u00f6nce girilen bilgilerin do\u011frulu\u011funu kontrol etmek M\u00fc\u015fterinin sorumlulu\u011fundad\u0131r.<br \/>\nAl\u0131c\u0131n\u0131n isim ve adres bilgilerinden M\u00fc\u015fteri sorumludur. Bu bilgiler, normal ko\u015fullar alt\u0131nda teslimata izin vermek i\u00e7in kesin, do\u011fru ve eksiksiz (kap\u0131 kodu ve kat dahil) olmal\u0131d\u0131r.<br \/>\nD\u00e9lice Land, adres hatas\u0131 veya belirtilen adrese teslimat yap\u0131lamamas\u0131 nedeniyle iade teslimat\u0131ndan hi\u00e7bir \u015fekilde sorumlu tutulamaz.<br \/>\nBir teslimat adresinin eksik veya kesin olmamas\u0131 durumunda, D\u00e9lice Land, telefon numaras\u0131n\u0131n veya e-postan\u0131n yanl\u0131\u015f olmamas\u0131 ve al\u0131c\u0131n\u0131n m\u00fcsait olmas\u0131 ko\u015fuluyla, eksik teslimat bilgilerini kendisiyle tamamlamak i\u00e7in al\u0131c\u0131yla do\u011frudan telefon veya e-posta yoluyla ileti\u015fim kurma hakk\u0131n\u0131 sakl\u0131 tutar.<br \/>\nP.O. Box adresi belirten sipari\u015fler dikkate al\u0131namaz ve i\u015fleme konamaz.<br \/>\nAl\u0131c\u0131n\u0131n veya teslimat s\u0131ras\u0131nda \u00fcr\u00fcnleri teslim alabilecek bir ki\u015finin bulunmamas\u0131 durumunda ve ta\u015f\u0131y\u0131c\u0131n\u0131n al\u0131c\u0131n\u0131n posta kutusuna eri\u015fimi oldu\u011fu s\u00fcrece, ta\u015f\u0131y\u0131c\u0131, al\u0131c\u0131y\u0131 belirtilen bir postaneden veya bir Mondial Relay noktas\u0131ndan gelip \u00fcr\u00fcn\u00fc almaya davet eden bir \u00e7a\u011fr\u0131 kart\u0131 b\u0131rakacakt\u0131r D\u00e9lice Land hi\u00e7bir ko\u015fulda \u00fcr\u00fcnlerin ta\u015f\u0131y\u0131c\u0131dan ge\u00e7 teslim al\u0131nmas\u0131ndan kaynaklanan bozulmalardan sorumlu tutulamaz.<br \/>\nTeslimat s\u00fcresinin a\u015f\u0131lmas\u0131 herhangi bir tazminat talebine yol a\u00e7mayacakt\u0131r.<br \/>\nSon olarak, ta\u015f\u0131y\u0131c\u0131n\u0131n sorumlulu\u011fundaki \u00fcr\u00fcn, g\u00fcmr\u00fck, grev veya hasarla ilgili ba\u015fka herhangi bir nedenle veya mahkemeler taraf\u0131ndan tan\u0131mlanan di\u011fer m\u00fccbir sebeplerden dolay\u0131 teslim edilmemi\u015fse, sat\u0131\u015f iptal edilebilir ve M\u00fc\u015fteri, di\u011fer tazminat veya zararlar hari\u00e7 olmak \u00fczere, fiyat\u0131n iadesini alabilir.<\/p>\n<p><strong>G\u00d6STERGE NITELI\u011eINDEKI TESLIMAT S\u00dcRELERI:<\/strong><\/p>\n<p>Teslimat s\u00fcresi, at\u00f6lyelerimizdeki haz\u0131rl\u0131k s\u00fcresinin yan\u0131 s\u0131ra nakliyecinin teslimat s\u00fcresini de dikkate al\u0131r. Sipari\u015fler Pazartesi&#8217;den Cuma&#8217;ya kadar al\u0131nmaktad\u0131r (resmi tatiller hari\u00e7), bu nedenle Cumartesi ve Pazar g\u00fcnleri verilen sipari\u015fler mevcut sto\u011fa ba\u011fl\u0131 olarak Pazartesi veya Sal\u0131 g\u00fcn\u00fc i\u015fleme al\u0131n\u0131r.<br \/>\nAt\u00f6lyelerimizin \u00e7al\u0131\u015fma g\u00fcnleri: Pazartesi&#8217;den Cuma&#8217;ya, resmi tatiller hari\u00e7.<br \/>\nNakliyeciler i\u00e7in \u00e7al\u0131\u015fma g\u00fcnleri: Pazartesi&#8217;den Cuma&#8217;ya, resmi tatiller hari\u00e7.<\/p>\n<p style=\"text-align: center;\">Metropolitan Fransa<br \/>\n1 ila 3 i\u015f g\u00fcn\u00fc<br \/>\nAvrupa&#8217;n\u0131n geri kalan\u0131 (\u00fclke mevcut)<br \/>\n2 ila 8 i\u015f g\u00fcn\u00fc<\/p>\n<p style=\"text-align: left;\"><strong>TESLIMAT \u00dcCRETLERI<\/strong><\/p>\n<p style=\"text-align: left;\">Teslimat masraflar\u0131n\u0131n tutar\u0131 girilen teslimat adresine g\u00f6re de\u011fi\u015fir. Teslimat masraflar\u0131 otomatik olarak hesaplan\u0131r ve sipari\u015fin kesinle\u015fmesi s\u0131ras\u0131nda belirtilir.<\/p>\n<p style=\"text-align: center;\">&#8211; Evinize veya i\u015f yerinize h\u0131zl\u0131 teslimat:<br \/>\n0 &#8211; 79\u20ac: G\u00fcncel UPS tarifesi<br \/>\n79\u20ac&#8217;dan itibaren: \u00fccretsiz<\/p>\n<p style=\"text-align: center;\">&#8211; Mondial Relay ile teslimat:<br \/>\n0 &#8211; 79\u20ac: 3,25\u20ac<br \/>\n79\u20ac&#8217;dan ba\u015flayan fiyatlarla: \u00dccretsiz<\/p>\n<p>* (ta\u015f\u0131y\u0131c\u0131 taraf\u0131ndan 5\u20ac ek \u00fccret uygulanan &#8220;eri\u015filmesi zor alanlar&#8221; hari\u00e7)<\/p>\n<p><strong>TESLI\u0307MAT MALI\u0307YETLERI\u0307 &#8211; AVRUPA<\/strong><\/p>\n<p>B\u00d6LGE<br \/>\n\u00dcLKE<br \/>\nTESLIMAT \u00dcCRETLERI<br \/>\nB\u00d6LGE 1<br \/>\nAlmanya, Bel\u00e7ika, L\u00fcksemburg, Hollanda<br \/>\nA\u011f\u0131rl\u0131\u011fa g\u00f6re fiyat<br \/>\n2. B\u00d6LGE<br \/>\nAvusturya, Danimarka, \u0130ngiltere, Finlandiya, \u0130talya, \u0130rlanda, Portekiz, \u0130sko\u00e7ya, \u0130spanya, \u0130sve\u00e7, \u0130svi\u00e7re<br \/>\nA\u011f\u0131rl\u0131\u011fa g\u00f6re fiyat<\/p>\n<p><strong>GER\u0130 \u00c7EKME<\/strong><br \/>\nM\u00fc\u015fteri herhangi bir nedenle \u00fcr\u00fcnleri iade etmek isterse, bunu mallar\u0131n tesliminden itibaren 14 g\u00fcn i\u00e7inde, masraflar\u0131 kendisine ait olmak \u00fczere yapabilir. D\u00e9lice Land t\u00fcm faydal\u0131 kontrolleri ger\u00e7ekle\u015ftirecek ve gerekirse m\u00fc\u015fteriden herhangi bir faydal\u0131 bilgi veya foto\u011fraf isteyecektir.<br \/>\nBu durumda, l\u00fctfen D\u00e9lice Land Sat\u0131\u015f Sonras\u0131 Servis ekibiyle &#8211; 9 rue de la Gare 67980 Hangenbieten &#8211; contact@deliceland.com &#8211; tercihen e-posta yoluyla ileti\u015fime ge\u00e7in ve sorunu tam olarak tan\u0131mlamak i\u00e7in sipari\u015f numaras\u0131n\u0131 belirtin.<\/p>\n<p>Cayma hakk\u0131, a\u015fa\u011f\u0131daki \u00dcr\u00fcnlerin tedarikine y\u00f6nelik s\u00f6zle\u015fmeler i\u00e7in ge\u00e7erli de\u011fildir:<br \/>\n1. t\u00fcketicinin spesifikasyonlar\u0131na g\u00f6re \u00fcretilen veya a\u00e7\u0131k\u00e7a ki\u015fiselle\u015ftirilen mallar: bu, monte edilmi\u015f par\u00e7alar, lokumkutular\u0131, ki\u015fiselle\u015ftirilmi\u015f lokum kutular\u0131 i\u00e7in t\u00fcm sipari\u015flerle ilgilidir.<br \/>\n2. Baklava, \u00e7ikolata, lokumgibi taze ve \u00e7abuk bozulabilen \u00fcr\u00fcnler<br \/>\n3. Teslimattan sonra M\u00fc\u015fteri taraf\u0131ndan m\u00fch\u00fcrlenmemi\u015f olan ve hijyen veya sa\u011fl\u0131\u011f\u0131n korunmas\u0131 nedenleriyle iade edilemeyen mallar.<\/p>\n<p>Di\u011fer \u00dcr\u00fcnler i\u00e7in, y\u00fcr\u00fcrl\u00fckteki d\u00fczenlemelere uygun olarak, M\u00fc\u015fterinin cayma hakk\u0131n\u0131 kullanmak i\u00e7in \u00dcr\u00fcn\u00fc teslim almas\u0131ndan itibaren on d\u00f6rt (14) g\u00fcnl\u00fck bir s\u00fcresi vard\u0131r.<\/p>\n<p>\u0130adeler orijinal haliyle ve eksiksiz olarak (ambalaj, aksesuarlar, talimatlar) yap\u0131lmal\u0131d\u0131r. Bu ba\u011flamda sorumluluk size aittir. \u00dcr\u00fcn\u00fcn bu \u015fekilde u\u011frad\u0131\u011f\u0131 herhangi bir zarar, cayma hakk\u0131n\u0131n kullan\u0131lmamas\u0131 i\u00e7in bir neden olabilir. Hasarl\u0131, kirli veya eksik \u00dcr\u00fcnler kabul edilmeyecektir.<\/p>\n<p>Cayma hakk\u0131n\u0131n kullan\u0131lmas\u0131 durumunda, D\u00e9lice Land, M\u00fc\u015fterinin talebinin bildirilmesinden itibaren 14 g\u00fcn i\u00e7inde ve sipari\u015f s\u0131ras\u0131nda kullan\u0131lan \u00f6deme y\u00f6ntemiyle yaln\u0131zca sat\u0131n al\u0131nan \u00dcr\u00fcn(ler)in bedelini geri \u00f6deyecektir; \u00dcr\u00fcn(ler)in iade masraflar\u0131 M\u00fc\u015fteri taraf\u0131ndan kar\u015f\u0131lanacakt\u0131r.<br \/>\nSipari\u015finizin \u00fczerinden 21 g\u00fcn ge\u00e7tikten sonra hi\u00e7bir iade veya geri \u00f6deme kabul edilmeyecektir.<\/p>\n<p><strong>CAYMA HAKKININ I\u0307STI\u0307SNALARI<\/strong><\/p>\n<p>T\u00fcketici Kanunu Madde L.121-21-8 h\u00fck\u00fcmleri uyar\u0131nca, cayma hakk\u0131 a\u015fa\u011f\u0131dakiler i\u00e7in ge\u00e7erli de\u011fildir:<\/p>\n<p>Cayma s\u00fcresinin bitiminden \u00f6nce tamamen ifa edilen ve t\u00fcketicinin \u00f6nceden a\u00e7\u0131k r\u0131zas\u0131n\u0131 vermesinden ve cayma hakk\u0131ndan a\u00e7\u0131k\u00e7a feragat etmesinden sonra ifas\u0131na ba\u015flanan hizmetlerin tedariki.<br \/>\nFiyat\u0131, t\u00fcccar\u0131n kontrol\u00fc d\u0131\u015f\u0131nda finansal piyasada meydana gelen ve cayma s\u00fcresi boyunca olu\u015fabilecek dalgalanmalara ba\u011fl\u0131 olan mal veya hizmetlerin tedariki.<br \/>\nT\u00fcketicinin spesifikasyonlar\u0131na g\u00f6re yap\u0131lm\u0131\u015f veya a\u00e7\u0131k\u00e7a ki\u015fiselle\u015ftirilmi\u015f mallar\u0131n tedariki.<br \/>\nH\u0131zla bozulma veya son kullanma tarihi ge\u00e7me ihtimali olan mallar\u0131n tedariki.<br \/>\nTeslimattan sonra t\u00fcketici taraf\u0131ndan m\u00fchr\u00fc a\u00e7\u0131lm\u0131\u015f olan ve hijyen veya sa\u011fl\u0131\u011f\u0131n korunmas\u0131 nedenleriyle iade edilemeyen mallar\u0131n tedariki.<br \/>\nTeslimattan sonra ve do\u011fas\u0131 gere\u011fi di\u011fer kalemlerle ayr\u0131lmaz bir \u015fekilde kar\u0131\u015fan mallar\u0131n tedariki.<\/p>\n","protected":false},"excerpt":{"rendered":"<p>TESLI\u0307MAT VE TESELL\u00dcM \u015eARTLARI Teslimatlar b\u00fcy\u00fck\u015fehir Fransa&#8217;da ve a\u015fa\u011f\u0131daki \u00fclkelerde yap\u0131lmaktad\u0131r: Almanya, \u0130ngiltere, Avusturya, Bel\u00e7ika, Danimarka, \u0130sko\u00e7ya, \u0130spanya, Finlandiya, \u0130rlanda,<\/p>\n","protected":false},"author":1,"featured_media":0,"parent":0,"menu_order":0,"comment_status":"closed","ping_status":"closed","template":"","meta":{"footnotes":""},"class_list":["post-14060","page","type-page","status-publish","hentry"],"_links":{"self":[{"href":"https:\/\/deliceland.com\/tr\/wp-json\/wp\/v2\/pages\/14060","targetHints":{"allow":["GET"]}}],"collection":[{"href":"https:\/\/deliceland.com\/tr\/wp-json\/wp\/v2\/pages"}],"about":[{"href":"https:\/\/deliceland.com\/tr\/wp-json\/wp\/v2\/types\/page"}],"author":[{"embeddable":true,"href":"https:\/\/deliceland.com\/tr\/wp-json\/wp\/v2\/users\/1"}],"replies":[{"embeddable":true,"href":"https:\/\/deliceland.com\/tr\/wp-json\/wp\/v2\/comments?post=14060"}],"version-history":[{"count":0,"href":"https:\/\/deliceland.com\/tr\/wp-json\/wp\/v2\/pages\/14060\/revisions"}],"wp:attachment":[{"href":"https:\/\/deliceland.com\/tr\/wp-json\/wp\/v2\/media?parent=14060"}],"curies":[{"name":"wp","href":"https:\/\/api.w.org\/{rel}","templated":true}]}}