{"id":14048,"date":"2022-03-02T19:40:26","date_gmt":"2022-03-02T19:40:26","guid":{"rendered":"https:\/\/deliceland.com\/yasal-uyari\/"},"modified":"2024-10-05T15:56:18","modified_gmt":"2024-10-05T15:56:18","slug":"tam-not","status":"publish","type":"page","link":"https:\/\/deliceland.com\/tr\/tam-not\/","title":{"rendered":"Yasal Uyar\u0131"},"content":{"rendered":"<div class=\"wpb-content-wrapper\"><p>[vc_row][vc_column width=&#8221;1\/4&#8243;][\/vc_column][vc_column width=&#8221;1\/2&#8243;][vc_column_text css=&#8221;&#8221; woodmart_inline=&#8221;no&#8221; text_larger=&#8221;no&#8221;]<\/p>\n<h2 class=\"p2\">GENEL SATI\u015e \u015eARTLARI<\/h2>\n<h3 class=\"p2\">1 &#8211;<span class=\"Apple-converted-space\">  <\/span>Yasal Uyar\u0131<\/h3>\n<p class=\"p2\"><strong>D\u00c9LICE LAND<\/strong><\/p>\n<p class=\"p2\"><strong>SAS \u015eirketi<\/strong><\/p>\n<p class=\"p2\"><strong>Kay\u0131tl\u0131 ofis:<\/strong> 32 All\u00e9e de la Ronertsau 67000 STRASBOURG<\/p>\n<p class=\"p2\"><strong>Intracommunity KDV numaras\u0131:<\/strong> FR96899995807<\/p>\n<p class=\"p2\"><strong>RCS numaras\u0131:<\/strong> Strasbourg B 899 995 807<\/p>\n<p class=\"p2\">Yay\u0131ndan sorumlu ki\u015fi DINC Maxime&#8217;dir<\/p>\n<p class=\"p3\"><span class=\"s1\">Web sitesi ile ilgili her t\u00fcrl\u00fc \u00f6neri veya bilgi i\u00e7in a\u015fa\u011f\u0131daki e-posta adresine yazabilirsiniz <\/span><span class=\"s2\">deliceland.fr@gmail.com<\/span><\/p>\n<p class=\"p3\"><strong><span class=\"s1\">Konaklama :<\/span><\/strong><\/p>\n<p class=\"p3\"><span class=\"s1\"><span class=\"Apple-converted-space\">  <\/span>Hiboou Digital, Strasbourg Ticaret ve \u015eirketler Siciline 850 212 895 numara ile kay\u0131tl\u0131, 6.000 \u20ac sermayeli bir SAS olup, kay\u0131tl\u0131 ofisi 32 All\u00e9e de la Robertsau, 67000 Strasbourg adresindedir. <\/span><\/p>\n<p class=\"p3\"><strong><span class=\"s1\">Konsept \/ Tasar\u0131m \/ Geli\u015ftirme :<\/span><\/strong><\/p>\n<p class=\"p3\"><span class=\"s1\">Hiboou Digital, 6.000 \u20ac sermayeli bir SAS olup Strazburg Ticaret ve \u015eirketler Siciline 850 212 895 numara ile kay\u0131tl\u0131d\u0131r ve kay\u0131tl\u0131 ofisi 32 All\u00e9e de la Robertsau, 67000 Strazburg adresindedir.  <\/span><\/p>\n<p class=\"p2\">D\u00e9lice Land&#8217;de sat\u0131lan \u00fcr\u00fcnlerin genel sat\u0131\u015f ko\u015fullar\u0131<\/p>\n<h3 class=\"p2\">2 &#8211; Ama\u00e7<\/h3>\n<p class=\"p2\">Mevcut ko\u015fullar D\u00e9lice Land 12 rue Jean Philippe Schoenfeld 67200 Strasbourg \u015firketi taraf\u0131ndan yap\u0131lan sat\u0131\u015flar i\u00e7in ge\u00e7erlidir.<\/p>\n<p>[\/vc_column_text][\/vc_column][vc_column width=&#8221;1\/4&#8243;][\/vc_column][\/vc_row]<\/p>\n<\/div>","protected":false},"excerpt":{"rendered":"<p>[vc_row][vc_column width=&#8221;1\/4&#8243;][\/vc_column][vc_column width=&#8221;1\/2&#8243;][vc_column_text css=&#8221;&#8221; woodmart_inline=&#8221;no&#8221; text_larger=&#8221;no&#8221;] GENEL SATI\u015e \u015eARTLARI 1 &#8211; Yasal Uyar\u0131 D\u00c9LICE LAND SAS \u015eirketi Kay\u0131tl\u0131 ofis: 32<\/p>\n","protected":false},"author":1,"featured_media":0,"parent":0,"menu_order":0,"comment_status":"closed","ping_status":"closed","template":"","meta":{"footnotes":""},"class_list":["post-14048","page","type-page","status-publish","hentry"],"_links":{"self":[{"href":"https:\/\/deliceland.com\/tr\/wp-json\/wp\/v2\/pages\/14048","targetHints":{"allow":["GET"]}}],"collection":[{"href":"https:\/\/deliceland.com\/tr\/wp-json\/wp\/v2\/pages"}],"about":[{"href":"https:\/\/deliceland.com\/tr\/wp-json\/wp\/v2\/types\/page"}],"author":[{"embeddable":true,"href":"https:\/\/deliceland.com\/tr\/wp-json\/wp\/v2\/users\/1"}],"replies":[{"embeddable":true,"href":"https:\/\/deliceland.com\/tr\/wp-json\/wp\/v2\/comments?post=14048"}],"version-history":[{"count":0,"href":"https:\/\/deliceland.com\/tr\/wp-json\/wp\/v2\/pages\/14048\/revisions"}],"wp:attachment":[{"href":"https:\/\/deliceland.com\/tr\/wp-json\/wp\/v2\/media?parent=14048"}],"curies":[{"name":"wp","href":"https:\/\/api.w.org\/{rel}","templated":true}]}}