{"id":14010,"date":"2022-03-01T18:50:13","date_gmt":"2022-03-01T18:50:13","guid":{"rendered":"https:\/\/deliceland.com\/gizlilik-politikasi\/"},"modified":"2022-11-09T10:24:18","modified_gmt":"2022-11-09T10:24:18","slug":"gizlilik-politikasi","status":"publish","type":"page","link":"https:\/\/deliceland.com\/tr\/gizlilik-politikasi\/","title":{"rendered":"Gizlilik Politikas\u0131"},"content":{"rendered":"<div class=\"wpb-content-wrapper\"><p>[vc_row][vc_column width=&#8221;1\/6&#8243;][\/vc_column][vc_column width=&#8221;2\/3&#8243;][vc_column_text woodmart_inline=&#8221;no&#8221; text_larger=&#8221;no&#8221;]<\/p>\n<h3>\u00c7erez politikas\u0131<\/h3>\n<p>D\u00e9lice Land, bize duydu\u011funuz g\u00fcvene \u00f6zellikle \u00f6nem vermektedir. Bu nedenle, bize emanet etti\u011finiz ki\u015fisel veriler hakk\u0131nda sizi bilgilendiriyor ve bilgilerinizi \u00f6nceden izniniz olmadan asla \u00fc\u00e7\u00fcnc\u00fc taraflara vermeyece\u011fimizi veya if\u015fa etmeyece\u011fimizi garanti ediyoruz.<\/p>\n<p>\u00c7erezin tam olarak ne oldu\u011funu ve ne i\u00e7in kullan\u0131ld\u0131\u011f\u0131n\u0131 anlaman\u0131z\u0131n \u00f6nemli oldu\u011funu d\u00fc\u015f\u00fcn\u00fcyoruz.<\/p>\n<p>Sitemizi ilk ziyaretinizde \u00e7erez yerle\u015ftirilmesini kabul ederek sitemizde \u00e7erez kullan\u0131m\u0131n\u0131 kabul etmi\u015f olursunuz.<\/p>\n<h3>Kurabiye nedir?<\/h3>\n<p>\u00c7erezler, bir web sitesini ziyaret etti\u011finizde bilgisayar\u0131n\u0131zda veya ak\u0131ll\u0131 telefonunuzda depolanan k\u00fc\u00e7\u00fck metin dosyalar\u0131d\u0131r.<\/p>\n<p>\u00c7erezler bilgisayar\u0131n\u0131z veya ak\u0131ll\u0131 telefonunuz i\u00e7in g\u00fcvenlidir. Aksine, bir web sitesinin sizi tan\u0131mas\u0131n\u0131 ve b\u00f6ylece tarama deneyiminizi geli\u015ftirmesini sa\u011flad\u0131klar\u0131 i\u00e7in \u00e7ok yararl\u0131d\u0131rlar. Bu nedenle D\u00e9lice Land, hizmetlerinin kalitesini art\u0131rmak i\u00e7in \u00e7erezleri kullan\u0131r.<\/p>\n<h3>\u00c7erez politikam\u0131z<\/h3>\n<p>Sitemizden en iyi \u015fekilde yararlanmak istiyorsan\u0131z \u00e7erez kullan\u0131m\u0131na izin vermeniz gerekmektedir. Asl\u0131nda, yaln\u0131zca \u00e7erezlere izin verildi\u011fi takdirde size ki\u015fiselle\u015ftirme sunabiliyoruz.<\/p>\n<p>Elbette, \u00e7erez ayarlar\u0131n\u0131z\u0131 nas\u0131l de\u011fi\u015ftirebilece\u011finizi g\u00f6rmek i\u00e7in taray\u0131c\u0131n\u0131z\u0131 kontrol ederek \u00e7erezleri reddedebilirsiniz. Ancak yine de \u00e7erezlerimiz hassas bilgileri saklamaz. Sitemiz \u015fu \u00e7erezleri kullan\u0131r (veya kullanacakt\u0131r): operasyonel \u00e7erezler (gezinmeyi kolayla\u015ft\u0131rmak i\u00e7in), performans \u00e7erezleri (en pop\u00fcler sayfalar\u0131m\u0131z\u0131 ve trafi\u011fimizi izleyerek veya Facebook \u0130zleme Pikseli arac\u0131l\u0131\u011f\u0131yla kitleyi \u00f6l\u00e7mek i\u00e7in), i\u015flevsellik \u00e7erezleri (tercihlerinizi hat\u0131rlamak i\u00e7in) ve reklam \u00e7erezleri (\u00fc\u00e7\u00fcnc\u00fc taraflar\u0131n size web sitemizde alakal\u0131 ki\u015fiselle\u015ftirilmi\u015f reklam i\u00e7eri\u011fi sunmas\u0131na izin vermek i\u00e7in).<\/p>\n<h3>\u00c7erezlerden nas\u0131l ka\u00e7\u0131n\u0131l\u0131r?<\/h3>\n<p>Taray\u0131c\u0131 ayarlar\u0131n\u0131z\u0131 yap\u0131land\u0131rarak \u00e7erezleri istedi\u011finiz zaman \u00f6nleyebilirsiniz. Ancak, belirli \u00e7erezleri reddetmenin sitemizin normal \u015fekilde \u00e7al\u0131\u015fmas\u0131n\u0131 engelleyebilece\u011fini bilmelisiniz.<\/p>\n<h3>Sorusu olan var m\u0131?<\/h3>\n<p>Hala anlamad\u0131\u011f\u0131n\u0131z unsurlar varsa, bizimle her zaman e-posta yoluyla ileti\u015fime ge\u00e7ebilirsiniz: contact@deliceland.com[\/vc_column_text][\/vc_column][vc_column width=&#8221;1\/6&#8243;][\/vc_column][\/vc_row]<\/p>\n<\/div>","protected":false},"excerpt":{"rendered":"<p>[vc_row][vc_column width=&#8221;1\/6&#8243;][\/vc_column][vc_column width=&#8221;2\/3&#8243;][vc_column_text woodmart_inline=&#8221;no&#8221; text_larger=&#8221;no&#8221;] \u00c7erez politikas\u0131 D\u00e9lice Land, bize duydu\u011funuz g\u00fcvene \u00f6zellikle \u00f6nem vermektedir. Bu nedenle, bize emanet etti\u011finiz<\/p>\n","protected":false},"author":1,"featured_media":0,"parent":0,"menu_order":0,"comment_status":"closed","ping_status":"open","template":"","meta":{"footnotes":""},"class_list":["post-14010","page","type-page","status-publish","hentry"],"_links":{"self":[{"href":"https:\/\/deliceland.com\/tr\/wp-json\/wp\/v2\/pages\/14010","targetHints":{"allow":["GET"]}}],"collection":[{"href":"https:\/\/deliceland.com\/tr\/wp-json\/wp\/v2\/pages"}],"about":[{"href":"https:\/\/deliceland.com\/tr\/wp-json\/wp\/v2\/types\/page"}],"author":[{"embeddable":true,"href":"https:\/\/deliceland.com\/tr\/wp-json\/wp\/v2\/users\/1"}],"replies":[{"embeddable":true,"href":"https:\/\/deliceland.com\/tr\/wp-json\/wp\/v2\/comments?post=14010"}],"version-history":[{"count":0,"href":"https:\/\/deliceland.com\/tr\/wp-json\/wp\/v2\/pages\/14010\/revisions"}],"wp:attachment":[{"href":"https:\/\/deliceland.com\/tr\/wp-json\/wp\/v2\/media?parent=14010"}],"curies":[{"name":"wp","href":"https:\/\/api.w.org\/{rel}","templated":true}]}}