{"id":20172,"date":"2024-02-10T14:44:19","date_gmt":"2024-02-10T14:44:19","guid":{"rendered":"https:\/\/deliceland.com\/halva-deneme-urun\/"},"modified":"2024-02-13T13:25:56","modified_gmt":"2024-02-13T13:25:56","slug":"halva-traditionell","status":"publish","type":"product","link":"https:\/\/deliceland.com\/de\/halva-traditionell\/","title":{"rendered":"Traditionelles Halva"},"content":{"rendered":"<p>Der Traditionelle Halva kehrt zu den Grundlagen zur\u00fcck, f\u00fcr alle, die es einfach m\u00f6gen. Dieses traditionelle Halva hat keine zugesetzten Aromen und wird nach unserem traditionellen Halva-Rezept hergestellt, das Sie direkt in Ihre Kindheit zur\u00fcckversetzen wird. Sie k\u00f6nnen es in all Ihren Lieblingsrezepten verwenden und es zu Ihrer Geheimzutat machen.<\/p>\n<p>Der Traditionelle Halva Deliceland ist handgefertigt und besteht aus gesunden Zutaten ohne Konservierungsstoffe und von hoher Qualit\u00e4t. Er ist zweifellos einer der besten Halvas der Welt.<\/p>\n<p><strong>Zutaten:<\/strong> Sesampaste 53% (Tahini), Zucker, Glukose, Saponaria-Extrakt, Salz.<br \/>\n<strong>Kann enthalten:<\/strong> Mandel, Haselnuss, Kokosnuss, Pistazie, Cashewnuss, Pekannuss, Macadamianuss, Soja, Erdnuss.<\/p>\n","protected":false},"excerpt":{"rendered":"<p>Halva, dieses orientalische Dessert par excellence, pr\u00e4sentiert sich als Einladung zu einer geschmacklichen Reise in das Herz der t\u00fcrkischen kulinarischen Traditionen.<\/p>\n","protected":false},"featured_media":20193,"comment_status":"open","ping_status":"closed","template":"","meta":[],"product_brand":[],"product_cat":[358],"product_tag":[],"class_list":{"0":"post-20172","1":"product","2":"type-product","3":"status-publish","4":"has-post-thumbnail","6":"product_cat-halva-de","7":"pa_grammage-1200gr-de","8":"pa_grammage-300gr-de","9":"pa_grammage-600gr-de","10":"tm-no-options-pxq","12":"first","13":"outofstock","14":"taxable","15":"shipping-taxable","16":"product-type-variable"},"_links":{"self":[{"href":"https:\/\/deliceland.com\/de\/wp-json\/wp\/v2\/product\/20172","targetHints":{"allow":["GET"]}}],"collection":[{"href":"https:\/\/deliceland.com\/de\/wp-json\/wp\/v2\/product"}],"about":[{"href":"https:\/\/deliceland.com\/de\/wp-json\/wp\/v2\/types\/product"}],"replies":[{"embeddable":true,"href":"https:\/\/deliceland.com\/de\/wp-json\/wp\/v2\/comments?post=20172"}],"wp:featuredmedia":[{"embeddable":true,"href":"https:\/\/deliceland.com\/de\/wp-json\/wp\/v2\/media\/20193"}],"wp:attachment":[{"href":"https:\/\/deliceland.com\/de\/wp-json\/wp\/v2\/media?parent=20172"}],"wp:term":[{"taxonomy":"product_brand","embeddable":true,"href":"https:\/\/deliceland.com\/de\/wp-json\/wp\/v2\/product_brand?post=20172"},{"taxonomy":"product_cat","embeddable":true,"href":"https:\/\/deliceland.com\/de\/wp-json\/wp\/v2\/product_cat?post=20172"},{"taxonomy":"product_tag","embeddable":true,"href":"https:\/\/deliceland.com\/de\/wp-json\/wp\/v2\/product_tag?post=20172"}],"curies":[{"name":"wp","href":"https:\/\/api.w.org\/{rel}","templated":true}]}}