{"id":17966,"date":"2023-03-21T15:05:25","date_gmt":"2023-03-21T15:05:25","guid":{"rendered":"https:\/\/deliceland.com\/?post_type=product&#038;p=17966"},"modified":"2023-12-12T13:05:56","modified_gmt":"2023-12-12T13:05:56","slug":"box-special-ramadan","status":"publish","type":"product","link":"https:\/\/deliceland.com\/de\/box-special-ramadan\/","title":{"rendered":"Box Spezial Ramadan"},"content":{"rendered":"<h2>Schenken Sie das perfekte Geschenk f\u00fcr den Monat Ramadan mit unserer Ramadan-Geschenkbox.<\/h2>\n<p>Wir freuen uns, Ihnen unsere spezielle Ramadan-Geschenkbox &#8220;Box Cadeau Ramadan&#8221; vorstellen zu k\u00f6nnen. Sie enth\u00e4lt eine sorgf\u00e4ltig ausgew\u00e4hlte Auswahl unserer besten Loukoums, zusammen mit einem Set aus Kaffeetassen und einer traditionellen t\u00fcrkischen Kaffeekanne aus Kupfer, damit Sie unseren ber\u00fchmten t\u00fcrkischen Kaffee von Mehmet Efendi genie\u00dfen k\u00f6nnen.<\/p>\n<p>Der Monat Ramadan ist eine heilige Zeit f\u00fcr Muslime auf der ganzen Welt, und unsere Geschenkbox ist so gestaltet, dass sie das perfekte Geschenk zur Feier dieses gesegneten Monats ist. Loukoums sind eine k\u00f6stliche S\u00fc\u00dfigkeit, die im Monat Ramadan h\u00e4ufig als Nahrung nach einem Fastentag verzehrt wird.<\/p>\n<p>Unsere erstklassige Auswahl an Loukoums ist in einer Vielzahl von exquisiten Geschmacksrichtungen erh\u00e4ltlich, um jeden Gaumen zu befriedigen. Au\u00dferdem ist unser ber\u00fchmter t\u00fcrkischer Kaffee als einer der besten Kaffees der Welt bekannt, der von Mehmet Efendi nach einer traditionellen Methode ger\u00f6stet wird.<\/p>\n<p>Das Geschenkset enth\u00e4lt au\u00dferdem ein Set Kaffeetassen, damit Sie diesen besonderen Moment mit Ihren Lieben teilen k\u00f6nnen. Und unsere traditionelle t\u00fcrkische Kaffeekanne aus Kupfer verleiht dem kulinarischen Erlebnis einen Hauch von Authentizit\u00e4t.<\/p>\n<p>Machen Sie das perfekte Geschenk f\u00fcr den Monat Ramadan mit unserer Ramadan-Geschenkbox. Es ist die perfekte Wahl f\u00fcr alle, die diesen Anlass mit einem Hauch von Luxus und Authentizit\u00e4t feiern m\u00f6chten. Bestellen Sie jetzt und genie\u00dfen Sie unsere sorgf\u00e4ltig ausgew\u00e4hlte Auswahl an hochwertigen Loukoums, erstklassigem t\u00fcrkischen Kaffee und traditionellem Servicematerial.<\/p>\n<h2>Bestes Geschenk zu Eid, Ramadan der Loukoum!<\/h2>\n<p>Wenn Sie ein Eid-Geschenk f\u00fcr jemanden suchen, ist Loukoum das perfekte Geschenk. Loukoum ist eine traditionelle t\u00fcrkische S\u00fc\u00dfigkeit mit Zucker und Tausenden von Geschmacksrichtungen, die im ganzen Land erh\u00e4ltlich ist und besonders w\u00e4hrend des Ramadan beliebt ist. D\u00e9lice Land bietet Geschenksets an, die zwischen Muslimen und Nicht-Muslimen verschenkt werden k\u00f6nnen. Gestalten Sie Ihre Weihnachtszeit mit unseren Turkish Delight herzlicher.<\/p>\n<p>Wenn die Feiertage n\u00e4her r\u00fccken, kaufen Menschen auf der ganzen Welt Geschenke f\u00fcr ihre Familie und Freunde, um ihnen ihre Liebe und Zuneigung zu zeigen.<\/p>\n","protected":false},"excerpt":{"rendered":"<h4>Bestes Geschenk zu Eid, Ramadan der Loukoum!<\/h4>\n<p>Unsere Box Special Gourmande besteht aus :<\/p>\n<p>&#8211; 300 g sorgf\u00e4ltig ausgew\u00e4hlter, hochwertiger Loukoums<br \/>\n&#8211; 6 St\u00fcck Pistazien-Baklava<br \/>\n&#8211; 300 g Datteln von h\u00f6chster Qualit\u00e4t<br \/>\n&#8211; 250 g t\u00fcrkischer Kaffee von der ber\u00fchmten traditionellen Kaffeer\u00f6sterei Mehmet Efendi<br \/>\n&#8211; 2 Kaffeetassen-Set<\/p>\n","protected":false},"featured_media":18005,"comment_status":"open","ping_status":"closed","template":"","meta":[],"product_brand":[],"product_cat":[203,337],"product_tag":[],"class_list":{"0":"post-17966","1":"product","2":"type-product","3":"status-publish","4":"has-post-thumbnail","6":"product_cat-geschenksets","7":"product_cat-ramadan-de","8":"tm-no-options-pxq","10":"first","11":"outofstock","12":"sale","13":"featured","14":"taxable","15":"shipping-taxable","16":"purchasable","17":"product-type-simple"},"_links":{"self":[{"href":"https:\/\/deliceland.com\/de\/wp-json\/wp\/v2\/product\/17966","targetHints":{"allow":["GET"]}}],"collection":[{"href":"https:\/\/deliceland.com\/de\/wp-json\/wp\/v2\/product"}],"about":[{"href":"https:\/\/deliceland.com\/de\/wp-json\/wp\/v2\/types\/product"}],"replies":[{"embeddable":true,"href":"https:\/\/deliceland.com\/de\/wp-json\/wp\/v2\/comments?post=17966"}],"wp:featuredmedia":[{"embeddable":true,"href":"https:\/\/deliceland.com\/de\/wp-json\/wp\/v2\/media\/18005"}],"wp:attachment":[{"href":"https:\/\/deliceland.com\/de\/wp-json\/wp\/v2\/media?parent=17966"}],"wp:term":[{"taxonomy":"product_brand","embeddable":true,"href":"https:\/\/deliceland.com\/de\/wp-json\/wp\/v2\/product_brand?post=17966"},{"taxonomy":"product_cat","embeddable":true,"href":"https:\/\/deliceland.com\/de\/wp-json\/wp\/v2\/product_cat?post=17966"},{"taxonomy":"product_tag","embeddable":true,"href":"https:\/\/deliceland.com\/de\/wp-json\/wp\/v2\/product_tag?post=17966"}],"curies":[{"name":"wp","href":"https:\/\/api.w.org\/{rel}","templated":true}]}}