{"id":16629,"date":"2022-12-12T15:12:26","date_gmt":"2022-12-12T15:12:26","guid":{"rendered":"https:\/\/deliceland.com\/?post_type=product&#038;p=16629"},"modified":"2025-10-14T09:22:59","modified_gmt":"2025-10-14T09:22:59","slug":"lokum-luxe-baklava-granatapfel-und-kadayif-auf-pistazie","status":"publish","type":"product","link":"https:\/\/deliceland.com\/de\/lokum-luxe-baklava-granatapfel-und-kadayif-auf-pistazie\/","title":{"rendered":"Loukoum Baklava Granatapfel und Kadayif mit Pistazie"},"content":{"rendered":"<p>Sie wissen nicht, welchen Loukum Sie w\u00e4hlen sollen? <strong>Entdecken Sie unsere Loukum-Entdeckungsbox mit mehr als einem Dutzend Sorten<\/strong>: Probieren Sie, erforschen Sie und treffen Sie Ihre Wahl! Wir haben die besten lokum f\u00fcr Sie ausgew\u00e4hlt! <strong>In dieser Box finden Sie eine Vielzahl von Mischungen und Geschmacksrichtungen, unsere klassischen Loukoums: Loukoum Pistache, Loukoum mit roten Fr\u00fcchten, Loukoum Mandel, Loukoum Kokosnuss, Loukoum mit Feigen, Loukoum Berberis, Loukoum Brownie, Loukoum Kada\u00eff, Loukoum Granatapfel&#8230;<\/strong> D\u00e9lice land garantiert Ihnen, dass unsere Produkte <strong>handwerklich<\/strong> hergestellt werden, mit einem Know-how, das direkt aus der T\u00fcrkei stammt, um den besten, traditionsgetreuen lokum herzustellen. Wir haben f\u00fcr Sie die besten Zutaten und Qualit\u00e4tsprodukte ausgew\u00e4hlt, um den authentischsten Geschmack und das authentischste Aroma von Lokum zu erzeugen.  <\/p>\n<div id=\"mciapp-exclusion-container\"><\/div>\n","protected":false},"excerpt":{"rendered":"<p data-pm-slice=\"1 1 []\">Lust auf Entdeckungen und neue Geschm\u00e4cker? D\u00e9lice Land schl\u00e4gt Ihnen vor, die K\u00f6stlichkeit unserer Loukoums mit der Box loukoum d\u00e9couverte zu erforschen!<\/p>\n<p data-pm-slice=\"1 1 []\"><strong>\ud83d\udc49 4 Sorten f\u00fcr 350 g<\/strong><\/p>\n<p data-pm-slice=\"1 1 []\"><strong>\ud83d\udc49 8 Sorten f\u00fcr 750 g<\/strong><\/p>\n<p data-pm-slice=\"1 1 []\"><strong>\ud83d\udc49 8 Sorten f\u00fcr 1,5 kg<\/strong><\/p>\n<div id=\"mciapp-exclusion-container\"><\/div>\n<div id=\"mciapp-exclusion-container\"><\/div>\n","protected":false},"featured_media":16666,"comment_status":"open","ping_status":"closed","template":"","meta":[],"product_brand":[],"product_cat":[141,329],"product_tag":[],"class_list":{"0":"post-16629","1":"product","2":"type-product","3":"status-publish","4":"has-post-thumbnail","6":"product_cat-gemischt","7":"product_cat-lokum-de","8":"product_shipping_class-packlink-de","9":"pa_grammage-1500gr-de","10":"pa_grammage-700-g-de","11":"tm-no-options-pxq","13":"first","14":"outofstock","15":"taxable","16":"shipping-taxable","17":"product-type-variable"},"_links":{"self":[{"href":"https:\/\/deliceland.com\/de\/wp-json\/wp\/v2\/product\/16629","targetHints":{"allow":["GET"]}}],"collection":[{"href":"https:\/\/deliceland.com\/de\/wp-json\/wp\/v2\/product"}],"about":[{"href":"https:\/\/deliceland.com\/de\/wp-json\/wp\/v2\/types\/product"}],"replies":[{"embeddable":true,"href":"https:\/\/deliceland.com\/de\/wp-json\/wp\/v2\/comments?post=16629"}],"wp:featuredmedia":[{"embeddable":true,"href":"https:\/\/deliceland.com\/de\/wp-json\/wp\/v2\/media\/16666"}],"wp:attachment":[{"href":"https:\/\/deliceland.com\/de\/wp-json\/wp\/v2\/media?parent=16629"}],"wp:term":[{"taxonomy":"product_brand","embeddable":true,"href":"https:\/\/deliceland.com\/de\/wp-json\/wp\/v2\/product_brand?post=16629"},{"taxonomy":"product_cat","embeddable":true,"href":"https:\/\/deliceland.com\/de\/wp-json\/wp\/v2\/product_cat?post=16629"},{"taxonomy":"product_tag","embeddable":true,"href":"https:\/\/deliceland.com\/de\/wp-json\/wp\/v2\/product_tag?post=16629"}],"curies":[{"name":"wp","href":"https:\/\/api.w.org\/{rel}","templated":true}]}}