{"id":16518,"date":"2024-03-30T21:42:06","date_gmt":"2024-03-30T21:42:06","guid":{"rendered":"https:\/\/deliceland.com\/produit\/weihnachtsbox-mit-traditionellen-loukoums\/"},"modified":"2024-03-30T21:42:28","modified_gmt":"2024-03-30T21:42:28","slug":"box-noel-von-loukums-traditionell","status":"publish","type":"product","link":"https:\/\/deliceland.com\/de\/box-noel-von-loukums-traditionell\/","title":{"rendered":"Weihnachtsbox mit traditionellen Loukoums"},"content":{"rendered":"","protected":false},"excerpt":{"rendered":"<p><span style=\"font-weight: 400;\">Entdecken Sie den ganzen Zauber von Weihnachten in diesem au\u00dfergew\u00f6hnlichen Sortiment.<\/span><\/p>\n<p><span style=\"font-weight: 400;\">Diese Packung enth\u00e4lt 20 sorgf\u00e4ltig ausgew\u00e4hlte, hochwertige lokums.<\/span><\/p>\n<p>&nbsp;<\/p>\n","protected":false},"featured_media":16190,"comment_status":"open","ping_status":"closed","template":"","meta":[],"product_brand":[],"product_cat":[203],"product_tag":[],"class_list":{"0":"post-16518","1":"product","2":"type-product","3":"status-publish","4":"has-post-thumbnail","6":"product_cat-geschenksets","7":"tm-no-options-pxq","9":"first","10":"instock","11":"sale","12":"taxable","13":"shipping-taxable","14":"purchasable","15":"product-type-simple"},"_links":{"self":[{"href":"https:\/\/deliceland.com\/de\/wp-json\/wp\/v2\/product\/16518","targetHints":{"allow":["GET"]}}],"collection":[{"href":"https:\/\/deliceland.com\/de\/wp-json\/wp\/v2\/product"}],"about":[{"href":"https:\/\/deliceland.com\/de\/wp-json\/wp\/v2\/types\/product"}],"replies":[{"embeddable":true,"href":"https:\/\/deliceland.com\/de\/wp-json\/wp\/v2\/comments?post=16518"}],"wp:featuredmedia":[{"embeddable":true,"href":"https:\/\/deliceland.com\/de\/wp-json\/wp\/v2\/media\/16190"}],"wp:attachment":[{"href":"https:\/\/deliceland.com\/de\/wp-json\/wp\/v2\/media?parent=16518"}],"wp:term":[{"taxonomy":"product_brand","embeddable":true,"href":"https:\/\/deliceland.com\/de\/wp-json\/wp\/v2\/product_brand?post=16518"},{"taxonomy":"product_cat","embeddable":true,"href":"https:\/\/deliceland.com\/de\/wp-json\/wp\/v2\/product_cat?post=16518"},{"taxonomy":"product_tag","embeddable":true,"href":"https:\/\/deliceland.com\/de\/wp-json\/wp\/v2\/product_tag?post=16518"}],"curies":[{"name":"wp","href":"https:\/\/api.w.org\/{rel}","templated":true}]}}