{"id":16515,"date":"2024-03-30T21:42:10","date_gmt":"2024-03-30T21:42:10","guid":{"rendered":"https:\/\/deliceland.com\/produit\/box-authentisches-geschenk-weihnachten-smart\/"},"modified":"2024-03-30T21:42:29","modified_gmt":"2024-03-30T21:42:29","slug":"geschenkbox-authentisch-noel-smart","status":"publish","type":"product","link":"https:\/\/deliceland.com\/de\/geschenkbox-authentisch-noel-smart\/","title":{"rendered":"Geschenkbox Weihnachten Authentisch Smart"},"content":{"rendered":"","protected":false},"excerpt":{"rendered":"<p><span style=\"font-weight: 400;\">Entdecken Sie den ganzen Zauber von Weihnachten in diesem au\u00dfergew\u00f6hnlichen Sortiment.<\/span><\/p>\n<p>&nbsp;<\/p>\n<p><span style=\"font-weight: 400;\">Unsere Gourmet-Box besteht aus :<\/span><\/p>\n<p>&nbsp;<\/p>\n<p><span style=\"font-weight: 400;\">&#8211; 700 g sorgf\u00e4ltig ausgew\u00e4hltes, hochwertiges lokum<\/span><\/p>\n<p><span style=\"font-weight: 400;\">&#8211; 4er-Set T\u00fcrkischer Kaffee von der ber\u00fchmten traditionellen Kaffeer\u00f6sterei Mehmet Efendi<\/span><\/p>\n<p>&#8211; <span style=\"font-weight: 400;\">2 Kaffeetassen-Set<\/span> (Repr\u00e4sentatives Foto, vielf\u00e4ltiges Design, identische Qualit\u00e4t)<\/p>\n","protected":false},"featured_media":16114,"comment_status":"open","ping_status":"closed","template":"","meta":[],"product_brand":[],"product_cat":[203],"product_tag":[],"class_list":{"0":"post-16515","1":"product","2":"type-product","3":"status-publish","4":"has-post-thumbnail","6":"product_cat-geschenksets","7":"tm-no-options-pxq","9":"first","10":"instock","11":"sale","12":"taxable","13":"shipping-taxable","14":"purchasable","15":"product-type-simple"},"jetpack-related-posts":[],"_links":{"self":[{"href":"https:\/\/deliceland.com\/de\/wp-json\/wp\/v2\/product\/16515","targetHints":{"allow":["GET"]}}],"collection":[{"href":"https:\/\/deliceland.com\/de\/wp-json\/wp\/v2\/product"}],"about":[{"href":"https:\/\/deliceland.com\/de\/wp-json\/wp\/v2\/types\/product"}],"replies":[{"embeddable":true,"href":"https:\/\/deliceland.com\/de\/wp-json\/wp\/v2\/comments?post=16515"}],"wp:featuredmedia":[{"embeddable":true,"href":"https:\/\/deliceland.com\/de\/wp-json\/wp\/v2\/media\/16114"}],"wp:attachment":[{"href":"https:\/\/deliceland.com\/de\/wp-json\/wp\/v2\/media?parent=16515"}],"wp:term":[{"taxonomy":"product_brand","embeddable":true,"href":"https:\/\/deliceland.com\/de\/wp-json\/wp\/v2\/product_brand?post=16515"},{"taxonomy":"product_cat","embeddable":true,"href":"https:\/\/deliceland.com\/de\/wp-json\/wp\/v2\/product_cat?post=16515"},{"taxonomy":"product_tag","embeddable":true,"href":"https:\/\/deliceland.com\/de\/wp-json\/wp\/v2\/product_tag?post=16515"}],"curies":[{"name":"wp","href":"https:\/\/api.w.org\/{rel}","templated":true}]}}