{"id":16503,"date":"2022-11-30T16:59:10","date_gmt":"2022-11-30T16:59:10","guid":{"rendered":"https:\/\/deliceland.com\/produit\/baklava-mit-pistazie\/"},"modified":"2026-03-17T15:49:12","modified_gmt":"2026-03-17T15:49:12","slug":"baklava-pistazie","status":"publish","type":"product","link":"https:\/\/deliceland.com\/de\/baklava-pistazie\/","title":{"rendered":"Baklava mit Pistazie"},"content":{"rendered":"<h2>Pistazien-Baklava: eine schmackhafte Variante der t\u00fcrkischen Tradition<\/h2>\n<p>Baklava mit Pistazien ist eine beliebte Variante der traditionellen t\u00fcrkischen Baklava. Sie besteht aus denselben Zutaten wie die klassische Baklava, wobei der F\u00fcllung jedoch gehackte Pistazien hinzugef\u00fcgt werden. Die Pistazien verleihen diesem k\u00f6stlichen Dessert einen einzigartigen Geschmack und eine knackige Textur. Diese Baklava-Variante ist wegen ihres unverwechselbaren Geschmacks und ihrer k\u00f6stlichen Textur besonders beliebt. Sie wird oft bei Festen und Feiern serviert oder einfach nur f\u00fcr eine Schlemmerpause.<\/p>\n<h2>Verw\u00f6hnen Sie sich mit unserem k\u00f6stlichen Baklava online<\/h2>\n<p>Wir sind stolz darauf, Ihnen unsere Auswahl an <strong>Baklava<\/strong> zu pr\u00e4sentieren, die online f\u00fcr eine schnelle und einfache Lieferung in ganz Frankreich erh\u00e4ltlich ist. Wir sind eine t\u00fcrkische Online-Konditorei, die sich auf die handwerkliche Zubereitung traditioneller Baklava spezialisiert hat, die aus frischen und hochwertigen Zutaten hergestellt werden.<\/p>\n<p><strong>Kaufen Sie Baklava online<\/strong> und erleben Sie den authentischen t\u00fcrkischen Geschmack zu Hause. Wir bieten eine Vielzahl von Baklava an, um jedem Geschmack gerecht zu werden, einschlie\u00dflich unseres Bestsellers, dem <strong>Pistazien-Baklava<\/strong>.<\/p>\n<h3>Das beste t\u00fcrkische Baklava ist online erh\u00e4ltlich<\/h3>\n<p>Unser <strong>t\u00fcrkisches Baklava<\/strong> wird nach traditionellen Methoden handgefertigt. Dabei werden d\u00fcnne Schichten aus Filoteig verwendet, die mit N\u00fcssen und Zuckersirup garniert werden. Jeder Bissen bietet eine knackige Textur und einen s\u00fc\u00dfen, herzhaften Geschmack.<\/p>\n<p>Wir sind stolz auf unsere Verpflichtung zur Qualit\u00e4t und stellen sicher, dass jedes Baklava vor dem Versand frisch zubereitet wird. Sie k\u00f6nnen Baklava mit gutem <strong>Gewissen Baklava<\/strong>, da Sie wissen, dass Sie frische Produkte erhalten, die sorgf\u00e4ltig verpackt und schnell an Ihre Haust\u00fcr geliefert werden.<\/p>\n<h3>Baklava online kaufen f\u00fcr eine schnelle Lieferung nach Frankreich<\/h3>\n<p>Unsere Website bietet ein benutzerfreundliches Nutzererlebnis, das es Ihnen erm\u00f6glicht, einfach durch unsere Auswahl an Baklava zu navigieren und Ihre Bestellung mit wenigen Klicks aufzugeben. Wir bieten wettbewerbsf\u00e4hige Preise f\u00fcr alle unsere Produkte an, wobei f\u00fcr Gro\u00dfbestellungen Sonderangebote verf\u00fcgbar sind.<\/p>\n<p><strong>Kaufen Sie T\u00fcrkisches Baklava online<\/strong> bei uns und genie\u00dfen Sie die Bequemlichkeit der Lieferung nach Hause in ganz Deutschland. Wir freuen uns darauf, Ihnen mit unserer Auswahl an handgefertigten und schmackhaften Baklavas ein authentisches Geschmackserlebnis zu bieten.<\/p>\n<p>&nbsp;<\/p>\n","protected":false},"excerpt":{"rendered":"<p>Baklava, eine t\u00fcrkische S\u00fc\u00dfigkeit, an der man nicht vorbeikommt! <span style=\"font-weight: 400;\">Ein ikonisches Dessert, das auf der ganzen Welt sehr beliebt ist. <\/span>Es ist ein hervorragendes Dessert, das Sie Ihren G\u00e4sten mit Tee und Kaffee anbieten k\u00f6nnen. <span style=\"font-weight: 400;\">Unsere Baklava werden nach traditionellen Methoden zubereitet.<\/span><\/p>\n","protected":false},"featured_media":16194,"comment_status":"open","ping_status":"closed","template":"","meta":[],"product_brand":[],"product_cat":[214,337],"product_tag":[],"class_list":{"0":"post-16503","1":"product","2":"type-product","3":"status-publish","4":"has-post-thumbnail","6":"product_cat-baklava-de","7":"product_cat-ramadan-de","8":"tm-no-options-pxq","10":"first","11":"instock","12":"sale","13":"taxable","14":"shipping-taxable","15":"purchasable","16":"product-type-variable"},"_links":{"self":[{"href":"https:\/\/deliceland.com\/de\/wp-json\/wp\/v2\/product\/16503","targetHints":{"allow":["GET"]}}],"collection":[{"href":"https:\/\/deliceland.com\/de\/wp-json\/wp\/v2\/product"}],"about":[{"href":"https:\/\/deliceland.com\/de\/wp-json\/wp\/v2\/types\/product"}],"replies":[{"embeddable":true,"href":"https:\/\/deliceland.com\/de\/wp-json\/wp\/v2\/comments?post=16503"}],"wp:featuredmedia":[{"embeddable":true,"href":"https:\/\/deliceland.com\/de\/wp-json\/wp\/v2\/media\/16194"}],"wp:attachment":[{"href":"https:\/\/deliceland.com\/de\/wp-json\/wp\/v2\/media?parent=16503"}],"wp:term":[{"taxonomy":"product_brand","embeddable":true,"href":"https:\/\/deliceland.com\/de\/wp-json\/wp\/v2\/product_brand?post=16503"},{"taxonomy":"product_cat","embeddable":true,"href":"https:\/\/deliceland.com\/de\/wp-json\/wp\/v2\/product_cat?post=16503"},{"taxonomy":"product_tag","embeddable":true,"href":"https:\/\/deliceland.com\/de\/wp-json\/wp\/v2\/product_tag?post=16503"}],"curies":[{"name":"wp","href":"https:\/\/api.w.org\/{rel}","templated":true}]}}