{"id":16500,"date":"2022-11-30T16:06:49","date_gmt":"2022-11-30T16:06:49","guid":{"rendered":"https:\/\/deliceland.com\/produit\/weihnachts-baklava-set\/"},"modified":"2023-09-14T13:00:53","modified_gmt":"2023-09-14T13:00:53","slug":"kasten-baklava-de-noel","status":"publish","type":"product","link":"https:\/\/deliceland.com\/de\/kasten-baklava-de-noel\/","title":{"rendered":"Weihnachts-Baklava-Set"},"content":{"rendered":"<p><span style=\"font-weight: 400;\">Baklava, eine t\u00fcrkische S\u00fc\u00dfigkeit, an der man nicht vorbeikommt!<\/span><\/p>\n<p><span style=\"font-weight: 400;\">Ein ikonisches Dessert, das auf der ganzen Welt sehr beliebt ist.<\/span><\/p>\n<p><span style=\"font-weight: 400;\">Wir versenden alle unsere Bestellungen vom Wochenanfang, damit unsere Produkte frisch am Zielort ankommen.<\/span><\/p>\n<p><span style=\"font-weight: 400;\">Unsere Baklava werden nach traditionellen Methoden zubereitet.<\/span><\/p>\n","protected":false},"excerpt":{"rendered":"<p>Weihnachtliches Baklava-Set, ideal zum Verschenken oder um sich selbst zu verw\u00f6hnen.<\/p>\n<p><strong style=\"color: red;\">Wir versenden alle unsere Bestellungen vom Wochenanfang, damit unsere Produkte frisch am Zielort ankommen.<\/strong><\/p>\n","protected":false},"featured_media":16198,"comment_status":"open","ping_status":"closed","template":"","meta":[],"product_brand":[],"product_cat":[203],"product_tag":[],"class_list":{"0":"post-16500","1":"product","2":"type-product","3":"status-publish","4":"has-post-thumbnail","6":"product_cat-geschenksets","7":"pa_grammage-1200gr-de","8":"pa_grammage-650gr-de","9":"pa_grammage-700gr-de","10":"tm-no-options-pxq","12":"first","13":"outofstock","14":"taxable","15":"shipping-taxable","16":"product-type-variable"},"_links":{"self":[{"href":"https:\/\/deliceland.com\/de\/wp-json\/wp\/v2\/product\/16500","targetHints":{"allow":["GET"]}}],"collection":[{"href":"https:\/\/deliceland.com\/de\/wp-json\/wp\/v2\/product"}],"about":[{"href":"https:\/\/deliceland.com\/de\/wp-json\/wp\/v2\/types\/product"}],"replies":[{"embeddable":true,"href":"https:\/\/deliceland.com\/de\/wp-json\/wp\/v2\/comments?post=16500"}],"wp:featuredmedia":[{"embeddable":true,"href":"https:\/\/deliceland.com\/de\/wp-json\/wp\/v2\/media\/16198"}],"wp:attachment":[{"href":"https:\/\/deliceland.com\/de\/wp-json\/wp\/v2\/media?parent=16500"}],"wp:term":[{"taxonomy":"product_brand","embeddable":true,"href":"https:\/\/deliceland.com\/de\/wp-json\/wp\/v2\/product_brand?post=16500"},{"taxonomy":"product_cat","embeddable":true,"href":"https:\/\/deliceland.com\/de\/wp-json\/wp\/v2\/product_cat?post=16500"},{"taxonomy":"product_tag","embeddable":true,"href":"https:\/\/deliceland.com\/de\/wp-json\/wp\/v2\/product_tag?post=16500"}],"curies":[{"name":"wp","href":"https:\/\/api.w.org\/{rel}","templated":true}]}}