{"id":16348,"date":"2024-03-30T21:42:14","date_gmt":"2024-03-30T21:42:14","guid":{"rendered":"https:\/\/deliceland.com\/produit\/box-authentisches-geschenk-weihnachten-maxi\/"},"modified":"2024-03-30T21:42:33","modified_gmt":"2024-03-30T21:42:33","slug":"geschenkbox-authentisch-noel-maxi","status":"publish","type":"product","link":"https:\/\/deliceland.com\/de\/geschenkbox-authentisch-noel-maxi\/","title":{"rendered":"Geschenkbox Weihnachten Authentisch Maxi"},"content":{"rendered":"","protected":false},"excerpt":{"rendered":"<p>Entdecken Sie den ganzen Zauber von Weihnachten in diesem au\u00dfergew\u00f6hnlichen Sortiment.<\/p>\n<p>Unsere Gourmet-Box besteht aus :<\/p>\n<p>&#8211; 1500 g sorgf\u00e4ltig ausgew\u00e4hltes, hochwertiges lokum<br \/>\n&#8211; 500 g t\u00fcrkischer Kaffee von der ber\u00fchmten traditionellen Kaffeer\u00f6sterei Mehmet Efendi<br \/>\n&#8211; 2 Kaffeetassen-Set (Repr\u00e4sentatives Foto, vielf\u00e4ltiges Design, gleiche Qualit\u00e4t.)<br \/>\n&#8211; 1 Cezve, traditionelle t\u00fcrkische Kaffeekanne aus Kupfer<\/p>\n","protected":false},"featured_media":16178,"comment_status":"open","ping_status":"closed","template":"","meta":[],"product_brand":[],"product_cat":[203],"product_tag":[],"class_list":{"0":"post-16348","1":"product","2":"type-product","3":"status-publish","4":"has-post-thumbnail","6":"product_cat-geschenksets","7":"tm-no-options-pxq","9":"first","10":"instock","11":"sale","12":"taxable","13":"shipping-taxable","14":"purchasable","15":"product-type-simple"},"_links":{"self":[{"href":"https:\/\/deliceland.com\/de\/wp-json\/wp\/v2\/product\/16348","targetHints":{"allow":["GET"]}}],"collection":[{"href":"https:\/\/deliceland.com\/de\/wp-json\/wp\/v2\/product"}],"about":[{"href":"https:\/\/deliceland.com\/de\/wp-json\/wp\/v2\/types\/product"}],"replies":[{"embeddable":true,"href":"https:\/\/deliceland.com\/de\/wp-json\/wp\/v2\/comments?post=16348"}],"wp:featuredmedia":[{"embeddable":true,"href":"https:\/\/deliceland.com\/de\/wp-json\/wp\/v2\/media\/16178"}],"wp:attachment":[{"href":"https:\/\/deliceland.com\/de\/wp-json\/wp\/v2\/media?parent=16348"}],"wp:term":[{"taxonomy":"product_brand","embeddable":true,"href":"https:\/\/deliceland.com\/de\/wp-json\/wp\/v2\/product_brand?post=16348"},{"taxonomy":"product_cat","embeddable":true,"href":"https:\/\/deliceland.com\/de\/wp-json\/wp\/v2\/product_cat?post=16348"},{"taxonomy":"product_tag","embeddable":true,"href":"https:\/\/deliceland.com\/de\/wp-json\/wp\/v2\/product_tag?post=16348"}],"curies":[{"name":"wp","href":"https:\/\/api.w.org\/{rel}","templated":true}]}}