{"id":15948,"date":"2022-11-30T14:34:47","date_gmt":"2022-11-30T14:34:47","guid":{"rendered":"https:\/\/deliceland.com\/?post_type=product&#038;p=15948"},"modified":"2023-10-20T14:53:16","modified_gmt":"2023-10-20T14:53:16","slug":"loukoum-ravioli-pistazie","status":"publish","type":"product","link":"https:\/\/deliceland.com\/de\/loukoum-ravioli-pistazie\/","title":{"rendered":"Loukoum Ravioli Pistazie"},"content":{"rendered":"<div class=\"wpb-content-wrapper\"><p>[vc_row][vc_column width=&#8221;2\/3&#8243;][vc_column_text woodmart_inline=&#8221;no&#8221; text_larger=&#8221;no&#8221;]<\/p>\n<p>Unsere Loukoums enthalten nur <em>nat\u00fcrliche Produkte<\/em>, die aufgrund ihrer au\u00dfergew\u00f6hnlichen Qualit\u00e4t und ihres Geschmacks ausgew\u00e4hlt wurden.<\/p>\n<p><em>Durch die traditionelle Herstellungsmethode<\/em> behalten die Fr\u00fcchte alle ihre urspr\u00fcnglichen Eigenschaften, ohne dass Zusatzstoffe oder Chemikalien hinzugef\u00fcgt werden. Loukoum das ideale Dessert f\u00fcr Ihre Tee- und Kaffeespezialit\u00e4ten.<\/p>\n<p>D\u00e9lice Land ist unsere Leidenschaft und wir haben nur ein Ziel: Ihnen die besten Loukoums Europas mit einem sehr einfachen Rezept anzubieten: Zucker, Wasser und St\u00e4rke!<\/p>\n<p>Eine Verbindung, die sich seit \u00fcber zwei Jahrhunderten als eine der besten Geschmacksrichtungen und Texturen in der S\u00fc\u00dfwarenindustrie erwiesen hat!<\/p>\n<p>Wir haben eine gro\u00dfe Auswahl an Loukoums mit einer Vielzahl von nat\u00fcrlichen Aromen und Geschmacksrichtungen aus der ganzen Welt. Wir verwenden nur nat\u00fcrliche Farbstoffe, Das Ergebnis ist eine einzigartige S\u00fc\u00dfigkeit mit nat\u00fcrlichem, k\u00f6stlichem Aroma und Geschmack, die ein hervorragendes selbstgemachtes Geschenk oder eine leckere Leckerei f\u00fcr Sie selbst ist!<\/p>\n<p>Mit einem gro\u00dfen Vertriebsnetz und engagierten Partnern haben unsere veganen Loukoums unsere Verbraucher schnell \u00fcberzeugt. Die M\u00f6glichkeit des Online-Verkaufs hat es uns erm\u00f6glicht, unsere k\u00f6stlichen Loukoums nicht nur in Frankreich, sondern auch in ganz Europa zu verkosten!<\/p>\n<p>Unsere Hingabe an ein traditionelles und authentisches Rezept bl\u00fchte auf und wurde zu Europas Premium-Loukoum. Dann <strong>bleibt Ihnen nichts anderes \u00fcbrig, als online oder bei Ihrem n\u00e4chstgelegenen Supermarkt \/ Minimarkt zu kaufen<\/strong>!<\/p>\n<p>Der Loukoum oder Turkish Delight wird dekliniert und genossen!<\/p>\n<p>Der Loukoum ist das k\u00f6stlichste einzigartige Geschenk, das es gibt. Dieses Luxussortiment ist gef\u00fcllt mit wunderbaren, mit Rosen und Granatapfel aromatisierten Loukoums, die s\u00fc\u00df, weich und sehr frisch sind und Sie \u00fcberall an den Istanbuler Loukoum erinnern. Der authentische Geschmack dieser K\u00f6stlichkeit aus dem Nahen Osten wird jeden Gast oder Gastgeber begeistern. Sie k\u00f6nnen diese Loukoums frisch aus dem Ofen oder auf einem Teller in Ihrem Lieblingsrestaurant oder zu Hause genie\u00dfen.<\/p>\n<ul>\n<li>  Ohne Milchprodukte<\/li>\n<li>Vegan &amp; Halal Food<\/li>\n<li>Hergestellt mit original R\u00fcbenwurzelzucker (ohne Glukosesirup)<\/li>\n<li>Dieses Sortiment ist gro\u00df und reicht aus, um mindestens f\u00fcnf Loukoum-Liebhaber zu versorgen.<\/li>\n<\/ul>\n<p>Ideales Geschenk f\u00fcr besondere Tage: Die Packung wird mit gro\u00dfen geschnittenen Loukoums geliefert, die mit echten getrockneten Rosenbl\u00e4ttern, Pistazienpulver, Kokosnuss und Kadaif-Schleifen bedeckt sind (enth\u00e4lt GLUTEN).<\/p>\n<p>Ideal f\u00fcr Geburtstagsgeschenke, Halloween-S\u00fc\u00dfigkeiten, Thanksgiving-S\u00fc\u00dfigkeiten, Weihnachtsgeschenke, Dessertgeschenke, Valentinstagsgeschenke, Urlaubsgeschenke, Muttertagsgeschenke, Vatertagsgeschenke, St. Patrick&#8217;s Day Geschenke, Frauentagsgeschenke, Ostergeschenke, besondere K\u00f6stlichkeiten und f\u00fcr alle Ihre besonderen Tage.<\/p>\n<p>Unsere Produkte sind frisch produziert: Alle unsere Loukoums werden aus Maisst\u00e4rke (Mais) hergestellt und in unserer hygienischen, mit Hightech ausgestatteten Anlage mit geschlossener Umgebung frisch produziert. Wir verwenden keine k\u00fcnstlichen Farb- oder Aromastoffe, keine Zusatzstoffe oder Konservierungsmittel, um den Liebhabern von Loukoum den urspr\u00fcnglichen und einzigartigen Geschmack zu servieren. Wir f\u00fcllen unsere Best\u00e4nde weiterhin h\u00e4ufig auf, um ein besseres s\u00fc\u00dfes Erlebnis zu erm\u00f6glichen. Bitte probieren Sie auch unsere anderen verschiedenen Geschmacksrichtungen t\u00fcrkischer K\u00f6stlichkeiten.<\/p>\n<p><strong>Wie soll man Loukoum konsumieren?<\/strong><\/p>\n<p>In den kalten Jahreszeiten stellen Sie sie bitte bei Raumtemperatur <strong>20-23\u00b0C<\/strong> auf. Loukoums auf der Durchreise werden aufgrund der niedrigen Temperaturen nicht s\u00fc\u00df sein. Ausgezeichneter Snack, der haupts\u00e4chlich neben Tee oder Kaffee zu Hause oder im B\u00fcro f\u00fcr Ihre G\u00e4ste serviert wird.<\/p>\n<p><strong>Zutaten<\/strong><\/p>\n<p>Zucker, Maisst\u00e4rke, Wasser, N\u00fcsse, Zitronens\u00e4ure, Lebensmittelaroma, Seifenkrautwurzelextrakt, nat\u00fcrliche Aromen: Berberis, Rose, Pistazie, Mandel, Rosenbl\u00e4tter, Kokosnuss, Haselnuss, Kada\u00eff, Haselnusscreme, Aprikose, Haselnuss, Grenadine (je nach Produkt und Geschmack).<\/p>\n<p><strong>Di\u00e4ten &amp; Allergene<\/strong><\/p>\n<ul>\n<li>Veganes Produkt Glutenfrei, Halal, Vegetarisch<\/li>\n<li>Enth\u00e4lt: Schalenfr\u00fcchte<\/li>\n<\/ul>\n<p><strong>Kann enthalten:<\/strong><\/p>\n<p>Milch und Milcherzeugnisse (einschlie\u00dflich Laktose) Mandeln und Mandelerzeugnisse Haselnuss und Haselnusserzeugnisse Walnuss und Cashew-Erzeugnisse Pekannuss, Pistazie und Pistazienerzeugnisse.<\/p>\n<p><strong>N\u00e4hrwerte<\/strong><\/p>\n<p>Wie verkauft F\u00fcr 100g<\/p>\n<p>Brennwert 1786 kJ \/ 426,9 kcal<\/p>\n<ul>\n<li>Fett 15,6 g<\/li>\n<li>Eiwei\u00df 5,5 g<\/li>\n<li>Salz 0,001 g<\/li>\n<li>Kohlenhydrate 69,2 g<\/li>\n<li>Zucker 57,3 g<\/li>\n<li>Ges\u00e4ttigte Fetts\u00e4uren 2,6 g<\/li>\n<\/ul>\n<p><strong>Besondere Bedingungen f\u00fcr die Aufbewahrung<\/strong><\/p>\n<p>Aufbewahrungsart: Vor und nach dem \u00d6ffnen bei Raumtemperatur (15\/20\u00b0C), vor Hitze und Feuchtigkeit gesch\u00fctzt aufbewahren.<\/p>\n<p><strong>Bedingungen f\u00fcr die Nutzung<\/strong><\/p>\n<p>Nach dem \u00d6ffnen innerhalb von 7 Tagen verbrauchen.<\/p>\n<p><strong>Beschreibung<\/strong><\/p>\n<p>Unsere Loukoums enthalten keinen Glukosesirup und keine k\u00fcnstlichen Zusatzstoffe. Wir haben f\u00fcr Sie nat\u00fcrliche Fr\u00fcchte und hochwertige Trockenfr\u00fcchte f\u00fcr einen einzigartigen Geschmack ausgew\u00e4hlt.<\/p>\n<p>Bei D\u00e9lice Land bem\u00fchen wir uns, Ihnen die besten Loukoums in Europa anzubieten. Wir sind daf\u00fcr da, daf\u00fcr zu sorgen, dass unsere Produkte Ihre Erwartungen erf\u00fcllen, indem sie hochwertigen Geschmack, Frische und gesunde Inhaltsstoffe bieten. Wenn Sie Loukoums m\u00f6gen und Fragen haben, z\u00f6gern Sie nicht, uns zu kontaktieren!<\/p>\n<p>Unser Loukoum ist eine k\u00f6stliche, weltber\u00fchmte Geschmackskombination, die seit Generationen gesch\u00e4tzt wird. Der Loukoum ist die perfekte Harmonie von Zucker, Wasser und St\u00e4rke.<\/p>\n<p>Wir freuen uns, unseren Kunden die k\u00f6stlichsten und leckersten Loukoums auf dem Markt anbieten zu k\u00f6nnen. Unsere Loukoums werden in einer Vielzahl von Geschmacksrichtungen und Aromen angeboten und mit einem nat\u00fcrlichen Farbstoff versehen, um sicherzustellen, dass sie ebenso sch\u00f6n wie k\u00f6stlich sind.<\/p>\n<p>&nbsp;<\/p>\n<p>[\/vc_column_text][\/vc_column][vc_column width=&#8221;1\/3&#8243;][vc_single_image image=&#8221;7687&#8243; img_size=&#8221;full&#8221; parallax_scroll=&#8221;no&#8221; woodmart_inline=&#8221;no&#8221;][\/vc_column][\/vc_row]<\/p>\n<\/div>","protected":false},"excerpt":{"rendered":"<p><span style=\"font-weight: 400;\"><strong>Der mit Pistazien bedeckte Feigen-Walnuss-Loukoum<\/strong> wird Ihre Papillen mit seinem au\u00dfergew\u00f6hnlichen Geschmack in Staunen versetzen. Unsere Loukoums werden mit nat\u00fcrlichen, veganen und handgefertigten Produkten verarbeitet, um Ihnen ein qualitativ hochwertiges Produkt zu garantieren. <\/span><\/p>\n<p><span style=\"font-weight: 400;\">Genie\u00dfen Sie diese S\u00fc\u00dfigkeit zusammen mit einem guten t\u00fcrkischen Kaffee oder einem hei\u00dfen Tee. Unser Angebot an Loukoum, befriedigt jeden Gaumen und garantiert einen au\u00dfergew\u00f6hnlichen Moment des Schlemmens.<\/span><\/p>\n","protected":false},"featured_media":15963,"comment_status":"open","ping_status":"closed","template":"","meta":[],"product_brand":[],"product_cat":[329,144,147,164],"product_tag":[],"class_list":{"0":"post-15948","1":"product","2":"type-product","3":"status-publish","4":"has-post-thumbnail","6":"product_cat-lokum-de","7":"product_cat-deluxe-de","8":"product_cat-premium-de","9":"product_cat-royal-gerollt","10":"product_shipping_class-packlink-de","11":"pa_grammage-1500gr-de","12":"pa_grammage-300gr-de-de","13":"pa_grammage-700-g-de","14":"tm-no-options-pxq","16":"first","17":"outofstock","18":"taxable","19":"shipping-taxable","20":"product-type-variable"},"_links":{"self":[{"href":"https:\/\/deliceland.com\/de\/wp-json\/wp\/v2\/product\/15948","targetHints":{"allow":["GET"]}}],"collection":[{"href":"https:\/\/deliceland.com\/de\/wp-json\/wp\/v2\/product"}],"about":[{"href":"https:\/\/deliceland.com\/de\/wp-json\/wp\/v2\/types\/product"}],"replies":[{"embeddable":true,"href":"https:\/\/deliceland.com\/de\/wp-json\/wp\/v2\/comments?post=15948"}],"wp:featuredmedia":[{"embeddable":true,"href":"https:\/\/deliceland.com\/de\/wp-json\/wp\/v2\/media\/15963"}],"wp:attachment":[{"href":"https:\/\/deliceland.com\/de\/wp-json\/wp\/v2\/media?parent=15948"}],"wp:term":[{"taxonomy":"product_brand","embeddable":true,"href":"https:\/\/deliceland.com\/de\/wp-json\/wp\/v2\/product_brand?post=15948"},{"taxonomy":"product_cat","embeddable":true,"href":"https:\/\/deliceland.com\/de\/wp-json\/wp\/v2\/product_cat?post=15948"},{"taxonomy":"product_tag","embeddable":true,"href":"https:\/\/deliceland.com\/de\/wp-json\/wp\/v2\/product_tag?post=15948"}],"curies":[{"name":"wp","href":"https:\/\/api.w.org\/{rel}","templated":true}]}}