{"id":15520,"date":"2022-03-01T19:27:22","date_gmt":"2022-03-01T19:27:22","guid":{"rendered":"https:\/\/deliceland.com\/produit\/loukoum-granatapfel\/"},"modified":"2025-10-14T09:22:52","modified_gmt":"2025-10-14T09:22:52","slug":"lokum-granatapfel","status":"publish","type":"product","link":"https:\/\/deliceland.com\/de\/lokum-granatapfel\/","title":{"rendered":"Loukoum Granatapfel"},"content":{"rendered":"<div class=\"wpb-content-wrapper\"><p>[vc_row][vc_column width=&#8221;2\/3&#8243;][vc_column_text woodmart_inline=&#8221;no&#8221; text_larger=&#8221;no&#8221;]Unsere lokums enthalten keinen Glukosesirup und keine k\u00fcnstlichen Zusatzstoffe. Wir haben f\u00fcr Sie nat\u00fcrliche Fr\u00fcchte und hochwertige Trockenfr\u00fcchte f\u00fcr einen einzigartigen Geschmack ausgew\u00e4hlt.<\/p>\n<p>D\u00e9lice Land ist unsere Leidenschaft und wir haben nur ein Ziel: Ihnen die besten lokums Europas mit einem sehr einfachen Rezept anzubieten: Zucker, Wasser und St\u00e4rke!<br \/>\nEine Verbindung, die sich seit \u00fcber zwei Jahrhunderten als eine der besten Geschmacksrichtungen und Texturen in der S\u00fc\u00dfwarenindustrie erwiesen hat!<\/p>\n<p>Wir haben eine gro\u00dfe Auswahl an Lokum mit einer Vielzahl von nat\u00fcrlichen Aromen und Geschmacksrichtungen aus der ganzen Welt. Wir verwenden nur nat\u00fcrliche Farbstoffe, die unseren veganen lokums ihren nat\u00fcrlichen Charme verleihen.<\/p>\n<p>Mit einem gro\u00dfen Vertriebsnetz und engagierten Partnern haben unsere veganen lokums unsere Verbraucher schnell \u00fcberzeugt. Die M\u00f6glichkeit des Online-Verkaufs hat es uns erm\u00f6glicht, unsere k\u00f6stlichen lokums nicht nur in Frankreich, sondern auch in ganz Europa zu verkosten!<\/p>\n<p>Unsere Hingabe an ein traditionelles und authentisches Rezept bl\u00fchte auf und wurde zu Europas Premium-Loukum.<\/p>\n<p>Dann bleibt Ihnen nichts anderes \u00fcbrig, als online oder bei Ihrem n\u00e4chstgelegenen Supermarkt \/ Minimarkt zu kaufen![\/vc_column_text][\/vc_column][vc_column width=&#8221;1\/3&#8243;][vc_single_image image=&#8221;7687&#8243; img_size=&#8221;full&#8221; parallax_scroll=&#8221;no&#8221; woodmart_inline=&#8221;no&#8221;][\/vc_column][\/vc_row]<\/p>\n<\/div>","protected":false},"excerpt":{"rendered":"<p>Die Geschm\u00e4cker m\u00fcssen ein perfektes Gleichgewicht haben, um unseren Gaumen gl\u00fccklich zu machen. Deshalb <b>w\u00e4hlt D\u00e9lice Land bei der Herstellung seiner veganen lokums nur nat\u00fcrliche Fr\u00fcchte und hochwertige Trockenfr\u00fcchte f\u00fcr Sie<\/b> aus! Ein erhabenes Finale \ud83d\ude09<\/p>\n","protected":false},"featured_media":15521,"comment_status":"open","ping_status":"closed","template":"","meta":[],"product_brand":[],"product_cat":[329,194],"product_tag":[],"class_list":{"0":"post-15520","1":"product","2":"type-product","3":"status-publish","4":"has-post-thumbnail","6":"product_cat-lokum-de","7":"product_cat-authentisch","8":"product_shipping_class-packlink-de","9":"pa_grammage-1500gr-de","10":"pa_grammage-300gr-de-de","11":"pa_grammage-700-g-de","12":"tm-no-options-pxq","14":"first","15":"instock","16":"taxable","17":"shipping-taxable","18":"purchasable","19":"product-type-variable"},"jetpack-related-posts":[{"id":16877,"url":"https:\/\/deliceland.com\/de\/lokum-mixed-batonnet\/","url_meta":{"origin":15520,"position":0},"title":"Loukoum Mixed Stick","author":"D\u00e9lice Land","date":"12. Dezember 2022","format":false,"excerpt":"Die Geschm\u00e4cker m\u00fcssen ein perfektes Gleichgewicht haben, um unseren Gaumen gl\u00fccklich zu machen. Deshalb w\u00e4hlt D\u00e9lice Land bei der Herstellung seiner veganen lokums nur nat\u00fcrliche Fr\u00fcchte und hochwertige Trockenfr\u00fcchte f\u00fcr Sie aus! Ein erhabenes Finale ;)","rel":"","context":"\u00c4hnlicher Beitrag","block_context":{"text":"\u00c4hnlicher Beitrag","link":""},"img":{"alt_text":"","src":"https:\/\/deliceland.com\/wp-content\/uploads\/2022\/12\/1-7.avif","width":350,"height":200,"srcset":"https:\/\/deliceland.com\/wp-content\/uploads\/2022\/12\/1-7.avif 1x, https:\/\/deliceland.com\/wp-content\/uploads\/2022\/12\/1-7.avif 1.5x, https:\/\/deliceland.com\/wp-content\/uploads\/2022\/12\/1-7.avif 2x"},"classes":[]},{"id":15198,"url":"https:\/\/deliceland.com\/de\/lokum-royal-rolle-mandel-und-creme\/","url_meta":{"origin":15520,"position":1},"title":"Loukoum Royal Gerollt Mandel Und Creme","author":"D\u00e9lice Land","date":"1. M\u00e4rz 2022","format":false,"excerpt":"Der gerollte Mandel-Loukoum ist der perfekte Loukoum f\u00fcr Mandelfans mit seiner k\u00f6stlichen Creme und dem knackigen Mand elkrokant dieser Loukoum ist f\u00fcr Naschkatzen und f\u00fcr Nussfans. Unsere lokums werden mit nat\u00fcrlichen, veganen und handgefertigten Produkten verarbeitet, um Ihnen ein Qualit\u00e4tsprodukt zu garantieren. Genie\u00dfen Sie diese S\u00fc\u00dfigkeit zusammen mit einem guten\u2026","rel":"","context":"\u00c4hnlicher Beitrag","block_context":{"text":"\u00c4hnlicher Beitrag","link":""},"img":{"alt_text":"","src":"https:\/\/deliceland.com\/wp-content\/uploads\/2022\/03\/loukoum-royal-roule-amande-creme-dh3714k-002.avif","width":350,"height":200,"srcset":"https:\/\/deliceland.com\/wp-content\/uploads\/2022\/03\/loukoum-royal-roule-amande-creme-dh3714k-002.avif 1x, https:\/\/deliceland.com\/wp-content\/uploads\/2022\/03\/loukoum-royal-roule-amande-creme-dh3714k-002.avif 1.5x, https:\/\/deliceland.com\/wp-content\/uploads\/2022\/03\/loukoum-royal-roule-amande-creme-dh3714k-002.avif 2x, https:\/\/deliceland.com\/wp-content\/uploads\/2022\/03\/loukoum-royal-roule-amande-creme-dh3714k-002.avif 3x"},"classes":[]},{"id":15383,"url":"https:\/\/deliceland.com\/de\/lokum-royal-rollen-pistazie\/","url_meta":{"origin":15520,"position":2},"title":"Loukoum Royal Gerollt Pistazie","author":"D\u00e9lice Land","date":"1. M\u00e4rz 2022","format":false,"excerpt":"Der Pistazien-Loukoum mit seinem knackigen Biss und der k\u00f6stlichen, cremigen Creme wird Sie sprachlos machen. Unsere lokums werden mit nat\u00fcrlichen, veganen und handgefertigten Produkten verarbeitet, um Ihnen ein Qualit\u00e4tsprodukt zu garantieren. Genie\u00dfen Sie diese S\u00fc\u00dfigkeit zusammen mit einem guten t\u00fcrkischen Kaffee oder einem hei\u00dfen Tee. Unser Angebot an Lokum, befriedigt\u2026","rel":"","context":"\u00c4hnlicher Beitrag","block_context":{"text":"\u00c4hnlicher Beitrag","link":""},"img":{"alt_text":"","src":"https:\/\/deliceland.com\/wp-content\/uploads\/2022\/03\/loukoum-royal-roule-pistache-dh3713k-002.avif","width":350,"height":200,"srcset":"https:\/\/deliceland.com\/wp-content\/uploads\/2022\/03\/loukoum-royal-roule-pistache-dh3713k-002.avif 1x, https:\/\/deliceland.com\/wp-content\/uploads\/2022\/03\/loukoum-royal-roule-pistache-dh3713k-002.avif 1.5x, https:\/\/deliceland.com\/wp-content\/uploads\/2022\/03\/loukoum-royal-roule-pistache-dh3713k-002.avif 2x, https:\/\/deliceland.com\/wp-content\/uploads\/2022\/03\/loukoum-royal-roule-pistache-dh3713k-002.avif 3x"},"classes":[]},{"id":15389,"url":"https:\/\/deliceland.com\/de\/loukum-baguette-aux-petales-de-rose-grenade-et-pistache\/","url_meta":{"origin":15520,"position":3},"title":"Loukoum Baguette mit Rosenbl\u00fcten, Granatapfel und Pistazie","author":"D\u00e9lice Land","date":"1. M\u00e4rz 2022","format":false,"excerpt":"Entdecken Sie den Geschmack von Granatapfel-Loukoum in Kombination mit Pistazien, die mit getrockneten Rosenbl\u00e4ttern umwickelt sind. Die Zartheit dieses Loukoum und sein r\u00f6tliches Aussehen werden Ihre Tafel veredeln. Unsere lokums werden mit nat\u00fcrlichen, veganen und handgefertigten Produkten verarbeitet, um Ihnen ein Qualit\u00e4tsprodukt zu garantieren. Genie\u00dfen Sie diese S\u00fc\u00dfigkeit zusammen mit\u2026","rel":"","context":"\u00c4hnlicher Beitrag","block_context":{"text":"\u00c4hnlicher Beitrag","link":""},"img":{"alt_text":"","src":"https:\/\/deliceland.com\/wp-content\/uploads\/2022\/03\/loukoum-baguette-petales-rose-grenade-pistache-dh2026k-001-001.avif","width":350,"height":200,"srcset":"https:\/\/deliceland.com\/wp-content\/uploads\/2022\/03\/loukoum-baguette-petales-rose-grenade-pistache-dh2026k-001-001.avif 1x, https:\/\/deliceland.com\/wp-content\/uploads\/2022\/03\/loukoum-baguette-petales-rose-grenade-pistache-dh2026k-001-001.avif 1.5x, https:\/\/deliceland.com\/wp-content\/uploads\/2022\/03\/loukoum-baguette-petales-rose-grenade-pistache-dh2026k-001-001.avif 2x, https:\/\/deliceland.com\/wp-content\/uploads\/2022\/03\/loukoum-baguette-petales-rose-grenade-pistache-dh2026k-001-001.avif 3x"},"classes":[]},{"id":14225,"url":"https:\/\/deliceland.com\/de\/decouvert-loukoum-box\/","url_meta":{"origin":15520,"position":4},"title":"Entdeckung loukoum box","author":"D\u00e9lice Land","date":"31. Oktober 2022","format":false,"excerpt":"Lust auf Entdeckungen und neue Geschm\u00e4cker? D\u00e9lice Land schl\u00e4gt Ihnen vor, die K\u00f6stlichkeit unserer Loukoums mit der Box loukoum d\u00e9couverte zu erkunden! \ud83d\udc49 4 Sorten f\u00fcr 300 g \ud83d\udc49 6 Sorten f\u00fcr 700 g \ud83d\udc49 8 Sorten f\u00fcr 1,5 kg","rel":"","context":"\u00c4hnlicher Beitrag","block_context":{"text":"\u00c4hnlicher Beitrag","link":""},"img":{"alt_text":"","src":"https:\/\/deliceland.com\/wp-content\/uploads\/2022\/10\/Turkish-delight-loukoum-lokum4.avif","width":350,"height":200,"srcset":"https:\/\/deliceland.com\/wp-content\/uploads\/2022\/10\/Turkish-delight-loukoum-lokum4.avif 1x, https:\/\/deliceland.com\/wp-content\/uploads\/2022\/10\/Turkish-delight-loukoum-lokum4.avif 1.5x, https:\/\/deliceland.com\/wp-content\/uploads\/2022\/10\/Turkish-delight-loukoum-lokum4.avif 2x, https:\/\/deliceland.com\/wp-content\/uploads\/2022\/10\/Turkish-delight-loukoum-lokum4.avif 3x, https:\/\/deliceland.com\/wp-content\/uploads\/2022\/10\/Turkish-delight-loukoum-lokum4.avif 4x"},"classes":[]},{"id":17848,"url":"https:\/\/deliceland.com\/de\/geschenkbox-ramadan\/","url_meta":{"origin":15520,"position":5},"title":"Geschenkbox Ramadan","author":"D\u00e9lice Land","date":"19. M\u00e4rz 2023","format":false,"excerpt":"Bestes Geschenk zu Eid, Ramadan der Loukoum! Unsere Gourmet-Box besteht aus : - 700 g sorgf\u00e4ltig ausgew\u00e4hlter, hochwertiger Loukoums - 250 g t\u00fcrkischer Kaffee von der ber\u00fchmten traditionellen Kaffeer\u00f6sterei Mehmet Efendi - 2 Kaffeetassen-Set (Repr\u00e4sentatives Foto, vielf\u00e4ltiges Design, identische Qualit\u00e4t) - 1 Cezve, traditionelle t\u00fcrkische Kaffeekanne aus Kupfer","rel":"","context":"\u00c4hnlicher Beitrag","block_context":{"text":"\u00c4hnlicher Beitrag","link":""},"img":{"alt_text":"","src":"https:\/\/deliceland.com\/wp-content\/uploads\/2023\/03\/deliceland-ramadan-box-001.avif","width":350,"height":200,"srcset":"https:\/\/deliceland.com\/wp-content\/uploads\/2023\/03\/deliceland-ramadan-box-001.avif 1x, https:\/\/deliceland.com\/wp-content\/uploads\/2023\/03\/deliceland-ramadan-box-001.avif 1.5x, https:\/\/deliceland.com\/wp-content\/uploads\/2023\/03\/deliceland-ramadan-box-001.avif 2x"},"classes":[]}],"_links":{"self":[{"href":"https:\/\/deliceland.com\/de\/wp-json\/wp\/v2\/product\/15520","targetHints":{"allow":["GET"]}}],"collection":[{"href":"https:\/\/deliceland.com\/de\/wp-json\/wp\/v2\/product"}],"about":[{"href":"https:\/\/deliceland.com\/de\/wp-json\/wp\/v2\/types\/product"}],"replies":[{"embeddable":true,"href":"https:\/\/deliceland.com\/de\/wp-json\/wp\/v2\/comments?post=15520"}],"wp:featuredmedia":[{"embeddable":true,"href":"https:\/\/deliceland.com\/de\/wp-json\/wp\/v2\/media\/15521"}],"wp:attachment":[{"href":"https:\/\/deliceland.com\/de\/wp-json\/wp\/v2\/media?parent=15520"}],"wp:term":[{"taxonomy":"product_brand","embeddable":true,"href":"https:\/\/deliceland.com\/de\/wp-json\/wp\/v2\/product_brand?post=15520"},{"taxonomy":"product_cat","embeddable":true,"href":"https:\/\/deliceland.com\/de\/wp-json\/wp\/v2\/product_cat?post=15520"},{"taxonomy":"product_tag","embeddable":true,"href":"https:\/\/deliceland.com\/de\/wp-json\/wp\/v2\/product_tag?post=15520"}],"curies":[{"name":"wp","href":"https:\/\/api.w.org\/{rel}","templated":true}]}}