{"id":14978,"date":"2022-03-01T19:28:27","date_gmt":"2022-03-01T19:28:27","guid":{"rendered":"https:\/\/deliceland.com\/produit\/loukoum-royal-roule-kadaif-sahne-und-pistazie\/"},"modified":"2024-01-14T14:02:56","modified_gmt":"2024-01-14T14:02:56","slug":"loukum-royal-rolle-kadaif-creme-und-pistazie","status":"publish","type":"product","link":"https:\/\/deliceland.com\/de\/loukum-royal-rolle-kadaif-creme-und-pistazie\/","title":{"rendered":"Loukoum Royal Roul\u00e9 Kada\u00eff, Sahne und Pistazie"},"content":{"rendered":"<div class=\"wpb-content-wrapper\"><p>[vc_row][vc_column width=&#8221;2\/3&#8243;][vc_column_text woodmart_inline=&#8221;no&#8221; text_larger=&#8221;no&#8221;]<\/p>\n<p>Unsere lokums enthalten nur <em>nat\u00fcrliche Produkte<\/em>, die aufgrund ihrer au\u00dfergew\u00f6hnlichen Qualit\u00e4t und ihres Geschmacks ausgew\u00e4hlt wurden.<\/p>\n<p><em>Durch die traditionelle Herstellungsmethode<\/em> behalten die Fr\u00fcchte alle ihre urspr\u00fcnglichen Eigenschaften, ohne dass Zusatzstoffe oder Chemikalien hinzugef\u00fcgt werden. Lokum ist der ideale Nachtisch f\u00fcr Tee und Kaffee.<\/p>\n<p>D\u00e9lice Land ist unsere Leidenschaft und wir haben nur ein Ziel: Ihnen die besten lokums Europas mit einem sehr einfachen Rezept anzubieten: Zucker, Wasser und St\u00e4rke!<\/p>\n<p>Eine Verbindung, die sich seit \u00fcber zwei Jahrhunderten als eine der besten Geschmacksrichtungen und Texturen in der S\u00fc\u00dfwarenindustrie erwiesen hat!<\/p>\n<p>Wir haben eine gro\u00dfe Auswahl an Lokum mit einer Vielzahl von nat\u00fcrlichen Aromen und Geschmacksrichtungen aus der ganzen Welt. Wir verwenden nur nat\u00fcrliche Farbstoffe, Das Ergebnis ist eine einzigartige S\u00fc\u00dfigkeit mit nat\u00fcrlichem, k\u00f6stlichem Aroma und Geschmack, die ein hervorragendes selbstgemachtes Geschenk oder eine leckere Leckerei f\u00fcr Sie selbst ist!<\/p>\n<p>Mit einem gro\u00dfen H\u00e4ndlernetz und engagierten Partnern haben unsere veganen lokums unsere Verbraucher schnell \u00fcberzeugt. Die M\u00f6glichkeit des Online-Verkaufs hat es uns erm\u00f6glicht, unsere k\u00f6stlichen lokums nicht nur in Frankreich, sondern auch in ganz Europa zu verkosten!<\/p>\n<p>Unsere Hingabe an ein traditionelles und authentisches Rezept bl\u00fchte auf und wurde zu Europas Premium-Loukum. Dann <strong>bleibt Ihnen nichts anderes \u00fcbrig, als online oder bei Ihrem n\u00e4chstgelegenen Supermarkt \/ Minimarkt zu kaufen<\/strong>!<\/p>\n<p>Der lokum oder Turkish Delight wird dekliniert und genossen!<\/p>\n<p>Lokum ist das k\u00f6stlichste und einzigartigste Geschenk, das es gibt. Dieses Luxussortiment ist voll von wunderbaren, mit Rosen und Granatapfel aromatisierten Lokum, die weich, sanft und sehr frisch sind und Sie \u00fcberall an Istanbul-Lukum erinnern. Der authentische Geschmack dieser K\u00f6stlichkeit aus dem Nahen Osten wird jeden Gast oder Gastgeber begeistern. Sie k\u00f6nnen diese lokums frisch aus dem Ofen oder auf einem Teller in Ihrem Lieblingsrestaurant oder zu Hause genie\u00dfen.<\/p>\n<ul>\n<li>  Ohne Milchprodukte<\/li>\n<li>Vegan &amp; Halal Food<\/li>\n<li>Hergestellt mit original R\u00fcbenwurzelzucker (ohne Glukosesirup)<\/li>\n<li>Dieses Sortiment ist gro\u00df und reicht aus, um mindestens f\u00fcnf Lokum-Liebhaber zu versorgen.<\/li>\n<\/ul>\n<p>Ideales Geschenk f\u00fcr besondere Tage: Das Paket wird mit gro\u00dfen, geschnittenen lokums geliefert, die mit echten, getrockneten Rosenbl\u00e4ttern, Pistazienpulver, Kokosnuss und Kadaif-Schleifen bedeckt sind (enth\u00e4lt GLUTEN).<\/p>\n<p>Ideal f\u00fcr Geburtstagsgeschenke, Halloween-S\u00fc\u00dfigkeiten, Thanksgiving-S\u00fc\u00dfigkeiten, Weihnachtsgeschenke, Dessertgeschenke, Valentinstagsgeschenke, Urlaubsgeschenke, Muttertagsgeschenke, Vatertagsgeschenke, St. Patrick&#8217;s Day Geschenke, Frauentagsgeschenke, Ostergeschenke, besondere K\u00f6stlichkeiten und f\u00fcr alle Ihre besonderen Tage.<\/p>\n<p>Unsere Produkte sind frisch produziert: Alle unsere lokums werden aus Maisst\u00e4rke (Mais) hergestellt und frisch in unserer hygienischen, mit Hightech ausgestatteten Anlage mit geschlossener Umgebung produziert. Wir verwenden keine k\u00fcnstlichen Farb- oder Aromastoffe, keine Zusatzstoffe und keine Konservierungsmittel, um den Liebhabern von lokum den urspr\u00fcnglichen und einzigartigen Geschmack zu servieren. Wir f\u00fcllen unsere Best\u00e4nde weiterhin h\u00e4ufig auf, um ein besseres s\u00fc\u00dfes Erlebnis zu erm\u00f6glichen. Bitte probieren Sie auch unsere anderen verschiedenen Geschmacksrichtungen t\u00fcrkischer K\u00f6stlichkeiten.<\/p>\n<p><strong>Wie konsumiert man Lokum?<\/strong><\/p>\n<p>In den kalten Jahreszeiten stellen Sie sie bitte bei Raumtemperatur <strong>20-23\u00b0C<\/strong> auf. Lokum im Transit wird aufgrund der niedrigen Temperaturen nicht s\u00fc\u00df sein. Ausgezeichneter Snack, der haupts\u00e4chlich neben Tee oder Kaffee zu Hause oder im B\u00fcro f\u00fcr Ihre G\u00e4ste serviert wird.<\/p>\n<p><strong>Zutaten<\/strong><\/p>\n<p>Zucker, Maisst\u00e4rke, Wasser, N\u00fcsse, Zitronens\u00e4ure, Lebensmittelaroma, Seifenkrautwurzelextrakt, nat\u00fcrliche Aromen: Berberis, Rose, Pistazie, Mandel, Rosenbl\u00e4tter, Kokosnuss, Haselnuss, Kada\u00eff, Haselnusscreme, Aprikose, Haselnuss, Grenadine (je nach Produkt und Geschmack).<\/p>\n<p><strong>Di\u00e4ten &amp; Allergene<\/strong><\/p>\n<ul>\n<li>Veganes Produkt Glutenfrei, Halal, Vegetarisch<\/li>\n<li>Enth\u00e4lt: Schalenfr\u00fcchte<\/li>\n<\/ul>\n<p><strong>Kann enthalten:<\/strong><\/p>\n<p>Milch und Milcherzeugnisse (einschlie\u00dflich Laktose) Mandeln und Mandelerzeugnisse Haselnuss und Haselnusserzeugnisse Walnuss und Cashew-Erzeugnisse Pekannuss, Pistazie und Pistazienerzeugnisse.<\/p>\n<p><strong>N\u00e4hrwerte<\/strong><\/p>\n<p>Wie verkauft F\u00fcr 100g<\/p>\n<p>Brennwert 1786 kJ \/ 426,9 kcal<\/p>\n<ul>\n<li>Fett 15,6 g<\/li>\n<li>Eiwei\u00df 5,5 g<\/li>\n<li>Salz 0,001 g<\/li>\n<li>Kohlenhydrate 69,2 g<\/li>\n<li>Zucker 57,3 g<\/li>\n<li>Ges\u00e4ttigte Fetts\u00e4uren 2,6 g<\/li>\n<\/ul>\n<p><strong>Besondere Bedingungen f\u00fcr die Aufbewahrung<\/strong><\/p>\n<p>Aufbewahrungsart: Vor und nach dem \u00d6ffnen bei Raumtemperatur (15\/20\u00b0C), vor Hitze und Feuchtigkeit gesch\u00fctzt aufbewahren.<\/p>\n<p><strong>Bedingungen f\u00fcr die Nutzung<\/strong><\/p>\n<p>Nach dem \u00d6ffnen innerhalb von 7 Tagen verbrauchen.<\/p>\n<p><strong>Beschreibung<\/strong><\/p>\n<p>Unsere lokums enthalten keinen Glukosesirup und keine k\u00fcnstlichen Zusatzstoffe. Wir haben f\u00fcr Sie nat\u00fcrliche Fr\u00fcchte und hochwertige Trockenfr\u00fcchte f\u00fcr einen einzigartigen Geschmack ausgew\u00e4hlt.<\/p>\n<p>Bei D\u00e9lice Land bem\u00fchen wir uns, Ihnen die besten lokums in Europa anzubieten. Wir sind daf\u00fcr da, daf\u00fcr zu sorgen, dass unsere Produkte Ihre Erwartungen erf\u00fcllen, indem sie hochwertigen Geschmack, Frische und gesunde Inhaltsstoffe bieten. Wenn Sie lokum lieben und Fragen haben, z\u00f6gern Sie nicht, uns zu kontaktieren!<\/p>\n<p>Unser Lokum ist eine k\u00f6stliche, weltber\u00fchmte Geschmackskombination, die seit Generationen gesch\u00e4tzt wird. Lokum ist die perfekte Harmonie von Zucker, Wasser und St\u00e4rke.<\/p>\n<p>Wir freuen uns, unseren Kunden die k\u00f6stlichsten und leckersten lokums auf dem Markt anbieten zu k\u00f6nnen. Unsere lokums werden in einer Vielzahl von Geschmacksrichtungen und Aromen angeboten und mit einem nat\u00fcrlichen Farbstoff versehen, um sicherzustellen, dass sie ebenso sch\u00f6n wie lecker sind.<\/p>\n<p>&nbsp;<\/p>\n<p>[\/vc_column_text][\/vc_column][vc_column width=&#8221;1\/3&#8243;][vc_single_image image=&#8221;7687&#8243; img_size=&#8221;full&#8221; parallax_scroll=&#8221;no&#8221; woodmart_inline=&#8221;no&#8221;][\/vc_column][\/vc_row]<\/p>\n<\/div>","protected":false},"excerpt":{"rendered":"<p><span style=\"font-weight: 400;\">Entdecken Sie <strong>den Loukum Kada\u00cff, Pistazie und seine zarte, mit Kada\u00cff umwickelte Creme, eine knusprige, cremige und leichte Delikatesse<\/strong>, die aus d\u00fcnnen Nudeln hergestellt wird, die wie &#8220;Engelshaar&#8221; aussehen, daher der Name. Mit einer exquisiten Haselnusscreme gef\u00fcllt, wird dieses authentische Dessert, das Kadayif, Ihnen originelle Geschmackserlebnisse bescheren. Unsere lokums werden mit nat\u00fcrlichen, veganen und handgefertigten Produkten verarbeitet, um Ihnen ein Qualit\u00e4tsprodukt zu garantieren.  <\/span><\/p>\n<p><span style=\"font-weight: 400;\">Genie\u00dfen Sie diese S\u00fc\u00dfigkeit zusammen mit einem guten t\u00fcrkischen Kaffee oder einem hei\u00dfen Tee. Unser Angebot an Lokum, befriedigt jeden Gaumen und garantiert einen au\u00dfergew\u00f6hnlichen Moment des Schlemmens.<\/span><\/p>\n<p><span style=\"font-weight: 400;\"> <\/span><\/p>\n","protected":false},"featured_media":14979,"comment_status":"open","ping_status":"closed","template":"","meta":[],"product_brand":[],"product_cat":[329,144,164],"product_tag":[],"class_list":{"0":"post-14978","1":"product","2":"type-product","3":"status-publish","4":"has-post-thumbnail","6":"product_cat-lokum-de","7":"product_cat-deluxe-de","8":"product_cat-royal-gerollt","9":"product_shipping_class-packlink-de","10":"pa_grammage-1500gr-de","11":"pa_grammage-300gr-de-de","12":"pa_grammage-700-g-de","13":"tm-no-options-pxq","15":"first","16":"instock","17":"featured","18":"taxable","19":"shipping-taxable","20":"purchasable","21":"product-type-variable"},"jetpack-related-posts":[{"id":16877,"url":"https:\/\/deliceland.com\/de\/lokum-mixed-batonnet\/","url_meta":{"origin":14978,"position":0},"title":"Loukoum Mixed Stick","author":"D\u00e9lice Land","date":"12. Dezember 2022","format":false,"excerpt":"Die Geschm\u00e4cker m\u00fcssen ein perfektes Gleichgewicht haben, um unseren Gaumen gl\u00fccklich zu machen. Deshalb w\u00e4hlt D\u00e9lice Land bei der Herstellung seiner veganen lokums nur nat\u00fcrliche Fr\u00fcchte und hochwertige Trockenfr\u00fcchte f\u00fcr Sie aus! Ein erhabenes Finale ;)","rel":"","context":"\u00c4hnlicher Beitrag","block_context":{"text":"\u00c4hnlicher Beitrag","link":""},"img":{"alt_text":"","src":"https:\/\/deliceland.com\/wp-content\/uploads\/2022\/12\/1-7.avif","width":350,"height":200,"srcset":"https:\/\/deliceland.com\/wp-content\/uploads\/2022\/12\/1-7.avif 1x, https:\/\/deliceland.com\/wp-content\/uploads\/2022\/12\/1-7.avif 1.5x, https:\/\/deliceland.com\/wp-content\/uploads\/2022\/12\/1-7.avif 2x"},"classes":[]},{"id":15198,"url":"https:\/\/deliceland.com\/de\/lokum-royal-rolle-mandel-und-creme\/","url_meta":{"origin":14978,"position":1},"title":"Loukoum Royal Gerollt Mandel Und Creme","author":"D\u00e9lice Land","date":"1. M\u00e4rz 2022","format":false,"excerpt":"Der gerollte Mandel-Loukoum ist der perfekte Loukoum f\u00fcr Mandelfans mit seiner k\u00f6stlichen Creme und dem knackigen Mand elkrokant dieser Loukoum ist f\u00fcr Naschkatzen und f\u00fcr Nussfans. Unsere lokums werden mit nat\u00fcrlichen, veganen und handgefertigten Produkten verarbeitet, um Ihnen ein Qualit\u00e4tsprodukt zu garantieren. Genie\u00dfen Sie diese S\u00fc\u00dfigkeit zusammen mit einem guten\u2026","rel":"","context":"\u00c4hnlicher Beitrag","block_context":{"text":"\u00c4hnlicher Beitrag","link":""},"img":{"alt_text":"","src":"https:\/\/deliceland.com\/wp-content\/uploads\/2022\/03\/loukoum-royal-roule-amande-creme-dh3714k-002.avif","width":350,"height":200,"srcset":"https:\/\/deliceland.com\/wp-content\/uploads\/2022\/03\/loukoum-royal-roule-amande-creme-dh3714k-002.avif 1x, https:\/\/deliceland.com\/wp-content\/uploads\/2022\/03\/loukoum-royal-roule-amande-creme-dh3714k-002.avif 1.5x, https:\/\/deliceland.com\/wp-content\/uploads\/2022\/03\/loukoum-royal-roule-amande-creme-dh3714k-002.avif 2x, https:\/\/deliceland.com\/wp-content\/uploads\/2022\/03\/loukoum-royal-roule-amande-creme-dh3714k-002.avif 3x"},"classes":[]},{"id":15389,"url":"https:\/\/deliceland.com\/de\/loukum-baguette-aux-petales-de-rose-grenade-et-pistache\/","url_meta":{"origin":14978,"position":2},"title":"Loukoum Baguette mit Rosenbl\u00fcten, Granatapfel und Pistazie","author":"D\u00e9lice Land","date":"1. M\u00e4rz 2022","format":false,"excerpt":"Entdecken Sie den Geschmack von Granatapfel-Loukoum in Kombination mit Pistazien, die mit getrockneten Rosenbl\u00e4ttern umwickelt sind. Die Zartheit dieses Loukoum und sein r\u00f6tliches Aussehen werden Ihre Tafel veredeln. Unsere lokums werden mit nat\u00fcrlichen, veganen und handgefertigten Produkten verarbeitet, um Ihnen ein Qualit\u00e4tsprodukt zu garantieren. Genie\u00dfen Sie diese S\u00fc\u00dfigkeit zusammen mit\u2026","rel":"","context":"\u00c4hnlicher Beitrag","block_context":{"text":"\u00c4hnlicher Beitrag","link":""},"img":{"alt_text":"","src":"https:\/\/deliceland.com\/wp-content\/uploads\/2022\/03\/loukoum-baguette-petales-rose-grenade-pistache-dh2026k-001-001.avif","width":350,"height":200,"srcset":"https:\/\/deliceland.com\/wp-content\/uploads\/2022\/03\/loukoum-baguette-petales-rose-grenade-pistache-dh2026k-001-001.avif 1x, https:\/\/deliceland.com\/wp-content\/uploads\/2022\/03\/loukoum-baguette-petales-rose-grenade-pistache-dh2026k-001-001.avif 1.5x, https:\/\/deliceland.com\/wp-content\/uploads\/2022\/03\/loukoum-baguette-petales-rose-grenade-pistache-dh2026k-001-001.avif 2x, https:\/\/deliceland.com\/wp-content\/uploads\/2022\/03\/loukoum-baguette-petales-rose-grenade-pistache-dh2026k-001-001.avif 3x"},"classes":[]},{"id":15383,"url":"https:\/\/deliceland.com\/de\/lokum-royal-rollen-pistazie\/","url_meta":{"origin":14978,"position":3},"title":"Loukoum Royal Gerollt Pistazie","author":"D\u00e9lice Land","date":"1. M\u00e4rz 2022","format":false,"excerpt":"Der Pistazien-Loukoum mit seinem knackigen Biss und der k\u00f6stlichen, cremigen Creme wird Sie sprachlos machen. Unsere lokums werden mit nat\u00fcrlichen, veganen und handgefertigten Produkten verarbeitet, um Ihnen ein Qualit\u00e4tsprodukt zu garantieren. Genie\u00dfen Sie diese S\u00fc\u00dfigkeit zusammen mit einem guten t\u00fcrkischen Kaffee oder einem hei\u00dfen Tee. Unser Angebot an Lokum, befriedigt\u2026","rel":"","context":"\u00c4hnlicher Beitrag","block_context":{"text":"\u00c4hnlicher Beitrag","link":""},"img":{"alt_text":"","src":"https:\/\/deliceland.com\/wp-content\/uploads\/2022\/03\/loukoum-royal-roule-pistache-dh3713k-002.avif","width":350,"height":200,"srcset":"https:\/\/deliceland.com\/wp-content\/uploads\/2022\/03\/loukoum-royal-roule-pistache-dh3713k-002.avif 1x, https:\/\/deliceland.com\/wp-content\/uploads\/2022\/03\/loukoum-royal-roule-pistache-dh3713k-002.avif 1.5x, https:\/\/deliceland.com\/wp-content\/uploads\/2022\/03\/loukoum-royal-roule-pistache-dh3713k-002.avif 2x, https:\/\/deliceland.com\/wp-content\/uploads\/2022\/03\/loukoum-royal-roule-pistache-dh3713k-002.avif 3x"},"classes":[]},{"id":14721,"url":"https:\/\/deliceland.com\/de\/lokum-mixte-malaga\/","url_meta":{"origin":14978,"position":4},"title":"Loukoum Gemischt Malaga","author":"D\u00e9lice Land","date":"18. April 2022","format":false,"excerpt":"Loukoum Baklawa Pistazienpulver Und Milchschokolade Mit Rosenbl\u00fcten, Granatapfel und Pistazie Entdecken Sie die Kombination von Loukoum und Baklava, und Loukoum Granatapfel Pistazie Diese Loukoum-Box enth\u00e4lt 2 Arten von Loukoum: Der Baklava-Loukoum mit Pistazienpulver und Milchschokolade, eine Kombination aus zwei allseits bekannten t\u00fcrkischen Desserts, um ein au\u00dfergew\u00f6hnliches Dessert zu kreieren, und\u2026","rel":"","context":"\u00c4hnlicher Beitrag","block_context":{"text":"\u00c4hnlicher Beitrag","link":""},"img":{"alt_text":"","src":"https:\/\/deliceland.com\/wp-content\/uploads\/2022\/04\/Loukomum-Mixte-Malaga1-1-scaled.avif","width":350,"height":200,"srcset":"https:\/\/deliceland.com\/wp-content\/uploads\/2022\/04\/Loukomum-Mixte-Malaga1-1-scaled.avif 1x, https:\/\/deliceland.com\/wp-content\/uploads\/2022\/04\/Loukomum-Mixte-Malaga1-1-scaled.avif 1.5x, https:\/\/deliceland.com\/wp-content\/uploads\/2022\/04\/Loukomum-Mixte-Malaga1-1-scaled.avif 2x, https:\/\/deliceland.com\/wp-content\/uploads\/2022\/04\/Loukomum-Mixte-Malaga1-1-scaled.avif 3x, https:\/\/deliceland.com\/wp-content\/uploads\/2022\/04\/Loukomum-Mixte-Malaga1-1-scaled.avif 4x"},"classes":[]},{"id":14225,"url":"https:\/\/deliceland.com\/de\/decouvert-loukoum-box\/","url_meta":{"origin":14978,"position":5},"title":"Entdeckung loukoum box","author":"D\u00e9lice Land","date":"31. Oktober 2022","format":false,"excerpt":"Lust auf Entdeckungen und neue Geschm\u00e4cker? D\u00e9lice Land schl\u00e4gt Ihnen vor, die K\u00f6stlichkeit unserer Loukoums mit der Box loukoum d\u00e9couverte zu erkunden! \ud83d\udc49 4 Sorten f\u00fcr 300 g \ud83d\udc49 6 Sorten f\u00fcr 700 g \ud83d\udc49 8 Sorten f\u00fcr 1,5 kg","rel":"","context":"\u00c4hnlicher Beitrag","block_context":{"text":"\u00c4hnlicher Beitrag","link":""},"img":{"alt_text":"","src":"https:\/\/deliceland.com\/wp-content\/uploads\/2022\/10\/Turkish-delight-loukoum-lokum4.avif","width":350,"height":200,"srcset":"https:\/\/deliceland.com\/wp-content\/uploads\/2022\/10\/Turkish-delight-loukoum-lokum4.avif 1x, https:\/\/deliceland.com\/wp-content\/uploads\/2022\/10\/Turkish-delight-loukoum-lokum4.avif 1.5x, https:\/\/deliceland.com\/wp-content\/uploads\/2022\/10\/Turkish-delight-loukoum-lokum4.avif 2x, https:\/\/deliceland.com\/wp-content\/uploads\/2022\/10\/Turkish-delight-loukoum-lokum4.avif 3x, https:\/\/deliceland.com\/wp-content\/uploads\/2022\/10\/Turkish-delight-loukoum-lokum4.avif 4x"},"classes":[]}],"_links":{"self":[{"href":"https:\/\/deliceland.com\/de\/wp-json\/wp\/v2\/product\/14978","targetHints":{"allow":["GET"]}}],"collection":[{"href":"https:\/\/deliceland.com\/de\/wp-json\/wp\/v2\/product"}],"about":[{"href":"https:\/\/deliceland.com\/de\/wp-json\/wp\/v2\/types\/product"}],"replies":[{"embeddable":true,"href":"https:\/\/deliceland.com\/de\/wp-json\/wp\/v2\/comments?post=14978"}],"wp:featuredmedia":[{"embeddable":true,"href":"https:\/\/deliceland.com\/de\/wp-json\/wp\/v2\/media\/14979"}],"wp:attachment":[{"href":"https:\/\/deliceland.com\/de\/wp-json\/wp\/v2\/media?parent=14978"}],"wp:term":[{"taxonomy":"product_brand","embeddable":true,"href":"https:\/\/deliceland.com\/de\/wp-json\/wp\/v2\/product_brand?post=14978"},{"taxonomy":"product_cat","embeddable":true,"href":"https:\/\/deliceland.com\/de\/wp-json\/wp\/v2\/product_cat?post=14978"},{"taxonomy":"product_tag","embeddable":true,"href":"https:\/\/deliceland.com\/de\/wp-json\/wp\/v2\/product_tag?post=14978"}],"curies":[{"name":"wp","href":"https:\/\/api.w.org\/{rel}","templated":true}]}}