{"id":14778,"date":"2022-04-18T11:01:46","date_gmt":"2022-04-18T11:01:46","guid":{"rendered":"https:\/\/deliceland.com\/produit\/loukoum-gemischt-amsterdam\/"},"modified":"2024-03-14T23:38:27","modified_gmt":"2024-03-14T23:38:27","slug":"lokum-mixed-amsterdam","status":"publish","type":"product","link":"https:\/\/deliceland.com\/de\/lokum-mixed-amsterdam\/","title":{"rendered":"Loukoum Gemischt Amsterdam"},"content":{"rendered":"<div class=\"wpb-content-wrapper\"><p>[vc_row][vc_column][vc_column_text woodmart_inline=&#8221;no&#8221; text_larger=&#8221;no&#8221;]<strong>Entdecken Sie alle Geschmacksrichtungen von lokum!<\/strong><\/p>\n<p>Unsere Loukoums werden in Handarbeit mit einem unvergleichlichen Know-how direkt aus Istanbul, der Hauptstadt des Loukoums, hergestellt! D\u00e9lice Land bietet Ihnen eine  <strong>Mischung aus drei Lokum in verschiedenen Farben und Geschmacksrichtungen. Loukoum Berb\u00e9ris mit seinem einzigartigen, s\u00e4uerlichen Geschmack aus den geernteten roten Beeren, der f\u00fcr seinen authentischen Geschmack bekannt ist und perfekt mit der S\u00fc\u00dfe des Granatapfels harmoniert. Genie\u00dfen Sie auch die S\u00fc\u00dfe der Kokosnuss mit dem Kokostar-Loukum mit seiner cremigen Konsistenz und den N\u00fcssen, die dieser Leckerei einen knackigen Geschmack verleihen.  <\/strong><\/p>\n<p>Diese Loukoum-Box wird jeden Geschmack, jeden Tisch und jeden Anlass befriedigen! Loukoum ist das ideale Dessert f\u00fcr Ihre Schlemmermomente. Sie k\u00f6nnen es mit einem guten Glas Tee oder einem t\u00fcrkischen Kaffee genie\u00dfen, um einen Moment des Genusses zu erleben.<\/p>\n<p><strong>W\u00e4hlen Sie Ihr Fl\u00e4chengewicht, wenn Sie eine pers\u00f6nliche Nachricht w\u00fcnschen, und geben Sie Ihre Bestellung auf. Ihre Bestellung wird innerhalb von 48 Stunden versandt!<\/strong><\/p>\n<div id=\"mciapp-exclusion-container\"><\/div>\n<p>[\/vc_column_text][\/vc_column][\/vc_row]<\/p>\n<\/div>","protected":false},"excerpt":{"rendered":"<ul>\n<li>Royal Cube Berberis Mix Schalenfr\u00fcchte<\/li>\n<li>Royal Roul\u00e9 Cocostar<\/li>\n<li>Mit Rosenbl\u00fcten, Granatapfel und Pistazie<\/li>\n<\/ul>\n<div class=\"woocommerce-product-details__short-description\">\n<p>Entdecken Sie diese Geschmacksmischung mit unserem Mix aus  <strong>3 Lokum mit raffinierten Farben und Aromen.<\/strong>  Die Knusprigkeit und der Genuss des  <strong>lokum Berberis<\/strong>oder die S\u00fc\u00dfe der Kokosnuss mit dem l<strong>Ukum Kokostar<\/strong>  und schlie\u00dflich das  <strong>lokum mit Rosenbl\u00e4ttern, Granatapfel und Pistazie<\/strong>  der durch seine Farben und seine K\u00f6stlichkeit besticht.<\/p>\n<\/div>\n<div class=\"wd-shipping-progress-bar wd-style-bordered\">\n<div class=\"wd-progress-bar wd-free-progress-bar\"><\/div>\n<\/div>\n<p>&nbsp;<\/p>\n<p>&nbsp;<\/p>\n<div id=\"mciapp-exclusion-container\"><\/div>\n<div id=\"mciapp-exclusion-container\"><\/div>\n<div id=\"mciapp-exclusion-container\"><\/div>\n","protected":false},"featured_media":14002,"comment_status":"open","ping_status":"closed","template":"","meta":[],"product_brand":[],"product_cat":[329,141],"product_tag":[],"class_list":{"0":"post-14778","1":"product","2":"type-product","3":"status-publish","4":"has-post-thumbnail","6":"product_cat-lokum-de","7":"product_cat-gemischt","8":"product_shipping_class-packlink-de","9":"pa_grammage-1500gr-de","10":"pa_grammage-300gr-de-de","11":"pa_grammage-700-g-de","12":"tm-no-options-pxq","14":"first","15":"instock","16":"taxable","17":"shipping-taxable","18":"purchasable","19":"product-type-variable"},"_links":{"self":[{"href":"https:\/\/deliceland.com\/de\/wp-json\/wp\/v2\/product\/14778","targetHints":{"allow":["GET"]}}],"collection":[{"href":"https:\/\/deliceland.com\/de\/wp-json\/wp\/v2\/product"}],"about":[{"href":"https:\/\/deliceland.com\/de\/wp-json\/wp\/v2\/types\/product"}],"replies":[{"embeddable":true,"href":"https:\/\/deliceland.com\/de\/wp-json\/wp\/v2\/comments?post=14778"}],"wp:featuredmedia":[{"embeddable":true,"href":"https:\/\/deliceland.com\/de\/wp-json\/wp\/v2\/media\/14002"}],"wp:attachment":[{"href":"https:\/\/deliceland.com\/de\/wp-json\/wp\/v2\/media?parent=14778"}],"wp:term":[{"taxonomy":"product_brand","embeddable":true,"href":"https:\/\/deliceland.com\/de\/wp-json\/wp\/v2\/product_brand?post=14778"},{"taxonomy":"product_cat","embeddable":true,"href":"https:\/\/deliceland.com\/de\/wp-json\/wp\/v2\/product_cat?post=14778"},{"taxonomy":"product_tag","embeddable":true,"href":"https:\/\/deliceland.com\/de\/wp-json\/wp\/v2\/product_tag?post=14778"}],"curies":[{"name":"wp","href":"https:\/\/api.w.org\/{rel}","templated":true}]}}