{"id":14764,"date":"2022-04-18T12:13:37","date_gmt":"2022-04-18T12:13:37","guid":{"rendered":"https:\/\/deliceland.com\/produit\/loukoum-mixed-athens\/"},"modified":"2025-10-14T09:22:13","modified_gmt":"2025-10-14T09:22:13","slug":"lokum-mixed-athenes","status":"publish","type":"product","link":"https:\/\/deliceland.com\/de\/lokum-mixed-athenes\/","title":{"rendered":"Loukoum Mixed Athens"},"content":{"rendered":"<div class=\"wpb-content-wrapper\"><p>[vc_row][vc_column][vc_column_text woodmart_inline=&#8221;no&#8221; text_larger=&#8221;no&#8221;]<strong>Die loukum-Box f\u00fcr Krokant-Fans  <\/strong><\/p>\n<p>Unsere Loukoums werden in Handarbeit mit einem unvergleichlichen Know-how direkt aus Istanbul, der Hauptstadt des Loukoums, hergestellt! D\u00e9lice Land schl\u00e4gt Ihnen vor, eine <strong>Mischung aus drei Lokum in verschiedenen Farben und Geschmacksrichtungen <\/strong> zu entdecken.  <\/p>\n<ul>\n<li><strong>Loukoum Royal Cube Berberis Mix Schalenfr\u00fcchte<\/strong><\/li>\n<li><strong>Aux Petales De Rose, Grenade et Pistache, die Kombination von Granatapfel, Rose und Pistazie, um ein au\u00dfergew\u00f6hnliches lokum zu kreieren.  <\/strong><\/li>\n<li><strong>Royal Roul\u00e9 Poudre de Figue et Noix, die Kombination aus Walnuss und Pistazie wird Ihnen ein v\u00f6llig neues Geschmackserlebnis bescheren.  <\/strong><\/li>\n<\/ul>\n<p>Diese Loukoum-Box wird jeden Geschmack, jeden Tisch und jeden Anlass befriedigen! Loukoum ist das ideale Dessert f\u00fcr Ihre Schlemmermomente. Sie k\u00f6nnen es mit einem guten Glas Tee oder einem t\u00fcrkischen Kaffee genie\u00dfen, um einen Moment des Genusses zu erleben.<\/p>\n<p><strong>W\u00e4hlen Sie Ihr Fl\u00e4chengewicht, wenn Sie eine pers\u00f6nliche Nachricht w\u00fcnschen, und geben Sie Ihre Bestellung auf. Ihre Bestellung wird innerhalb von 48 Stunden versandt!<\/strong><\/p>\n<div id=\"mciapp-exclusion-container\"><\/div>\n<p>[\/vc_column_text][\/vc_column][\/vc_row]<\/p>\n<\/div>","protected":false},"excerpt":{"rendered":"<ul>\n<li>Royal Cube Berberis Mix Schalenfr\u00fcchte<\/li>\n<li>Royal Roul\u00e9 Feigen- und Walnusspulver<\/li>\n<li>Mit Rosenbl\u00fcten, Granatapfel und Pistazie<\/li>\n<\/ul>\n<p>Entdecken Sie eine Mischung aus Loukoum, die Sie begeistern wird, die S\u00fc\u00dfe des <strong>Loukoum mit Rosenbl\u00e4ttern, Granatapfel und Pistazie.<\/strong> F\u00fcr <strong>Naschkatzen<\/strong> gibt es <strong>den<\/strong> <strong>Feigen-Walnuss-Loukoum<\/strong> und f\u00fcr Sensationshungrige den <strong>Berberis-Loukoum<\/strong>.<\/p>\n<div id=\"mciapp-exclusion-container\"><\/div>\n","protected":false},"featured_media":13998,"comment_status":"open","ping_status":"closed","template":"","meta":[],"product_brand":[],"product_cat":[329,141],"product_tag":[],"class_list":{"0":"post-14764","1":"product","2":"type-product","3":"status-publish","4":"has-post-thumbnail","6":"product_cat-lokum-de","7":"product_cat-gemischt","8":"product_shipping_class-packlink-de","9":"pa_grammage-1500gr-de","10":"pa_grammage-300gr-de-de","11":"pa_grammage-700-g-de","12":"tm-no-options-pxq","14":"first","15":"instock","16":"taxable","17":"shipping-taxable","18":"purchasable","19":"product-type-variable"},"_links":{"self":[{"href":"https:\/\/deliceland.com\/de\/wp-json\/wp\/v2\/product\/14764","targetHints":{"allow":["GET"]}}],"collection":[{"href":"https:\/\/deliceland.com\/de\/wp-json\/wp\/v2\/product"}],"about":[{"href":"https:\/\/deliceland.com\/de\/wp-json\/wp\/v2\/types\/product"}],"replies":[{"embeddable":true,"href":"https:\/\/deliceland.com\/de\/wp-json\/wp\/v2\/comments?post=14764"}],"wp:featuredmedia":[{"embeddable":true,"href":"https:\/\/deliceland.com\/de\/wp-json\/wp\/v2\/media\/13998"}],"wp:attachment":[{"href":"https:\/\/deliceland.com\/de\/wp-json\/wp\/v2\/media?parent=14764"}],"wp:term":[{"taxonomy":"product_brand","embeddable":true,"href":"https:\/\/deliceland.com\/de\/wp-json\/wp\/v2\/product_brand?post=14764"},{"taxonomy":"product_cat","embeddable":true,"href":"https:\/\/deliceland.com\/de\/wp-json\/wp\/v2\/product_cat?post=14764"},{"taxonomy":"product_tag","embeddable":true,"href":"https:\/\/deliceland.com\/de\/wp-json\/wp\/v2\/product_tag?post=14764"}],"curies":[{"name":"wp","href":"https:\/\/api.w.org\/{rel}","templated":true}]}}