{"id":14755,"date":"2022-04-18T12:33:58","date_gmt":"2022-04-18T12:33:58","guid":{"rendered":"https:\/\/deliceland.com\/produit\/loukoum-mixte-berlin\/"},"modified":"2024-03-14T23:40:12","modified_gmt":"2024-03-14T23:40:12","slug":"lokum-mixed-berlin","status":"publish","type":"product","link":"https:\/\/deliceland.com\/de\/lokum-mixed-berlin\/","title":{"rendered":"Loukoum Mixte Berlin"},"content":{"rendered":"<p><strong>Die loukoum-Box, die Tradition und Moderne vereint<\/strong><\/p>\n<p>Unsere Lokums werden in Handarbeit mit unvergleichlichem Know-how direkt aus Istanbul, der Hauptstadt des Lokums, hergestellt, aber wir m\u00f6chten auch moderne Geschmacksrichtungen kombinieren! D\u00e9lice Land schl\u00e4gt Ihnen vor, <b>die Box loukoum Berlin <\/b>mit ihrem Loukoum Kadaif und Mandel zu <b>entdecken <\/b>, der aus d\u00fcnnen Nudeln hergestellt wird, die wie &#8220;Engelshaar&#8221; aussehen, daher der Name. Mit einer exquisiten Haselnusscreme gef\u00fcllt, wird dieses authentische Dessert namens Kada\u00eff Sie mit originellen Geschmackserlebnissen begeistern. Der unverkennbare Geschmack der Oreo-Creme, umh\u00fcllt von Schokoladenk\u00f6rnern f\u00fcr maximalen Genuss, und der Pistazien-Lokum, um beim Klassiker zu bleiben!<\/p>\n<p>Diese Box ist f\u00fcr Fans von Gourmetsensationen gedacht. Loukoum ist das ideale Dessert f\u00fcr Ihre Schlemmermomente. Sie k\u00f6nnen es mit einem guten Glas Tee oder einem t\u00fcrkischen Kaffee genie\u00dfen, um einen Moment des Genusses zu erleben.<\/p>\n<p><strong>W\u00e4hlen Sie Ihr Fl\u00e4chengewicht, wenn Sie eine pers\u00f6nliche Nachricht w\u00fcnschen, und geben Sie Ihre Bestellung auf. Ihre Bestellung wird innerhalb von 48 Stunden versandt!<\/strong><\/p>\n<div id=\"mciapp-exclusion-container\"><\/div>\n<div id=\"mciapp-exclusion-container\"><\/div>\n<div id=\"mciapp-exclusion-container\"><\/div>\n","protected":false},"excerpt":{"rendered":"<ul>\n<li>Royal Roul\u00e9 Kada\u00eff und Mandel<\/li>\n<li>Royal Roul\u00e9 Oreo und Sahne<\/li>\n<li>Royal Roul\u00e9 Pistache<\/li>\n<\/ul>\n<p><span style=\"font-weight: 400;\">Entdecken Sie diese Geschmacksmischung mit unserem <strong>Loukoum-Mix aus Farben und Aromen, die das Traditionelle mit dem raffiniert Modernen verbinden<\/strong>. Diese Loukoum-Box enth\u00e4lt <strong>drei Arten von Lou<\/strong> koum. <strong>Der Lokum Kada\u00eff<\/strong> und Mandel Ein knuspriger Genuss. Die originale<strong> Lokum-Rolle mit Oreo und Sahne<\/strong>. <strong>Die Pistazienrolle<\/strong> mit ihrer cremigen Creme.<\/span><\/p>\n<p>&nbsp;<\/p>\n<div id=\"mciapp-exclusion-container\"><\/div>\n<div id=\"mciapp-exclusion-container\"><\/div>\n<div id=\"mciapp-exclusion-container\"><\/div>\n","protected":false},"featured_media":14000,"comment_status":"open","ping_status":"closed","template":"","meta":[],"product_brand":[],"product_cat":[329,141],"product_tag":[],"class_list":{"0":"post-14755","1":"product","2":"type-product","3":"status-publish","4":"has-post-thumbnail","6":"product_cat-lokum-de","7":"product_cat-gemischt","8":"product_shipping_class-packlink-de","9":"pa_grammage-1500gr-de","10":"pa_grammage-300gr-de-de","11":"pa_grammage-700-g-de","12":"tm-no-options-pxq","14":"first","15":"instock","16":"taxable","17":"shipping-taxable","18":"purchasable","19":"product-type-variable"},"_links":{"self":[{"href":"https:\/\/deliceland.com\/de\/wp-json\/wp\/v2\/product\/14755","targetHints":{"allow":["GET"]}}],"collection":[{"href":"https:\/\/deliceland.com\/de\/wp-json\/wp\/v2\/product"}],"about":[{"href":"https:\/\/deliceland.com\/de\/wp-json\/wp\/v2\/types\/product"}],"replies":[{"embeddable":true,"href":"https:\/\/deliceland.com\/de\/wp-json\/wp\/v2\/comments?post=14755"}],"wp:featuredmedia":[{"embeddable":true,"href":"https:\/\/deliceland.com\/de\/wp-json\/wp\/v2\/media\/14000"}],"wp:attachment":[{"href":"https:\/\/deliceland.com\/de\/wp-json\/wp\/v2\/media?parent=14755"}],"wp:term":[{"taxonomy":"product_brand","embeddable":true,"href":"https:\/\/deliceland.com\/de\/wp-json\/wp\/v2\/product_brand?post=14755"},{"taxonomy":"product_cat","embeddable":true,"href":"https:\/\/deliceland.com\/de\/wp-json\/wp\/v2\/product_cat?post=14755"},{"taxonomy":"product_tag","embeddable":true,"href":"https:\/\/deliceland.com\/de\/wp-json\/wp\/v2\/product_tag?post=14755"}],"curies":[{"name":"wp","href":"https:\/\/api.w.org\/{rel}","templated":true}]}}