{"id":14733,"date":"2022-04-18T12:46:55","date_gmt":"2022-04-18T12:46:55","guid":{"rendered":"https:\/\/deliceland.com\/produit\/loukoum-gemischt-istanbul\/"},"modified":"2025-10-14T09:22:31","modified_gmt":"2025-10-14T09:22:31","slug":"lokum-mixte-istanbul","status":"publish","type":"product","link":"https:\/\/deliceland.com\/de\/lokum-mixte-istanbul\/","title":{"rendered":"Lokum Gemischt Istanbul"},"content":{"rendered":"<div class=\"wpb-content-wrapper\"><p>[vc_row][vc_column][vc_column_text woodmart_inline=&#8221;no&#8221; text_larger=&#8221;no&#8221;]<strong>Der Geschmack von Istanbul Loukoum  <\/strong><\/p>\n<p>Unsere Loukoums werden in Handarbeit mit einem unvergleichlichen Know-how direkt aus Istanbul, der Hauptstadt des Loukoums, hergestellt! D\u00e9lice Land schl\u00e4gt Ihnen vor, <strong>eine Mischung aus drei Loukoums mit unterschiedlichen, k\u00f6stlichen Farben und Geschm\u00e4ckern<\/strong> zu entdecken. Der Berberis-Loukoum mit seinem einzigartigen, s\u00e4uerlichen Geschmack aus den geernteten und getrockneten roten Beeren und der S\u00fc\u00dfe der Zubereitung auf Granatapfelbasis, der Mandel-Loukoum mit dem knackigen Biss seiner hochwertigen Mandeln, die einen exquisiten Geschmack bieten, und seiner cremigen Creme, die dem Ganzen noch einen zus\u00e4tzlichen Kick verleiht. Und der klassische Pistazien-Loukoum.  <strong>Eine Loukoum-Box, die knusprig und s\u00fc\u00df mischt!<\/strong><\/p>\n<p>Diese Loukoum-Box wird jeden Geschmack, jeden Tisch und jeden Anlass befriedigen! Loukoum ist das ideale Dessert f\u00fcr Ihre Schlemmermomente. Sie k\u00f6nnen es mit einem guten Glas Tee oder einem t\u00fcrkischen Kaffee genie\u00dfen, um einen Moment des Genusses zu erleben.<\/p>\n<p><strong>W\u00e4hlen Sie Ihr Fl\u00e4chengewicht, wenn Sie eine pers\u00f6nliche Nachricht w\u00fcnschen, und geben Sie Ihre Bestellung auf. Ihre Bestellung wird innerhalb von 48 Stunden versandt!<\/strong>[\/vc_column_text][\/vc_column][\/vc_row]<\/p>\n<\/div>","protected":false},"excerpt":{"rendered":"<ul>\n<li>Royal Roul\u00e9 Mandel Und Creme<\/li>\n<li>Royal Cube Berberis Mix Schalenfr\u00fcchte<\/li>\n<li>Royal Roul\u00e9 Pistache<\/li>\n<\/ul>\n<p>Erliegen Sie unserer Auswahl an au\u00dfergew\u00f6hnlichen Lokum, diese Box enth\u00e4lt <strong>3 Arten von Lokum<\/strong>. <strong>Der Loukoum W\u00fcrfel Berberis<\/strong> Mix mit N\u00fcssen, seinem einzigartigen, s\u00e4uerlichen Geschmack und der K\u00f6stlichkeit des Granatapfels,<strong>der Loukoum Mandel und Sahne<\/strong> eine Explosion von Geschmack und K\u00f6stlichkeit mit k\u00f6stlicher Sahne und hochwertigen Mandeln und der klassische Loukoum <strong>Pistazie<\/strong>.<\/p>\n<div id=\"mciapp-exclusion-container\"><\/div>\n","protected":false},"featured_media":13990,"comment_status":"open","ping_status":"closed","template":"","meta":[],"product_brand":[],"product_cat":[329,141,337],"product_tag":[],"class_list":{"0":"post-14733","1":"product","2":"type-product","3":"status-publish","4":"has-post-thumbnail","6":"product_cat-lokum-de","7":"product_cat-gemischt","8":"product_cat-ramadan-de","9":"product_shipping_class-packlink-de","10":"pa_grammage-1500gr-de","11":"pa_grammage-300gr-de-de","12":"pa_grammage-700-g-de","13":"tm-no-options-pxq","15":"first","16":"instock","17":"taxable","18":"shipping-taxable","19":"purchasable","20":"product-type-variable"},"_links":{"self":[{"href":"https:\/\/deliceland.com\/de\/wp-json\/wp\/v2\/product\/14733","targetHints":{"allow":["GET"]}}],"collection":[{"href":"https:\/\/deliceland.com\/de\/wp-json\/wp\/v2\/product"}],"about":[{"href":"https:\/\/deliceland.com\/de\/wp-json\/wp\/v2\/types\/product"}],"replies":[{"embeddable":true,"href":"https:\/\/deliceland.com\/de\/wp-json\/wp\/v2\/comments?post=14733"}],"wp:featuredmedia":[{"embeddable":true,"href":"https:\/\/deliceland.com\/de\/wp-json\/wp\/v2\/media\/13990"}],"wp:attachment":[{"href":"https:\/\/deliceland.com\/de\/wp-json\/wp\/v2\/media?parent=14733"}],"wp:term":[{"taxonomy":"product_brand","embeddable":true,"href":"https:\/\/deliceland.com\/de\/wp-json\/wp\/v2\/product_brand?post=14733"},{"taxonomy":"product_cat","embeddable":true,"href":"https:\/\/deliceland.com\/de\/wp-json\/wp\/v2\/product_cat?post=14733"},{"taxonomy":"product_tag","embeddable":true,"href":"https:\/\/deliceland.com\/de\/wp-json\/wp\/v2\/product_tag?post=14733"}],"curies":[{"name":"wp","href":"https:\/\/api.w.org\/{rel}","templated":true}]}}