{"id":14721,"date":"2022-04-18T13:04:33","date_gmt":"2022-04-18T13:04:33","guid":{"rendered":"https:\/\/deliceland.com\/produit\/loukoum-gemischt-malaga\/"},"modified":"2025-10-14T09:22:05","modified_gmt":"2025-10-14T09:22:05","slug":"lokum-mixte-malaga","status":"publish","type":"product","link":"https:\/\/deliceland.com\/de\/lokum-mixte-malaga\/","title":{"rendered":"Loukoum Gemischt Malaga"},"content":{"rendered":"<p><strong>Entdecken Sie die Kombination aus Lokum und Baklawa!<\/strong><\/p>\n<p>Unsere Loukoums werden in Handarbeit mit einem unvergleichlichen Know-how direkt aus Istanbul, der Hauptstadt des Loukoums, hergestellt! D\u00e9lice Land bietet Ihnen die M\u00f6glichkeit, <strong>eine Mischung aus zwei exklusiven Lokum<\/strong> zu entdecken. <strong>Der Baklawa-Loukum<\/strong> ist eine Mischung aus zwei mythischen t\u00fcrkischen Desserts, aus denen ein au\u00dfergew\u00f6hnlicher Loukum mit seinem Pistazienpulver und der K\u00f6stlichkeit seiner Schokolade entsteht. Diese Box enth\u00e4lt auch ein <strong>Pistazien-Granatapfel-Loukum<\/strong>, ein Klassiker, der immer noch eine gro\u00dfe Wirkung hat.<\/p>\n<p>Diese Loukoum-Box wird jeden Geschmack, jeden Tisch und jeden Anlass befriedigen! Loukoum ist das ideale Dessert f\u00fcr Ihre Schlemmermomente. Sie k\u00f6nnen es mit einem guten Glas Tee oder einem t\u00fcrkischen Kaffee genie\u00dfen, um einen Moment des Genusses zu erleben.<\/p>\n<p><strong>W\u00e4hlen Sie Ihr Fl\u00e4chengewicht, wenn Sie eine pers\u00f6nliche Nachricht w\u00fcnschen, und geben Sie Ihre Bestellung auf. Ihre Bestellung wird innerhalb von 48 Stunden versandt!<\/strong><\/p>\n","protected":false},"excerpt":{"rendered":"<ul>\n<li><strong>Loukoum Baklawa Pistazienpulver Und Milchschokolade<\/strong><\/li>\n<li><strong>Mit Rosenbl\u00fcten, Granatapfel und Pistazie<\/strong><\/li>\n<\/ul>\n<p><strong>Entdecken Sie die Kombination von Loukoum und Baklava, und Loukoum Granatapfel Pistazie Diese Loukoum-Box enth\u00e4lt 2 Arten von Loukoum:<\/strong><\/p>\n<p>Der Baklava-Loukoum mit Pistazienpulver und Milchschokolade, eine Kombination aus zwei allseits bekannten t\u00fcrkischen Desserts, um ein au\u00dfergew\u00f6hnliches Dessert zu kreieren, und der Loukoum mit Rosenbl\u00e4ttern, Granatapfel, ein k\u00f6stliches und einzigartiges Dessert!<\/p>\n<div id=\"mciapp-exclusion-container\"><\/div>\n","protected":false},"featured_media":14722,"comment_status":"open","ping_status":"closed","template":"","meta":[],"product_brand":[],"product_cat":[329,141],"product_tag":[],"class_list":{"0":"post-14721","1":"product","2":"type-product","3":"status-publish","4":"has-post-thumbnail","6":"product_cat-lokum-de","7":"product_cat-gemischt","8":"product_shipping_class-packlink-de","9":"pa_grammage-1500gr-de","10":"pa_grammage-300gr-de-de","11":"pa_grammage-700-g-de","12":"tm-no-options-pxq","14":"first","15":"instock","16":"taxable","17":"shipping-taxable","18":"purchasable","19":"product-type-variable"},"_links":{"self":[{"href":"https:\/\/deliceland.com\/de\/wp-json\/wp\/v2\/product\/14721","targetHints":{"allow":["GET"]}}],"collection":[{"href":"https:\/\/deliceland.com\/de\/wp-json\/wp\/v2\/product"}],"about":[{"href":"https:\/\/deliceland.com\/de\/wp-json\/wp\/v2\/types\/product"}],"replies":[{"embeddable":true,"href":"https:\/\/deliceland.com\/de\/wp-json\/wp\/v2\/comments?post=14721"}],"wp:featuredmedia":[{"embeddable":true,"href":"https:\/\/deliceland.com\/de\/wp-json\/wp\/v2\/media\/14722"}],"wp:attachment":[{"href":"https:\/\/deliceland.com\/de\/wp-json\/wp\/v2\/media?parent=14721"}],"wp:term":[{"taxonomy":"product_brand","embeddable":true,"href":"https:\/\/deliceland.com\/de\/wp-json\/wp\/v2\/product_brand?post=14721"},{"taxonomy":"product_cat","embeddable":true,"href":"https:\/\/deliceland.com\/de\/wp-json\/wp\/v2\/product_cat?post=14721"},{"taxonomy":"product_tag","embeddable":true,"href":"https:\/\/deliceland.com\/de\/wp-json\/wp\/v2\/product_tag?post=14721"}],"curies":[{"name":"wp","href":"https:\/\/api.w.org\/{rel}","templated":true}]}}