{"id":14683,"date":"2022-04-18T13:47:27","date_gmt":"2022-04-18T13:47:27","guid":{"rendered":"https:\/\/deliceland.com\/produit\/loukoum-gemischt-venedig\/"},"modified":"2024-03-14T23:40:26","modified_gmt":"2024-03-14T23:40:26","slug":"lokum-mixed-venedig","status":"publish","type":"product","link":"https:\/\/deliceland.com\/de\/lokum-mixed-venedig\/","title":{"rendered":"Loukoum Gemischt Venedig"},"content":{"rendered":"<p><b>Eine au\u00dfergew\u00f6hnliche Loukum-Mischung  <\/b><\/p>\n<p>Unsere Loukoums werden in Handarbeit mit einem unvergleichlichen Know-how direkt aus Istanbul, der Hauptstadt des Loukoums, hergestellt! D\u00e9lice Land schl\u00e4gt Ihnen vor, <strong>eine Mischung aus drei Lokum in verschiedenen Farben und Geschmacksrichtungen<\/strong> zu entdecken, die k\u00f6stlich schmecken.  <strong>Loukoum cocostar<\/strong> f\u00fcr Kokosfans, dieser k\u00f6stliche lokum ist mit Kokoschips bedeckt und mit einer leckeren Creme mit Pistazienst\u00fcckchen gef\u00fcllt.  <strong>Der Pistazien-Loukum<\/strong>, der die Box mit seinen Pistazien aus der Region Antep, wo die besten Pistazien angebaut werden, knusprig und aromatisch macht. Der Lokum mit Rosenbl\u00e4ttern, Granatapfel und Pistazie ist die perfekte Kombination aus hochwertigen Geschmackszutaten, die schon beim ersten Bissen verf\u00fchrt.<\/p>\n<p>Diese Loukoum-Box wird jeden Geschmack, jeden Tisch und jeden Anlass befriedigen! Loukoum ist das ideale Dessert f\u00fcr Ihre Schlemmermomente. Sie k\u00f6nnen es mit einem guten Glas Tee oder einem t\u00fcrkischen Kaffee genie\u00dfen, um einen Moment des Genusses zu erleben.<\/p>\n<p><strong>W\u00e4hlen Sie Ihr Fl\u00e4chengewicht, wenn Sie eine pers\u00f6nliche Nachricht w\u00fcnschen, und geben Sie Ihre Bestellung auf. Ihre Bestellung wird innerhalb von 48 Stunden versandt!<\/strong><\/p>\n","protected":false},"excerpt":{"rendered":"<ul>\n<li>Royal Roul\u00e9 Cocostar<\/li>\n<li>Royal Roul\u00e9 Pistache<\/li>\n<li>Mit Rosenbl\u00fcten, Granatapfel und Pistazie<\/li>\n<\/ul>\n<p><span style=\"font-weight: 400;\">Lassen Sie sich von der Finesse <strong>des Lokums Cocostar<\/strong> verf\u00fchren.  <strong>Der Pistazien-Loukoum ist knusprig und s\u00fc\u00df<\/strong>, und <strong>der Loukoum mit Rosenbl\u00e4ttern, Granatapfel und Pistazie<\/strong> ist die richtige Mischung aus hochwertigen Produkten, um daraus ein legend\u00e4res Dessert zu machen. Eine Mischung aus Loukoum, die zum Teilen gemacht ist, wo jeder sein Gl\u00fcck findet!<\/span><\/p>\n<p>&nbsp;<\/p>\n<div id=\"mciapp-exclusion-container\"><\/div>\n","protected":false},"featured_media":14684,"comment_status":"open","ping_status":"closed","template":"","meta":[],"product_brand":[],"product_cat":[329,141],"product_tag":[],"class_list":{"0":"post-14683","1":"product","2":"type-product","3":"status-publish","4":"has-post-thumbnail","6":"product_cat-lokum-de","7":"product_cat-gemischt","8":"product_shipping_class-packlink-de","9":"pa_grammage-1500gr-de","10":"pa_grammage-300gr-de-de","11":"pa_grammage-700-g-de","12":"tm-no-options-pxq","14":"first","15":"instock","16":"taxable","17":"shipping-taxable","18":"purchasable","19":"product-type-variable"},"_links":{"self":[{"href":"https:\/\/deliceland.com\/de\/wp-json\/wp\/v2\/product\/14683","targetHints":{"allow":["GET"]}}],"collection":[{"href":"https:\/\/deliceland.com\/de\/wp-json\/wp\/v2\/product"}],"about":[{"href":"https:\/\/deliceland.com\/de\/wp-json\/wp\/v2\/types\/product"}],"replies":[{"embeddable":true,"href":"https:\/\/deliceland.com\/de\/wp-json\/wp\/v2\/comments?post=14683"}],"wp:featuredmedia":[{"embeddable":true,"href":"https:\/\/deliceland.com\/de\/wp-json\/wp\/v2\/media\/14684"}],"wp:attachment":[{"href":"https:\/\/deliceland.com\/de\/wp-json\/wp\/v2\/media?parent=14683"}],"wp:term":[{"taxonomy":"product_brand","embeddable":true,"href":"https:\/\/deliceland.com\/de\/wp-json\/wp\/v2\/product_brand?post=14683"},{"taxonomy":"product_cat","embeddable":true,"href":"https:\/\/deliceland.com\/de\/wp-json\/wp\/v2\/product_cat?post=14683"},{"taxonomy":"product_tag","embeddable":true,"href":"https:\/\/deliceland.com\/de\/wp-json\/wp\/v2\/product_tag?post=14683"}],"curies":[{"name":"wp","href":"https:\/\/api.w.org\/{rel}","templated":true}]}}