{"id":14675,"date":"2022-04-18T13:22:13","date_gmt":"2022-04-18T13:22:13","guid":{"rendered":"https:\/\/deliceland.com\/produit\/loukoum-mixte-paris\/"},"modified":"2025-10-14T09:22:15","modified_gmt":"2025-10-14T09:22:15","slug":"lokum-mixte-paris","status":"publish","type":"product","link":"https:\/\/deliceland.com\/de\/lokum-mixte-paris\/","title":{"rendered":"Loukoum Mixte Paris"},"content":{"rendered":"<p><strong>Entdecken Sie die K\u00f6stlichkeit des Lokums!<\/strong><\/p>\n<p>Unsere Loukoums werden in Handarbeit mit einem unvergleichlichen Know-how direkt aus Istanbul, der Hauptstadt des Loukoums, hergestellt!<\/p>\n<p>D\u00e9lice Land schl\u00e4gt Ihnen vor, eine <strong>Mischung aus drei Lokum in verschiedenen Farben und Geschmacksrichtungen<\/strong> zu entdecken, die k\u00f6stlich schmecken. <strong>Lokum Roulade Oreo Creme<\/strong>, f\u00fcr Fans von Schokolade und dem einzigartigen Geschmack von Oreo mit seiner cremigen Creme.  <strong>Loukoum cocostar<\/strong> f\u00fcr Kokosfans, dieser k\u00f6stliche lokum ist mit Kokoschips bedeckt und mit einer leckeren Creme mit Pistazienst\u00fcckchen gef\u00fcllt.  <strong>Der Mandel-Loukoum<\/strong>, der mit seinen Mandelst\u00fccken, die den Loukoum bedecken, und seiner Haselnusscreme, die diesem k\u00f6stlichen Dessert noch mehr S\u00fc\u00dfe verleiht, der Box noch mehr Knusprigkeit verleiht!<\/p>\n<p>Diese Loukoum-Box wird jeden Geschmack, jeden Tisch und jeden Anlass befriedigen! Loukoum ist das ideale Dessert f\u00fcr Ihre Schlemmermomente. Sie k\u00f6nnen es mit einem guten Glas Tee oder einem t\u00fcrkischen Kaffee genie\u00dfen, um einen Moment des Genusses zu erleben.<\/p>\n<p><strong>W\u00e4hlen Sie Ihr Fl\u00e4chengewicht, wenn Sie eine pers\u00f6nliche Nachricht w\u00fcnschen, und geben Sie Ihre Bestellung auf. Ihre Bestellung wird innerhalb von 48 Stunden versandt!<\/strong><\/p>\n<div id=\"mciapp-exclusion-container\"><\/div>\n","protected":false},"excerpt":{"rendered":"<ul>\n<li>Royal Roul\u00e9 Oreo und Sahne<\/li>\n<li>Royal Roul\u00e9 Cocostar<\/li>\n<li>Royal Roul\u00e9 Gold, Mandel<\/li>\n<\/ul>\n<p><span style=\"font-weight: 400;\"><strong>Entdecken Sie unsere Auswahl an Lokum, diese Box enth\u00e4lt drei Arten von Lokum: Oreo-Lokum mit Sahne, beliebt bei Klein und Gro\u00df, Kokostar-Lokum und Mandel-Lokum<\/strong>. Eine Mischung aus Lokum, die zum Teilen gemacht ist, wo jeder sein Gl\u00fcck findet!<\/span><\/p>\n<p>&nbsp;<\/p>\n<div id=\"mciapp-exclusion-container\"><\/div>\n","protected":false},"featured_media":14676,"comment_status":"open","ping_status":"closed","template":"","meta":[],"product_brand":[],"product_cat":[329,144,141,164],"product_tag":[],"class_list":{"0":"post-14675","1":"product","2":"type-product","3":"status-publish","4":"has-post-thumbnail","6":"product_cat-lokum-de","7":"product_cat-deluxe-de","8":"product_cat-gemischt","9":"product_cat-royal-gerollt","10":"product_shipping_class-packlink-de","11":"pa_grammage-1500gr-de","12":"pa_grammage-300gr-de-de","13":"pa_grammage-700-g-de","14":"tm-no-options-pxq","16":"first","17":"outofstock","18":"taxable","19":"shipping-taxable","20":"product-type-variable"},"_links":{"self":[{"href":"https:\/\/deliceland.com\/de\/wp-json\/wp\/v2\/product\/14675","targetHints":{"allow":["GET"]}}],"collection":[{"href":"https:\/\/deliceland.com\/de\/wp-json\/wp\/v2\/product"}],"about":[{"href":"https:\/\/deliceland.com\/de\/wp-json\/wp\/v2\/types\/product"}],"replies":[{"embeddable":true,"href":"https:\/\/deliceland.com\/de\/wp-json\/wp\/v2\/comments?post=14675"}],"wp:featuredmedia":[{"embeddable":true,"href":"https:\/\/deliceland.com\/de\/wp-json\/wp\/v2\/media\/14676"}],"wp:attachment":[{"href":"https:\/\/deliceland.com\/de\/wp-json\/wp\/v2\/media?parent=14675"}],"wp:term":[{"taxonomy":"product_brand","embeddable":true,"href":"https:\/\/deliceland.com\/de\/wp-json\/wp\/v2\/product_brand?post=14675"},{"taxonomy":"product_cat","embeddable":true,"href":"https:\/\/deliceland.com\/de\/wp-json\/wp\/v2\/product_cat?post=14675"},{"taxonomy":"product_tag","embeddable":true,"href":"https:\/\/deliceland.com\/de\/wp-json\/wp\/v2\/product_tag?post=14675"}],"curies":[{"name":"wp","href":"https:\/\/api.w.org\/{rel}","templated":true}]}}