{"id":14637,"date":"2022-04-28T16:57:33","date_gmt":"2022-04-28T16:57:33","guid":{"rendered":"https:\/\/deliceland.com\/produit\/tuerkisches-cafe-mehmet-efendi\/"},"modified":"2023-12-18T12:12:04","modified_gmt":"2023-12-18T12:12:04","slug":"mehmet-efendi-turkischer-kaffee","status":"publish","type":"product","link":"https:\/\/deliceland.com\/de\/mehmet-efendi-turkischer-kaffee\/","title":{"rendered":"T\u00fcrkischer Kaffee Mehmet Efendi"},"content":{"rendered":"<div class=\"wpb-content-wrapper\"><p>[vc_row][vc_column][vc_column_text woodmart_inline=&#8221;no&#8221; text_larger=&#8221;no&#8221;]T\u00fcrkischer Kaffee ist ber\u00fchmt f\u00fcr die \u00e4lteste Brautechnik der Welt, die in den alten Brauereien von Istanbul perfektioniert wurde. Der einzigartige Geschmack, das Aroma und die Schaumkrone des t\u00fcrkischen Kaffees und seine traditionelle Aufmachung sind in vielen Kulturen mit ihrem Erbe und ihrer Identit\u00e4t ber\u00fchmt.<\/p>\n<p>Kurukahveci Mehmet Efendi&#8217;s T\u00fcrkischer Kaffee wird aus hochwertigen Arabica-Kaffeebohnen hergestellt, die aus verschiedenen Teilen Mittel- und S\u00fcdamerikas stammen. Sie werden zusammengestellt, ger\u00f6stet und dann nach einer traditionellen Methode fein gemahlen, was die Zubereitung zu einem Kunstwerk macht. Die Kaffeemaschine ist stolz darauf, dass sich der Schaum oben auf der Tasse(t\u00fcrkische Kaffeetasse) absetzt, im Mund verbleibt und Sie den k\u00f6stlichen Geschmack l\u00e4nger als bei jeder anderen Kaffeesorte genie\u00dfen k\u00f6nnen.<\/p>\n<p>Eine weitere Besonderheit des t\u00fcrkischen Kaffees ist, dass er nicht gefiltert oder gesiebt werden muss, da sich der Kaffeesatz am Boden der Tasse absetzt. Aus diesem Grund ist t\u00fcrkischer Kaffee sehr praktisch und preiswert, da Sie nur eine Cezve(t\u00fcrkische Kaffeekanne) f\u00fcr die Zubereitung ben\u00f6tigen.<\/p>\n<h2>Kennen Sie das T\u00fcrkische Caf\u00e9?<\/h2>\n<p>Der aus der T\u00fcrkei stammende t\u00fcrkische Kaffee geh\u00f6rt zum kulturellen Erbe des Landes. Er wird oft zusammen mit einem Glas Wasser (weil sehr stark, um den Gaumen nach jedem Schluck zu reinigen) und einem Loukoum serviert. Sie kann &#8220;sade&#8221; (zuckerfrei), &#8220;orta&#8221; (mittel) oder &#8220;sekerli&#8221; (s\u00fc\u00df) sein.<\/p>\n<h4 class=\"wd-entities-title title post-title\"><a href=\"https:\/\/deliceland.com\/de\/wie-man-tuerkischen-kaffee-mit-schaum-zubereitet\/\">Wie man t\u00fcrkischen Kaffee mit Schaum zubereitet<\/a><\/h4>\n<p>[\/vc_column_text][\/vc_column][\/vc_row]<\/p>\n<\/div>","protected":false},"excerpt":{"rendered":"<p>Probieren Sie den t\u00fcrkischen Kaffee des Kaffeer\u00f6sters Mehmet Efendi, der zur bekanntesten t\u00fcrkischen Kaffeemarke der Welt geworden ist.<\/p>\n","protected":false},"featured_media":14638,"comment_status":"open","ping_status":"closed","template":"","meta":[],"product_brand":[],"product_cat":[180],"product_tag":[],"class_list":{"0":"post-14637","1":"product","2":"type-product","3":"status-publish","4":"has-post-thumbnail","6":"product_cat-turkischer-kaffee","7":"pa_grammage-12x6gr-de","8":"pa_grammage-250gr-de","9":"pa_grammage-500gr-de","10":"tm-no-options-pxq","12":"first","13":"instock","14":"taxable","15":"shipping-taxable","16":"purchasable","17":"product-type-variable","18":"has-default-attributes"},"_links":{"self":[{"href":"https:\/\/deliceland.com\/de\/wp-json\/wp\/v2\/product\/14637","targetHints":{"allow":["GET"]}}],"collection":[{"href":"https:\/\/deliceland.com\/de\/wp-json\/wp\/v2\/product"}],"about":[{"href":"https:\/\/deliceland.com\/de\/wp-json\/wp\/v2\/types\/product"}],"replies":[{"embeddable":true,"href":"https:\/\/deliceland.com\/de\/wp-json\/wp\/v2\/comments?post=14637"}],"wp:featuredmedia":[{"embeddable":true,"href":"https:\/\/deliceland.com\/de\/wp-json\/wp\/v2\/media\/14638"}],"wp:attachment":[{"href":"https:\/\/deliceland.com\/de\/wp-json\/wp\/v2\/media?parent=14637"}],"wp:term":[{"taxonomy":"product_brand","embeddable":true,"href":"https:\/\/deliceland.com\/de\/wp-json\/wp\/v2\/product_brand?post=14637"},{"taxonomy":"product_cat","embeddable":true,"href":"https:\/\/deliceland.com\/de\/wp-json\/wp\/v2\/product_cat?post=14637"},{"taxonomy":"product_tag","embeddable":true,"href":"https:\/\/deliceland.com\/de\/wp-json\/wp\/v2\/product_tag?post=14637"}],"curies":[{"name":"wp","href":"https:\/\/api.w.org\/{rel}","templated":true}]}}