{"id":14625,"date":"2022-06-09T14:15:10","date_gmt":"2022-06-09T14:15:10","guid":{"rendered":"https:\/\/deliceland.com\/produit\/karaca-kugu-kaffeetassenset-2-personen\/"},"modified":"2023-09-14T12:59:10","modified_gmt":"2023-09-14T12:59:10","slug":"karaca-kugu-tassenset-a-cafe-2-personen","status":"publish","type":"product","link":"https:\/\/deliceland.com\/de\/karaca-kugu-tassenset-a-cafe-2-personen\/","title":{"rendered":"KARACA KUGU Kaffeetassenset 2 Personen"},"content":{"rendered":"<div class=\"wpb-content-wrapper\"><p>[vc_row][vc_column width=&#8221;2\/3&#8243;][vc_column_text woodmart_inline=&#8221;no&#8221; text_larger=&#8221;no&#8221;]<\/p>\n<h2>Kaffeetassenset 2 Personen<\/h2>\n<p><strong>Inhalt:<\/strong><\/p>\n<ul>\n<li>2 Kaffeetassen (90ml)<\/li>\n<li>2 Untertassen<\/li>\n<li>Material Porzellan<\/li>\n<\/ul>\n<p>Handw\u00e4sche wird empfohlen.[\/vc_column_text][\/vc_column][vc_column width=&#8221;1\/3&#8243;][\/vc_column][\/vc_row]<\/p>\n<\/div>","protected":false},"excerpt":{"rendered":"<p>F\u00fcr ein visuelles wie auch geschmackliches Vergn\u00fcgen k\u00f6nnen Sie Ihren Kaffee mit diesem Set aus t\u00fcrkischen Kaffeetassen servieren.<\/p>\n","protected":false},"featured_media":14626,"comment_status":"closed","ping_status":"closed","template":"","meta":[],"product_brand":[],"product_cat":[181,180],"product_tag":[],"class_list":{"0":"post-14625","1":"product","2":"type-product","3":"status-publish","4":"has-post-thumbnail","6":"product_cat-turkische-kaffeetassen","7":"product_cat-turkischer-kaffee","8":"product_shipping_class-packlink-de","9":"tm-no-options-pxq","11":"first","12":"outofstock","13":"sale","14":"taxable","15":"shipping-taxable","16":"purchasable","17":"product-type-simple"},"_links":{"self":[{"href":"https:\/\/deliceland.com\/de\/wp-json\/wp\/v2\/product\/14625","targetHints":{"allow":["GET"]}}],"collection":[{"href":"https:\/\/deliceland.com\/de\/wp-json\/wp\/v2\/product"}],"about":[{"href":"https:\/\/deliceland.com\/de\/wp-json\/wp\/v2\/types\/product"}],"replies":[{"embeddable":true,"href":"https:\/\/deliceland.com\/de\/wp-json\/wp\/v2\/comments?post=14625"}],"wp:featuredmedia":[{"embeddable":true,"href":"https:\/\/deliceland.com\/de\/wp-json\/wp\/v2\/media\/14626"}],"wp:attachment":[{"href":"https:\/\/deliceland.com\/de\/wp-json\/wp\/v2\/media?parent=14625"}],"wp:term":[{"taxonomy":"product_brand","embeddable":true,"href":"https:\/\/deliceland.com\/de\/wp-json\/wp\/v2\/product_brand?post=14625"},{"taxonomy":"product_cat","embeddable":true,"href":"https:\/\/deliceland.com\/de\/wp-json\/wp\/v2\/product_cat?post=14625"},{"taxonomy":"product_tag","embeddable":true,"href":"https:\/\/deliceland.com\/de\/wp-json\/wp\/v2\/product_tag?post=14625"}],"curies":[{"name":"wp","href":"https:\/\/api.w.org\/{rel}","templated":true}]}}