{"id":14591,"date":"2022-06-10T15:47:00","date_gmt":"2022-06-10T15:47:00","guid":{"rendered":"https:\/\/deliceland.com\/produit\/karaca-art-deco-set-bestehend-aus-2-kaffeetassen-creme\/"},"modified":"2023-09-14T12:59:19","modified_gmt":"2023-09-14T12:59:19","slug":"karaca-art-deco-set-de-2-tassen-a-cafe-creme","status":"publish","type":"product","link":"https:\/\/deliceland.com\/de\/karaca-art-deco-set-de-2-tassen-a-cafe-creme\/","title":{"rendered":"KARACA ART DECO Set bestehend aus 2 Kaffeetassen Creme"},"content":{"rendered":"<div class=\"wpb-content-wrapper\"><p>[vc_row][vc_column width=&#8221;2\/3&#8243;][vc_column_text woodmart_inline=&#8221;no&#8221; text_larger=&#8221;no&#8221;]<\/p>\n<h2>Kaffeetassenset 2 Personen<\/h2>\n<h3>Inhalt :<\/h3>\n<ul>\n<li>2 Kaffeetassen 90 ml<\/li>\n<li>2 Untertassen<\/li>\n<\/ul>\n<h3>Material :<\/h3>\n<ul>\n<li>Porzellan<\/li>\n<\/ul>\n<p>Handw\u00e4sche wird empfohlen .<\/p>\n<p>[\/vc_column_text][\/vc_column][vc_column width=&#8221;1\/3&#8243;][\/vc_column][\/vc_row]<\/p>\n<\/div>","protected":false},"excerpt":{"rendered":"<p>F\u00fcr ein visuelles wie auch geschmackliches Vergn\u00fcgen k\u00f6nnen Sie Ihren Kaffee mit diesem Set aus t\u00fcrkischen Kaffeetassen servieren.<\/p>\n","protected":false},"featured_media":14592,"comment_status":"closed","ping_status":"closed","template":"","meta":[],"product_brand":[],"product_cat":[181,180],"product_tag":[],"class_list":{"0":"post-14591","1":"product","2":"type-product","3":"status-publish","4":"has-post-thumbnail","6":"product_cat-turkische-kaffeetassen","7":"product_cat-turkischer-kaffee","8":"product_shipping_class-packlink-de","9":"tm-no-options-pxq","11":"first","12":"outofstock","13":"sale","14":"taxable","15":"shipping-taxable","16":"purchasable","17":"product-type-simple"},"_links":{"self":[{"href":"https:\/\/deliceland.com\/de\/wp-json\/wp\/v2\/product\/14591","targetHints":{"allow":["GET"]}}],"collection":[{"href":"https:\/\/deliceland.com\/de\/wp-json\/wp\/v2\/product"}],"about":[{"href":"https:\/\/deliceland.com\/de\/wp-json\/wp\/v2\/types\/product"}],"replies":[{"embeddable":true,"href":"https:\/\/deliceland.com\/de\/wp-json\/wp\/v2\/comments?post=14591"}],"wp:featuredmedia":[{"embeddable":true,"href":"https:\/\/deliceland.com\/de\/wp-json\/wp\/v2\/media\/14592"}],"wp:attachment":[{"href":"https:\/\/deliceland.com\/de\/wp-json\/wp\/v2\/media?parent=14591"}],"wp:term":[{"taxonomy":"product_brand","embeddable":true,"href":"https:\/\/deliceland.com\/de\/wp-json\/wp\/v2\/product_brand?post=14591"},{"taxonomy":"product_cat","embeddable":true,"href":"https:\/\/deliceland.com\/de\/wp-json\/wp\/v2\/product_cat?post=14591"},{"taxonomy":"product_tag","embeddable":true,"href":"https:\/\/deliceland.com\/de\/wp-json\/wp\/v2\/product_tag?post=14591"}],"curies":[{"name":"wp","href":"https:\/\/api.w.org\/{rel}","templated":true}]}}