{"id":14522,"date":"2022-06-10T16:26:17","date_gmt":"2022-06-10T16:26:17","guid":{"rendered":"https:\/\/deliceland.com\/produit\/karaca-antik-tuerkische-kaffeekanne-aus-kupfer\/"},"modified":"2023-09-14T12:59:36","modified_gmt":"2023-09-14T12:59:36","slug":"karaca-antik-cafetiere-turque-en-cuivre","status":"publish","type":"product","link":"https:\/\/deliceland.com\/de\/karaca-antik-cafetiere-turque-en-cuivre\/","title":{"rendered":"KARACA ANTIK T\u00fcrkische Kaffeekanne aus Kupfer"},"content":{"rendered":"<div class=\"wpb-content-wrapper\"><p>[vc_row][vc_column width=&#8221;2\/3&#8243;][vc_column_text woodmart_inline=&#8221;no&#8221; text_larger=&#8221;no&#8221;]<strong>Werden Kupferprodukte dunkler?<\/strong><br \/>\nJa, es ist normal, dass Kupfer bei Luftkontakt oder nach dem Waschen dunkler wird, aber das hat keine negativen Auswirkungen auf die Gesundheit.<\/p>\n<p><strong>Wie pflegt man Kupferprodukte zu Hause?<\/strong><br \/>\nWenn Ihre Kupferprodukte schwarz werden, k\u00f6nnen Sie die Au\u00dfenseite Ihres Kupfergeschirrs polieren, indem Sie sie mit speziellen Kupferprodukten wie z. B. einer Polierpaste einreiben. Entweder auf traditionelle Weise: durch Einreiben mit gesalzenem Tomatenmark, oder mit Zitrone oder sogar Asche.<\/p>\n<p>Vom Waschen in der Sp\u00fclmaschine wird strengstens abgeraten.[\/vc_column_text][\/vc_column][vc_column width=&#8221;1\/3&#8243;][\/vc_column][\/vc_row]<\/p>\n<\/div>","protected":false},"excerpt":{"rendered":"<p>Karaca Antik ist eine besondere Serie von handgefertigten K\u00fcchenelementen aus Kupfer. Dank des Rohstoffs Kupfer verf\u00fcgen alle Produkte der Serie \u00fcber eine hervorragende W\u00e4rmeableitung.<\/p>\n","protected":false},"featured_media":14523,"comment_status":"closed","ping_status":"closed","template":"","meta":[],"product_brand":[],"product_cat":[181,180],"product_tag":[],"class_list":{"0":"post-14522","1":"product","2":"type-product","3":"status-publish","4":"has-post-thumbnail","6":"product_cat-turkische-kaffeetassen","7":"product_cat-turkischer-kaffee","8":"product_shipping_class-packlink-de","9":"pa_brand-karaca","10":"tm-no-options-pxq","12":"first","13":"outofstock","14":"sale","15":"taxable","16":"shipping-taxable","17":"purchasable","18":"product-type-simple"},"_links":{"self":[{"href":"https:\/\/deliceland.com\/de\/wp-json\/wp\/v2\/product\/14522","targetHints":{"allow":["GET"]}}],"collection":[{"href":"https:\/\/deliceland.com\/de\/wp-json\/wp\/v2\/product"}],"about":[{"href":"https:\/\/deliceland.com\/de\/wp-json\/wp\/v2\/types\/product"}],"replies":[{"embeddable":true,"href":"https:\/\/deliceland.com\/de\/wp-json\/wp\/v2\/comments?post=14522"}],"wp:featuredmedia":[{"embeddable":true,"href":"https:\/\/deliceland.com\/de\/wp-json\/wp\/v2\/media\/14523"}],"wp:attachment":[{"href":"https:\/\/deliceland.com\/de\/wp-json\/wp\/v2\/media?parent=14522"}],"wp:term":[{"taxonomy":"product_brand","embeddable":true,"href":"https:\/\/deliceland.com\/de\/wp-json\/wp\/v2\/product_brand?post=14522"},{"taxonomy":"product_cat","embeddable":true,"href":"https:\/\/deliceland.com\/de\/wp-json\/wp\/v2\/product_cat?post=14522"},{"taxonomy":"product_tag","embeddable":true,"href":"https:\/\/deliceland.com\/de\/wp-json\/wp\/v2\/product_tag?post=14522"}],"curies":[{"name":"wp","href":"https:\/\/api.w.org\/{rel}","templated":true}]}}